{"id":128,"date":"2021-07-28T15:09:21","date_gmt":"2021-07-28T13:09:21","guid":{"rendered":"https:\/\/claudinevedere.com\/?page_id=128"},"modified":"2026-01-20T19:59:47","modified_gmt":"2026-01-20T18:59:47","slug":"massages-de-relaxation","status":"publish","type":"page","link":"https:\/\/claudinevedere.com\/index.php\/massages-de-relaxation\/","title":{"rendered":"Massages de relaxation"},"content":{"rendered":"\t\t<div data-elementor-type=\"wp-page\" data-elementor-id=\"128\" class=\"elementor elementor-128\">\n\t\t\t\t\t\t<section class=\"elementor-section elementor-top-section elementor-element elementor-element-de3f843 elementor-section-boxed elementor-section-height-default elementor-section-height-default\" data-id=\"de3f843\" data-element_type=\"section\" data-e-type=\"section\">\n\t\t\t\t\t\t<div class=\"elementor-container elementor-column-gap-default\">\n\t\t\t\t\t<div class=\"elementor-column elementor-col-100 elementor-top-column elementor-element elementor-element-2e1c8c9\" data-id=\"2e1c8c9\" data-element_type=\"column\" data-e-type=\"column\">\n\t\t\t<div class=\"elementor-widget-wrap elementor-element-populated\">\n\t\t\t\t\t\t<div class=\"elementor-element elementor-element-558cdf9 elementor-widget elementor-widget-image\" data-id=\"558cdf9\" data-element_type=\"widget\" data-e-type=\"widget\" data-widget_type=\"image.default\">\n\t\t\t\t<div class=\"elementor-widget-container\">\n\t\t\t\t\t\t\t\t\t\t\t\t\t\t\t<img fetchpriority=\"high\" decoding=\"async\" width=\"2000\" height=\"275\" src=\"https:\/\/claudinevedere.com\/wp-content\/uploads\/2021\/10\/MASSAGE-DE-RELAXATION-182-x-25-mm-1.png\" class=\"attachment-full size-full wp-image-2053\" alt=\"\" srcset=\"https:\/\/claudinevedere.com\/wp-content\/uploads\/2021\/10\/MASSAGE-DE-RELAXATION-182-x-25-mm-1.png 2000w, https:\/\/claudinevedere.com\/wp-content\/uploads\/2021\/10\/MASSAGE-DE-RELAXATION-182-x-25-mm-1-300x41.png 300w, https:\/\/claudinevedere.com\/wp-content\/uploads\/2021\/10\/MASSAGE-DE-RELAXATION-182-x-25-mm-1-1024x141.png 1024w, https:\/\/claudinevedere.com\/wp-content\/uploads\/2021\/10\/MASSAGE-DE-RELAXATION-182-x-25-mm-1-768x106.png 768w, https:\/\/claudinevedere.com\/wp-content\/uploads\/2021\/10\/MASSAGE-DE-RELAXATION-182-x-25-mm-1-1536x211.png 1536w, https:\/\/claudinevedere.com\/wp-content\/uploads\/2021\/10\/MASSAGE-DE-RELAXATION-182-x-25-mm-1-600x83.png 600w\" sizes=\"(max-width: 2000px) 100vw, 2000px\" \/>\t\t\t\t\t\t\t\t\t\t\t\t\t\t\t<\/div>\n\t\t\t\t<\/div>\n\t\t\t\t\t<\/div>\n\t\t<\/div>\n\t\t\t\t\t<\/div>\n\t\t<\/section>\n\t\t\t\t<section class=\"elementor-section elementor-top-section elementor-element elementor-element-4e0daf4 elementor-section-boxed elementor-section-height-default elementor-section-height-default\" data-id=\"4e0daf4\" data-element_type=\"section\" data-e-type=\"section\">\n\t\t\t\t\t\t<div class=\"elementor-container elementor-column-gap-default\">\n\t\t\t\t\t<div class=\"elementor-column elementor-col-100 elementor-top-column elementor-element elementor-element-7b5c75b\" data-id=\"7b5c75b\" data-element_type=\"column\" data-e-type=\"column\">\n\t\t\t<div class=\"elementor-widget-wrap elementor-element-populated\">\n\t\t\t\t\t\t<div class=\"elementor-element elementor-element-bc55aec elementor-widget elementor-widget-text-editor\" data-id=\"bc55aec\" data-element_type=\"widget\" data-e-type=\"widget\" data-widget_type=\"text-editor.default\">\n\t\t\t\t<div class=\"elementor-widget-container\">\n\t\t\t\t\t\t\t\t\t<p><span style=\"color: #000000;\">Je vous propose un massage personnalis\u00e9 dans un environnement calme, avec une musique douce. Profitez de ce moment pour \u00ab\u00a0d\u00e9poser\u00a0\u00bb votre mental. Le massage est destin\u00e9 au bien-\u00eatre et au confort de la personne qui les re\u00e7oit. Je m&rsquo;engage \u00e0 le r\u00e9aliser dans ce sens.<\/span><\/p>\t\t\t\t\t\t\t\t<\/div>\n\t\t\t\t<\/div>\n\t\t\t\t\t<\/div>\n\t\t<\/div>\n\t\t\t\t\t<\/div>\n\t\t<\/section>\n\t\t\t\t<section class=\"elementor-section elementor-top-section elementor-element elementor-element-7515200 elementor-section-boxed elementor-section-height-default elementor-section-height-default\" data-id=\"7515200\" data-element_type=\"section\" data-e-type=\"section\">\n\t\t\t\t\t\t<div class=\"elementor-container elementor-column-gap-default\">\n\t\t\t\t\t<div class=\"elementor-column elementor-col-33 elementor-top-column elementor-element elementor-element-238add3\" data-id=\"238add3\" data-element_type=\"column\" data-e-type=\"column\">\n\t\t\t<div class=\"elementor-widget-wrap elementor-element-populated\">\n\t\t\t\t\t\t<div class=\"elementor-element elementor-element-25a0722 elementor-widget elementor-widget-image\" data-id=\"25a0722\" data-element_type=\"widget\" data-e-type=\"widget\" data-widget_type=\"image.default\">\n\t\t\t\t<div class=\"elementor-widget-container\">\n\t\t\t\t\t\t\t\t\t\t\t\t\t\t\t\t<a href=\"https:\/\/claudinevedere.com\/index.php\/le-massage-de-bien-etre\/\" target=\"_blank\">\n\t\t\t\t\t\t\t<img decoding=\"async\" width=\"300\" height=\"300\" src=\"https:\/\/claudinevedere.com\/wp-content\/uploads\/2021\/11\/13-300x300.png\" class=\"attachment-medium size-medium wp-image-2547\" alt=\"\" srcset=\"https:\/\/claudinevedere.com\/wp-content\/uploads\/2021\/11\/13-300x300.png 300w, https:\/\/claudinevedere.com\/wp-content\/uploads\/2021\/11\/13-1024x1024.png 1024w, https:\/\/claudinevedere.com\/wp-content\/uploads\/2021\/11\/13-150x150.png 150w, https:\/\/claudinevedere.com\/wp-content\/uploads\/2021\/11\/13-768x768.png 768w, https:\/\/claudinevedere.com\/wp-content\/uploads\/2021\/11\/13-230x230.png 230w, https:\/\/claudinevedere.com\/wp-content\/uploads\/2021\/11\/13-365x365.png 365w, https:\/\/claudinevedere.com\/wp-content\/uploads\/2021\/11\/13-600x600.png 600w, https:\/\/claudinevedere.com\/wp-content\/uploads\/2021\/11\/13-100x100.png 100w, https:\/\/claudinevedere.com\/wp-content\/uploads\/2021\/11\/13.png 1080w\" sizes=\"(max-width: 300px) 100vw, 300px\" \/>\t\t\t\t\t\t\t\t<\/a>\n\t\t\t\t\t\t\t\t\t\t\t\t\t\t\t<\/div>\n\t\t\t\t<\/div>\n\t\t\t\t<div class=\"elementor-element elementor-element-3087cf5 elementor-align-left elementor-widget elementor-widget-button\" data-id=\"3087cf5\" data-element_type=\"widget\" data-e-type=\"widget\" data-widget_type=\"button.default\">\n\t\t\t\t<div class=\"elementor-widget-container\">\n\t\t\t\t\t\t\t\t\t<div class=\"elementor-button-wrapper\">\n\t\t\t\t\t<a class=\"elementor-button elementor-button-link elementor-size-sm\" href=\"https:\/\/claudinevedere.com\/index.php\/le-massage-de-bien-etre\/\" target=\"_blank\" id=\"https:\/\/claudinevedere.com\/index.php\/le-massage-de-bien-etre\/\">\n\t\t\t\t\t\t<span class=\"elementor-button-content-wrapper\">\n\t\t\t\t\t\t\t\t\t<span class=\"elementor-button-text\">Infusez le bien-\u00eatre<\/span>\n\t\t\t\t\t<\/span>\n\t\t\t\t\t<\/a>\n\t\t\t\t<\/div>\n\t\t\t\t\t\t\t\t<\/div>\n\t\t\t\t<\/div>\n\t\t\t\t<div class=\"elementor-element elementor-element-f447218 elementor-widget elementor-widget-text-editor\" data-id=\"f447218\" data-element_type=\"widget\" data-e-type=\"widget\" data-widget_type=\"text-editor.default\">\n\t\t\t\t<div class=\"elementor-widget-container\">\n\t\t\t\t\t\t\t\t\t<p><span style=\"color: #000000;\">Je vous propose <span style=\"color: #7baad6;\"><strong>un massage enti\u00e8rement personnalis\u00e9 et adapt\u00e9 \u00e0 vos besoins. <\/strong><span style=\"color: #000000;\">Dans une atmosph\u00e8re paisible, berc\u00e9e par une musique douce, offrez-vous un moment<\/span><strong> pour rel\u00e2cher le corps et apaiser l&rsquo;esprit. <\/strong><\/span><\/span><span style=\"color: #000000;\">\u00a0<\/span><\/p>\t\t\t\t\t\t\t\t<\/div>\n\t\t\t\t<\/div>\n\t\t\t\t\t<\/div>\n\t\t<\/div>\n\t\t\t\t<div class=\"elementor-column elementor-col-33 elementor-top-column elementor-element elementor-element-212a7b6\" data-id=\"212a7b6\" data-element_type=\"column\" data-e-type=\"column\">\n\t\t\t<div class=\"elementor-widget-wrap elementor-element-populated\">\n\t\t\t\t\t\t<div class=\"elementor-element elementor-element-6ecdc14 elementor-widget elementor-widget-image\" data-id=\"6ecdc14\" data-element_type=\"widget\" data-e-type=\"widget\" data-widget_type=\"image.default\">\n\t\t\t\t<div class=\"elementor-widget-container\">\n\t\t\t\t\t\t\t\t\t\t\t\t\t\t\t\t<a href=\"https:\/\/claudinevedere.com\/index.php\/massage-des-pieds\/\" target=\"_blank\">\n\t\t\t\t\t\t\t<img decoding=\"async\" width=\"300\" height=\"300\" src=\"https:\/\/claudinevedere.com\/wp-content\/uploads\/2021\/11\/16-300x300.png\" class=\"attachment-medium size-medium wp-image-2550\" alt=\"\" srcset=\"https:\/\/claudinevedere.com\/wp-content\/uploads\/2021\/11\/16-300x300.png 300w, https:\/\/claudinevedere.com\/wp-content\/uploads\/2021\/11\/16-1024x1024.png 1024w, https:\/\/claudinevedere.com\/wp-content\/uploads\/2021\/11\/16-150x150.png 150w, https:\/\/claudinevedere.com\/wp-content\/uploads\/2021\/11\/16-768x768.png 768w, https:\/\/claudinevedere.com\/wp-content\/uploads\/2021\/11\/16-230x230.png 230w, https:\/\/claudinevedere.com\/wp-content\/uploads\/2021\/11\/16-365x365.png 365w, https:\/\/claudinevedere.com\/wp-content\/uploads\/2021\/11\/16-600x600.png 600w, https:\/\/claudinevedere.com\/wp-content\/uploads\/2021\/11\/16-100x100.png 100w, https:\/\/claudinevedere.com\/wp-content\/uploads\/2021\/11\/16.png 1080w\" sizes=\"(max-width: 300px) 100vw, 300px\" \/>\t\t\t\t\t\t\t\t<\/a>\n\t\t\t\t\t\t\t\t\t\t\t\t\t\t\t<\/div>\n\t\t\t\t<\/div>\n\t\t\t\t<div class=\"elementor-element elementor-element-3fdeadc elementor-align-left elementor-widget elementor-widget-button\" data-id=\"3fdeadc\" data-element_type=\"widget\" data-e-type=\"widget\" data-widget_type=\"button.default\">\n\t\t\t\t<div class=\"elementor-widget-container\">\n\t\t\t\t\t\t\t\t\t<div class=\"elementor-button-wrapper\">\n\t\t\t\t\t<a class=\"elementor-button elementor-button-link elementor-size-sm\" href=\"https:\/\/claudinevedere.com\/index.php\/massage-des-pieds\/\" target=\"_blank\">\n\t\t\t\t\t\t<span class=\"elementor-button-content-wrapper\">\n\t\t\t\t\t\t\t\t\t<span class=\"elementor-button-text\">C'est le pied !<\/span>\n\t\t\t\t\t<\/span>\n\t\t\t\t\t<\/a>\n\t\t\t\t<\/div>\n\t\t\t\t\t\t\t\t<\/div>\n\t\t\t\t<\/div>\n\t\t\t\t<div class=\"elementor-element elementor-element-c2f3892 elementor-widget elementor-widget-text-editor\" data-id=\"c2f3892\" data-element_type=\"widget\" data-e-type=\"widget\" data-widget_type=\"text-editor.default\">\n\t\t\t\t<div class=\"elementor-widget-container\">\n\t\t\t\t\t\t\t\t\t<p><span style=\"color: #000000;\">Construite dans une vis\u00e9e apaisante, la relaxation des pieds procure <strong><span style=\"color: #7baad6;\">le plaisir de la d\u00e9tente<\/span><\/strong> mais pas que&#8230; C&rsquo;est aussi avoir les pieds sur terre&#8230; le <strong><span style=\"color: #7baad6;\">pouvoir de l&rsquo;ancrage.<\/span><\/strong><\/span><\/p>\t\t\t\t\t\t\t\t<\/div>\n\t\t\t\t<\/div>\n\t\t\t\t\t<\/div>\n\t\t<\/div>\n\t\t\t\t<div class=\"elementor-column elementor-col-33 elementor-top-column elementor-element elementor-element-52b354a\" data-id=\"52b354a\" data-element_type=\"column\" data-e-type=\"column\">\n\t\t\t<div class=\"elementor-widget-wrap elementor-element-populated\">\n\t\t\t\t\t\t<div class=\"elementor-element elementor-element-bc63db5 elementor-widget elementor-widget-image\" data-id=\"bc63db5\" data-element_type=\"widget\" data-e-type=\"widget\" data-widget_type=\"image.default\">\n\t\t\t\t<div class=\"elementor-widget-container\">\n\t\t\t\t\t\t\t\t\t\t\t\t\t\t\t\t<a href=\"https:\/\/claudinevedere.com\/index.php\/massophro\/\" target=\"_blank\">\n\t\t\t\t\t\t\t<img loading=\"lazy\" decoding=\"async\" width=\"300\" height=\"300\" src=\"https:\/\/claudinevedere.com\/wp-content\/uploads\/2021\/11\/19-300x300.png\" class=\"attachment-medium size-medium wp-image-2553\" alt=\"\" srcset=\"https:\/\/claudinevedere.com\/wp-content\/uploads\/2021\/11\/19-300x300.png 300w, https:\/\/claudinevedere.com\/wp-content\/uploads\/2021\/11\/19-1024x1024.png 1024w, https:\/\/claudinevedere.com\/wp-content\/uploads\/2021\/11\/19-150x150.png 150w, https:\/\/claudinevedere.com\/wp-content\/uploads\/2021\/11\/19-768x768.png 768w, https:\/\/claudinevedere.com\/wp-content\/uploads\/2021\/11\/19-230x230.png 230w, https:\/\/claudinevedere.com\/wp-content\/uploads\/2021\/11\/19-365x365.png 365w, https:\/\/claudinevedere.com\/wp-content\/uploads\/2021\/11\/19-600x600.png 600w, https:\/\/claudinevedere.com\/wp-content\/uploads\/2021\/11\/19-100x100.png 100w, https:\/\/claudinevedere.com\/wp-content\/uploads\/2021\/11\/19.png 1080w\" sizes=\"(max-width: 300px) 100vw, 300px\" \/>\t\t\t\t\t\t\t\t<\/a>\n\t\t\t\t\t\t\t\t\t\t\t\t\t\t\t<\/div>\n\t\t\t\t<\/div>\n\t\t\t\t<div class=\"elementor-element elementor-element-f19ea7a elementor-align-left elementor-widget elementor-widget-button\" data-id=\"f19ea7a\" data-element_type=\"widget\" data-e-type=\"widget\" data-widget_type=\"button.default\">\n\t\t\t\t<div class=\"elementor-widget-container\">\n\t\t\t\t\t\t\t\t\t<div class=\"elementor-button-wrapper\">\n\t\t\t\t\t<a class=\"elementor-button elementor-button-link elementor-size-sm\" href=\"https:\/\/claudinevedere.com\/index.php\/massophro\/\">\n\t\t\t\t\t\t<span class=\"elementor-button-content-wrapper\">\n\t\t\t\t\t\t\t\t\t<span class=\"elementor-button-text\">Le duo de choc <\/span>\n\t\t\t\t\t<\/span>\n\t\t\t\t\t<\/a>\n\t\t\t\t<\/div>\n\t\t\t\t\t\t\t\t<\/div>\n\t\t\t\t<\/div>\n\t\t\t\t<div class=\"elementor-element elementor-element-e038efa elementor-widget elementor-widget-text-editor\" data-id=\"e038efa\" data-element_type=\"widget\" data-e-type=\"widget\" data-widget_type=\"text-editor.default\">\n\t\t\t\t<div class=\"elementor-widget-container\">\n\t\t\t\t\t\t\t\t\t<p><span style=\"color: #000000;\"><strong><span style=\"color: #7baad6;\">L&rsquo;alliance du massage de bien-\u00eatre avec la sophrologie<\/span><\/strong> dans une m\u00eame s\u00e9ance. <\/span><span style=\"color: #000000;\">Il offre une <strong><span style=\"color: #7baad6;\">relaxation profonde<\/span><\/strong> par la <strong><span style=\"color: #7baad6;\">sophrologie<\/span> <\/strong>associ\u00e9e aux vertus apaisantes ou \u00e9nergisantes du <strong><span style=\"color: #7baad6;\">massage.<\/span><\/strong><br \/><\/span><\/p>\t\t\t\t\t\t\t\t<\/div>\n\t\t\t\t<\/div>\n\t\t\t\t\t<\/div>\n\t\t<\/div>\n\t\t\t\t\t<\/div>\n\t\t<\/section>\n\t\t\t\t<section class=\"elementor-section elementor-top-section elementor-element elementor-element-0e629b1 elementor-section-boxed elementor-section-height-default elementor-section-height-default\" data-id=\"0e629b1\" data-element_type=\"section\" data-e-type=\"section\">\n\t\t\t\t\t\t<div class=\"elementor-container elementor-column-gap-default\">\n\t\t\t\t\t<div class=\"elementor-column elementor-col-100 elementor-top-column elementor-element elementor-element-f6d08ce\" data-id=\"f6d08ce\" data-element_type=\"column\" data-e-type=\"column\">\n\t\t\t<div class=\"elementor-widget-wrap elementor-element-populated\">\n\t\t\t\t\t\t<div class=\"elementor-element elementor-element-ac4fa6e elementor-widget elementor-widget-text-editor\" data-id=\"ac4fa6e\" data-element_type=\"widget\" data-e-type=\"widget\" data-widget_type=\"text-editor.default\">\n\t\t\t\t<div class=\"elementor-widget-container\">\n\t\t\t\t\t\t\t\t\t<p><span style=\"color: #000000;\"><em>J&rsquo;attire votre attention sur le fait que <strong><span style=\"color: #ff0000;\">certaines s\u00e9ances peuvent entrainer,<\/span><\/strong> selon les personnes, <strong><span style=\"color: #ff0000;\">un \u00e9tat de somnolence.<\/span> <\/strong>Je vous demande d\u2019\u00eatre vigilant(e).<\/em><\/span><\/p>\t\t\t\t\t\t\t\t<\/div>\n\t\t\t\t<\/div>\n\t\t\t\t\t<\/div>\n\t\t<\/div>\n\t\t\t\t\t<\/div>\n\t\t<\/section>\n\t\t\t\t<section class=\"elementor-section elementor-top-section elementor-element elementor-element-7cf64fc elementor-section-boxed elementor-section-height-default elementor-section-height-default\" data-id=\"7cf64fc\" data-element_type=\"section\" data-e-type=\"section\">\n\t\t\t\t\t\t<div class=\"elementor-container elementor-column-gap-default\">\n\t\t\t\t\t<div class=\"elementor-column elementor-col-33 elementor-top-column elementor-element elementor-element-e858382\" data-id=\"e858382\" data-element_type=\"column\" data-e-type=\"column\">\n\t\t\t<div class=\"elementor-widget-wrap elementor-element-populated\">\n\t\t\t\t\t\t<div class=\"elementor-element elementor-element-ce610d5 elementor-widget__width-initial elementor-widget elementor-widget-image\" data-id=\"ce610d5\" data-element_type=\"widget\" data-e-type=\"widget\" data-widget_type=\"image.default\">\n\t\t\t\t<div class=\"elementor-widget-container\">\n\t\t\t\t\t\t\t\t\t\t\t\t\t\t\t<img loading=\"lazy\" decoding=\"async\" width=\"1080\" height=\"1080\" src=\"https:\/\/claudinevedere.com\/wp-content\/uploads\/2021\/11\/VIGILANCE-SUR-LES-MASSAGES-DE-RELAXATION-1.png\" class=\"attachment-full size-full wp-image-2885\" alt=\"\" srcset=\"https:\/\/claudinevedere.com\/wp-content\/uploads\/2021\/11\/VIGILANCE-SUR-LES-MASSAGES-DE-RELAXATION-1.png 1080w, https:\/\/claudinevedere.com\/wp-content\/uploads\/2021\/11\/VIGILANCE-SUR-LES-MASSAGES-DE-RELAXATION-1-300x300.png 300w, https:\/\/claudinevedere.com\/wp-content\/uploads\/2021\/11\/VIGILANCE-SUR-LES-MASSAGES-DE-RELAXATION-1-1024x1024.png 1024w, https:\/\/claudinevedere.com\/wp-content\/uploads\/2021\/11\/VIGILANCE-SUR-LES-MASSAGES-DE-RELAXATION-1-150x150.png 150w, https:\/\/claudinevedere.com\/wp-content\/uploads\/2021\/11\/VIGILANCE-SUR-LES-MASSAGES-DE-RELAXATION-1-768x768.png 768w, https:\/\/claudinevedere.com\/wp-content\/uploads\/2021\/11\/VIGILANCE-SUR-LES-MASSAGES-DE-RELAXATION-1-230x230.png 230w, https:\/\/claudinevedere.com\/wp-content\/uploads\/2021\/11\/VIGILANCE-SUR-LES-MASSAGES-DE-RELAXATION-1-365x365.png 365w, https:\/\/claudinevedere.com\/wp-content\/uploads\/2021\/11\/VIGILANCE-SUR-LES-MASSAGES-DE-RELAXATION-1-600x600.png 600w, https:\/\/claudinevedere.com\/wp-content\/uploads\/2021\/11\/VIGILANCE-SUR-LES-MASSAGES-DE-RELAXATION-1-100x100.png 100w\" sizes=\"(max-width: 1080px) 100vw, 1080px\" \/>\t\t\t\t\t\t\t\t\t\t\t\t\t\t\t<\/div>\n\t\t\t\t<\/div>\n\t\t\t\t\t<\/div>\n\t\t<\/div>\n\t\t\t\t<div class=\"elementor-column elementor-col-33 elementor-top-column elementor-element elementor-element-b193212\" data-id=\"b193212\" data-element_type=\"column\" data-e-type=\"column\">\n\t\t\t<div class=\"elementor-widget-wrap elementor-element-populated\">\n\t\t\t\t\t\t<div class=\"elementor-element elementor-element-3e9c58a elementor-widget__width-initial elementor-widget elementor-widget-text-editor\" data-id=\"3e9c58a\" data-element_type=\"widget\" data-e-type=\"widget\" data-widget_type=\"text-editor.default\">\n\t\t\t\t<div class=\"elementor-widget-container\">\n\t\t\t\t\t\t\t\t\t<p>\u00a0<span style=\"color: #ff0000;\"><strong><em>Il n\u2019a aucune vis\u00e9e th\u00e9rapeutique, ni m\u00e9dicale, ni sensuelle, ni sexuelle. <\/em><\/strong><span style=\"color: #000000;\"><em>Il ne se substitue \u00e0 aucune pratique m\u00e9dicale, diagnostic ou traitement de pathologies.<\/em><\/span><strong><em> De plus, je me donne le droit d\u2019interrompre une s\u00e9ance, sans remboursement, pour tout client ou cliente dont le comportement s&rsquo;av\u00e8rerait irrespectueux. Je ne cautionne aucune d\u00e9rive.<\/em><\/strong><\/span><\/p>\t\t\t\t\t\t\t\t<\/div>\n\t\t\t\t<\/div>\n\t\t\t\t\t<\/div>\n\t\t<\/div>\n\t\t\t\t<div class=\"elementor-column elementor-col-33 elementor-top-column elementor-element elementor-element-10662f2\" data-id=\"10662f2\" data-element_type=\"column\" data-e-type=\"column\">\n\t\t\t<div class=\"elementor-widget-wrap elementor-element-populated\">\n\t\t\t\t\t\t<div class=\"elementor-element elementor-element-d0a5fbc elementor-widget__width-initial elementor-widget elementor-widget-text-editor\" data-id=\"d0a5fbc\" data-element_type=\"widget\" data-e-type=\"widget\" data-widget_type=\"text-editor.default\">\n\t\t\t\t<div class=\"elementor-widget-container\">\n\t\t\t\t\t\t\t\t\t<p>\u00a0<em><span style=\"color: #000000;\">Si vous en ressentez le besoin, avant de prendre votre voiture ou les transports en commun, vous avez la possibilit\u00e9, juste apr\u00e8s la s\u00e9ance, de prendre un moment de r\u00e9cup\u00e9ration, le temps de retrouver votre tonus musculaire et votre vigilance. Je d\u00e9cline toutes responsabilit\u00e9s en cas d\u2019accidents survenus apr\u00e8s la s\u00e9ance.<\/span><\/em><\/p>\t\t\t\t\t\t\t\t<\/div>\n\t\t\t\t<\/div>\n\t\t\t\t\t<\/div>\n\t\t<\/div>\n\t\t\t\t\t<\/div>\n\t\t<\/section>\n\t\t\t\t<section class=\"elementor-section elementor-top-section elementor-element elementor-element-fbf222e elementor-section-boxed elementor-section-height-default elementor-section-height-default\" data-id=\"fbf222e\" data-element_type=\"section\" data-e-type=\"section\">\n\t\t\t\t\t\t<div class=\"elementor-container elementor-column-gap-default\">\n\t\t\t\t\t<div class=\"elementor-column elementor-col-100 elementor-top-column elementor-element elementor-element-33683c8\" data-id=\"33683c8\" data-element_type=\"column\" data-e-type=\"column\">\n\t\t\t<div class=\"elementor-widget-wrap elementor-element-populated\">\n\t\t\t\t\t\t<div class=\"elementor-element elementor-element-8e693fb elementor-widget elementor-widget-text-editor\" data-id=\"8e693fb\" data-element_type=\"widget\" data-e-type=\"widget\" data-widget_type=\"text-editor.default\">\n\t\t\t\t<div class=\"elementor-widget-container\">\n\t\t\t\t\t\t\t\t\t<p><span style=\"color: #000000;\">J&rsquo;utilise sur ce site internet plusieurs termes concernant le massage de bien-\u00eatre\/massage de relaxation\/technique de bien-\u00eatre\/praticienne en massages bien-\u00eatre\/massage&#8230; ce sont des termes g\u00e9n\u00e9riques pour nommer les massages de d\u00e9tente sans vis\u00e9e th\u00e9rapeutique.<\/span><\/p>\t\t\t\t\t\t\t\t<\/div>\n\t\t\t\t<\/div>\n\t\t\t\t<div class=\"elementor-element elementor-element-31ea647 elementor-align-center elementor-widget elementor-widget-button\" data-id=\"31ea647\" data-element_type=\"widget\" data-e-type=\"widget\" data-widget_type=\"button.default\">\n\t\t\t\t<div class=\"elementor-widget-container\">\n\t\t\t\t\t\t\t\t\t<div class=\"elementor-button-wrapper\">\n\t\t\t\t\t<a class=\"elementor-button elementor-button-link elementor-size-sm\" href=\"https:\/\/claudinevedere.com\/index.php\/les-contre-indications-aux-massages-de-relaxation\/\" target=\"_blank\">\n\t\t\t\t\t\t<span class=\"elementor-button-content-wrapper\">\n\t\t\t\t\t\t\t\t\t<span class=\"elementor-button-text\">Les contre-indications aux massages de relaxation<\/span>\n\t\t\t\t\t<\/span>\n\t\t\t\t\t<\/a>\n\t\t\t\t<\/div>\n\t\t\t\t\t\t\t\t<\/div>\n\t\t\t\t<\/div>\n\t\t\t\t\t<\/div>\n\t\t<\/div>\n\t\t\t\t\t<\/div>\n\t\t<\/section>\n\t\t\t\t<\/div>\n\t\t","protected":false},"excerpt":{"rendered":"<p>Je vous propose un massage personnalis\u00e9 dans un environnement calme, avec une musique douce. Profitez de ce moment pour \u00ab\u00a0d\u00e9poser\u00a0\u00bb votre mental. Le massage est destin\u00e9 au bien-\u00eatre et au confort de la personne qui les re\u00e7oit. Je m&rsquo;engage \u00e0<\/p>\n","protected":false},"author":1,"featured_media":0,"parent":0,"menu_order":0,"comment_status":"closed","ping_status":"closed","template":"","meta":{"_monsterinsights_skip_tracking":false,"_monsterinsights_sitenote_active":false,"_monsterinsights_sitenote_note":"","_monsterinsights_sitenote_category":0,"advanced_seo_description":"","jetpack_seo_html_title":"","jetpack_seo_noindex":false,"footnotes":""},"class_list":["post-128","page","type-page","status-publish","hentry"],"jetpack_sharing_enabled":true,"_links":{"self":[{"href":"https:\/\/claudinevedere.com\/index.php\/wp-json\/wp\/v2\/pages\/128","targetHints":{"allow":["GET"]}}],"collection":[{"href":"https:\/\/claudinevedere.com\/index.php\/wp-json\/wp\/v2\/pages"}],"about":[{"href":"https:\/\/claudinevedere.com\/index.php\/wp-json\/wp\/v2\/types\/page"}],"author":[{"embeddable":true,"href":"https:\/\/claudinevedere.com\/index.php\/wp-json\/wp\/v2\/users\/1"}],"replies":[{"embeddable":true,"href":"https:\/\/claudinevedere.com\/index.php\/wp-json\/wp\/v2\/comments?post=128"}],"version-history":[{"count":0,"href":"https:\/\/claudinevedere.com\/index.php\/wp-json\/wp\/v2\/pages\/128\/revisions"}],"wp:attachment":[{"href":"https:\/\/claudinevedere.com\/index.php\/wp-json\/wp\/v2\/media?parent=128"}],"curies":[{"name":"wp","href":"https:\/\/api.w.org\/{rel}","templated":true}]}}