{"id":1514,"date":"2021-10-09T19:16:27","date_gmt":"2021-10-09T17:16:27","guid":{"rendered":"https:\/\/claudinevedere.com\/?page_id=1514"},"modified":"2026-01-20T20:48:53","modified_gmt":"2026-01-20T19:48:53","slug":"soins-energetiques","status":"publish","type":"page","link":"https:\/\/claudinevedere.com\/index.php\/soins-energetiques\/","title":{"rendered":"Soins \u00e9nerg\u00e9tiques"},"content":{"rendered":"\t\t<div data-elementor-type=\"wp-page\" data-elementor-id=\"1514\" class=\"elementor elementor-1514\">\n\t\t\t\t\t\t<section class=\"elementor-section elementor-top-section elementor-element elementor-element-3891e82 elementor-section-boxed elementor-section-height-default elementor-section-height-default\" data-id=\"3891e82\" data-element_type=\"section\" data-e-type=\"section\">\n\t\t\t\t\t\t<div class=\"elementor-container elementor-column-gap-default\">\n\t\t\t\t\t<div class=\"elementor-column elementor-col-100 elementor-top-column elementor-element elementor-element-cbbf137\" data-id=\"cbbf137\" data-element_type=\"column\" data-e-type=\"column\">\n\t\t\t<div class=\"elementor-widget-wrap elementor-element-populated\">\n\t\t\t\t\t\t<div class=\"elementor-element elementor-element-e77c36f elementor-widget elementor-widget-image\" data-id=\"e77c36f\" data-element_type=\"widget\" data-e-type=\"widget\" data-widget_type=\"image.default\">\n\t\t\t\t<div class=\"elementor-widget-container\">\n\t\t\t\t\t\t\t\t\t\t\t\t\t\t\t<img fetchpriority=\"high\" decoding=\"async\" width=\"2000\" height=\"275\" src=\"https:\/\/claudinevedere.com\/wp-content\/uploads\/2021\/11\/SOINS-ENERGETIQUES.png\" class=\"attachment-full size-full wp-image-2518\" alt=\"\" srcset=\"https:\/\/claudinevedere.com\/wp-content\/uploads\/2021\/11\/SOINS-ENERGETIQUES.png 2000w, https:\/\/claudinevedere.com\/wp-content\/uploads\/2021\/11\/SOINS-ENERGETIQUES-300x41.png 300w, https:\/\/claudinevedere.com\/wp-content\/uploads\/2021\/11\/SOINS-ENERGETIQUES-1024x141.png 1024w, https:\/\/claudinevedere.com\/wp-content\/uploads\/2021\/11\/SOINS-ENERGETIQUES-768x106.png 768w, https:\/\/claudinevedere.com\/wp-content\/uploads\/2021\/11\/SOINS-ENERGETIQUES-1536x211.png 1536w, https:\/\/claudinevedere.com\/wp-content\/uploads\/2021\/11\/SOINS-ENERGETIQUES-600x83.png 600w\" sizes=\"(max-width: 2000px) 100vw, 2000px\" \/>\t\t\t\t\t\t\t\t\t\t\t\t\t\t\t<\/div>\n\t\t\t\t<\/div>\n\t\t\t\t\t<\/div>\n\t\t<\/div>\n\t\t\t\t\t<\/div>\n\t\t<\/section>\n\t\t\t\t<section class=\"elementor-section elementor-top-section elementor-element elementor-element-27c7196 elementor-section-boxed elementor-section-height-default elementor-section-height-default\" data-id=\"27c7196\" data-element_type=\"section\" data-e-type=\"section\">\n\t\t\t\t\t\t<div class=\"elementor-container elementor-column-gap-default\">\n\t\t\t\t\t<div class=\"elementor-column elementor-col-100 elementor-top-column elementor-element elementor-element-10a2d1a\" data-id=\"10a2d1a\" data-element_type=\"column\" data-e-type=\"column\">\n\t\t\t<div class=\"elementor-widget-wrap elementor-element-populated\">\n\t\t\t\t\t\t<div class=\"elementor-element elementor-element-cd55bde elementor-widget elementor-widget-text-editor\" data-id=\"cd55bde\" data-element_type=\"widget\" data-e-type=\"widget\" data-widget_type=\"text-editor.default\">\n\t\t\t\t<div class=\"elementor-widget-container\">\n\t\t\t\t\t\t\t\t\t<p><span style=\"color: #333333;\">Le soin \u00e9nerg\u00e9tique permet d&rsquo;harmoniser, d&rsquo;\u00e9quilibrer, de recharger le flux \u00e9nerg\u00e9tique du corps et de l&rsquo;esprit. L&rsquo;\u00e9nergie travaille en profondeur sur les tensions, les blocages et les d\u00e9s\u00e9quilibres qui sont \u00e0 l\u2019origine de douleurs et de troubles physiques, \u00e9motionnels et psychiques.<\/span><\/p>\t\t\t\t\t\t\t\t<\/div>\n\t\t\t\t<\/div>\n\t\t\t\t\t<\/div>\n\t\t<\/div>\n\t\t\t\t\t<\/div>\n\t\t<\/section>\n\t\t\t\t<section class=\"elementor-section elementor-top-section elementor-element elementor-element-73538f01 elementor-section-boxed elementor-section-height-default elementor-section-height-default\" data-id=\"73538f01\" data-element_type=\"section\" data-e-type=\"section\">\n\t\t\t\t\t\t<div class=\"elementor-container elementor-column-gap-default\">\n\t\t\t\t\t<div class=\"elementor-column elementor-col-50 elementor-top-column elementor-element elementor-element-2d22ad36\" data-id=\"2d22ad36\" data-element_type=\"column\" data-e-type=\"column\">\n\t\t\t<div class=\"elementor-widget-wrap elementor-element-populated\">\n\t\t\t\t\t\t<div class=\"elementor-element elementor-element-2a7aacce elementor-widget elementor-widget-text-editor\" data-id=\"2a7aacce\" data-element_type=\"widget\" data-e-type=\"widget\" data-widget_type=\"text-editor.default\">\n\t\t\t\t<div class=\"elementor-widget-container\">\n\t\t\t\t\t\t\t\t\t<p><span style=\"color: #333333;\"><span style=\"color: #000000;\">L&rsquo;\u00e9nergie r\u00e9active et redynamise votre propre force vitale dans le but d\u2019\u00e9veiller<\/span> <span style=\"color: #9e6dbd;\"><strong>un processus naturel de gu\u00e9rison.<\/strong><\/span> <span style=\"color: #000000;\">Le seul gu\u00e9risseur, c&rsquo;est vous. Je suis l\u00e0 pour vous transmettre cette nouvelle \u00e9nergie qui vous remettra sur pied. En effet, un corps avec des manques d&rsquo;\u00e9nergie ou une \u00e9nergie mal r\u00e9partie peut faire face \u00e0 \u00ab\u00a0des difficult\u00e9s\u00a0\u00bb.\u00a0<\/span><\/span><\/p>\t\t\t\t\t\t\t\t<\/div>\n\t\t\t\t<\/div>\n\t\t\t\t<div class=\"elementor-element elementor-element-5721b32 elementor-align-center elementor-widget elementor-widget-button\" data-id=\"5721b32\" data-element_type=\"widget\" data-e-type=\"widget\" data-widget_type=\"button.default\">\n\t\t\t\t<div class=\"elementor-widget-container\">\n\t\t\t\t\t\t\t\t\t<div class=\"elementor-button-wrapper\">\n\t\t\t\t\t<a class=\"elementor-button elementor-button-link elementor-size-sm\" href=\"https:\/\/claudinevedere.com\/index.php\/contacts\/\" target=\"_blank\">\n\t\t\t\t\t\t<span class=\"elementor-button-content-wrapper\">\n\t\t\t\t\t\t\t\t\t<span class=\"elementor-button-text\">Prendre RV<\/span>\n\t\t\t\t\t<\/span>\n\t\t\t\t\t<\/a>\n\t\t\t\t<\/div>\n\t\t\t\t\t\t\t\t<\/div>\n\t\t\t\t<\/div>\n\t\t\t\t\t<\/div>\n\t\t<\/div>\n\t\t\t\t<div class=\"elementor-column elementor-col-50 elementor-top-column elementor-element elementor-element-2164bc8d\" data-id=\"2164bc8d\" data-element_type=\"column\" data-e-type=\"column\">\n\t\t\t<div class=\"elementor-widget-wrap elementor-element-populated\">\n\t\t\t\t\t\t<div class=\"elementor-element elementor-element-197d2fdf elementor-widget__width-initial elementor-widget elementor-widget-image\" data-id=\"197d2fdf\" data-element_type=\"widget\" data-e-type=\"widget\" data-widget_type=\"image.default\">\n\t\t\t\t<div class=\"elementor-widget-container\">\n\t\t\t\t\t\t\t\t\t\t\t\t\t\t\t<img decoding=\"async\" width=\"300\" height=\"207\" src=\"https:\/\/claudinevedere.com\/wp-content\/uploads\/2021\/10\/image-energie-300x207.jpg\" class=\"attachment-medium size-medium wp-image-2128\" alt=\"\" srcset=\"https:\/\/claudinevedere.com\/wp-content\/uploads\/2021\/10\/image-energie-300x207.jpg 300w, https:\/\/claudinevedere.com\/wp-content\/uploads\/2021\/10\/image-energie-1024x706.jpg 1024w, https:\/\/claudinevedere.com\/wp-content\/uploads\/2021\/10\/image-energie-768x529.jpg 768w, https:\/\/claudinevedere.com\/wp-content\/uploads\/2021\/10\/image-energie-600x413.jpg 600w, https:\/\/claudinevedere.com\/wp-content\/uploads\/2021\/10\/image-energie.jpg 1280w\" sizes=\"(max-width: 300px) 100vw, 300px\" \/>\t\t\t\t\t\t\t\t\t\t\t\t\t\t\t<\/div>\n\t\t\t\t<\/div>\n\t\t\t\t\t<\/div>\n\t\t<\/div>\n\t\t\t\t\t<\/div>\n\t\t<\/section>\n\t\t\t\t<section class=\"elementor-section elementor-top-section elementor-element elementor-element-95aa5d6 elementor-section-boxed elementor-section-height-default elementor-section-height-default\" data-id=\"95aa5d6\" data-element_type=\"section\" data-e-type=\"section\">\n\t\t\t\t\t\t<div class=\"elementor-container elementor-column-gap-default\">\n\t\t\t\t\t<div class=\"elementor-column elementor-col-50 elementor-top-column elementor-element elementor-element-8cff35e\" data-id=\"8cff35e\" data-element_type=\"column\" data-e-type=\"column\">\n\t\t\t<div class=\"elementor-widget-wrap elementor-element-populated\">\n\t\t\t\t\t\t<div class=\"elementor-element elementor-element-07fd84f elementor-widget elementor-widget-text-editor\" data-id=\"07fd84f\" data-element_type=\"widget\" data-e-type=\"widget\" data-widget_type=\"text-editor.default\">\n\t\t\t\t<div class=\"elementor-widget-container\">\n\t\t\t\t\t\t\t\t\t<h6><span style=\"color: #9e6dbd;\"><strong>Le d\u00e9roulement du soin\u00a0<\/strong><\/span><\/h6><ul><li><span style=\"color: #000000;\"><span style=\"color: #9e6dbd;\"><strong>En position allong\u00e9e, <\/strong><\/span>soit par imposition des mains ou sans contact \u00e0 quelques centim\u00e8tres de votre corps<br \/><\/span><\/li><li><span style=\"color: #000000;\"><span style=\"color: #9e6dbd;\"><strong>S<\/strong><strong>ur une personne habill\u00e9e,<\/strong><\/span> les v\u00eatements ne g\u00eanent en rien l&rsquo;efficacit\u00e9 du soin<\/span><\/li><\/ul><div>\u00a0<\/div><h6><span style=\"color: #000000;\"><span style=\"color: #9e6dbd;\"><strong>Les +<\/strong><\/span><br \/><\/span><\/h6><ul><li><span style=\"color: #000000;\">Nettoie et optimise l\u2019\u00e9nergie au quotidien<\/span><\/li><li><span style=\"color: #000000;\">R\u00e9aligne les chakras<\/span><\/li><li><span style=\"color: #000000;\">Augmente le bien-\u00eatre<\/span><\/li><li><span style=\"color: #000000;\">Favorise la d\u00e9tente<\/span><\/li><li><span style=\"color: #000000;\">Diminue la fatigue<\/span><\/li><li><span style=\"color: #000000;\">R\u00e9gule le stress, l\u2019anxi\u00e9t\u00e9&#8230;<\/span><\/li><li>\u00a0<\/li><li><strong style=\"color: #9e6dbd;\">Le soin ne se substitue pas et n\u2019interf\u00e8re pas avec un traitement m\u00e9dical en cours. Il apporte une aide ind\u00e9pendante et\/ou compl\u00e9mentaire.<\/strong><\/li><\/ul>\t\t\t\t\t\t\t\t<\/div>\n\t\t\t\t<\/div>\n\t\t\t\t\t<\/div>\n\t\t<\/div>\n\t\t\t\t<div class=\"elementor-column elementor-col-50 elementor-top-column elementor-element elementor-element-a1a8453\" data-id=\"a1a8453\" data-element_type=\"column\" data-e-type=\"column\">\n\t\t\t<div class=\"elementor-widget-wrap elementor-element-populated\">\n\t\t\t\t\t\t<div class=\"elementor-element elementor-element-8477d5a elementor-view-default elementor-widget elementor-widget-icon\" data-id=\"8477d5a\" data-element_type=\"widget\" data-e-type=\"widget\" data-widget_type=\"icon.default\">\n\t\t\t\t<div class=\"elementor-widget-container\">\n\t\t\t\t\t\t\t<div class=\"elementor-icon-wrapper\">\n\t\t\t<div class=\"elementor-icon\">\n\t\t\t<i aria-hidden=\"true\" class=\"fas fa-euro-sign\"><\/i>\t\t\t<\/div>\n\t\t<\/div>\n\t\t\t\t\t\t<\/div>\n\t\t\t\t<\/div>\n\t\t\t\t<div class=\"elementor-element elementor-element-cb08f65 elementor-widget elementor-widget-text-editor\" data-id=\"cb08f65\" data-element_type=\"widget\" data-e-type=\"widget\" data-widget_type=\"text-editor.default\">\n\t\t\t\t<div class=\"elementor-widget-container\">\n\t\t\t\t\t\t\t\t\t<h6 style=\"text-align: center;\"><strong><span style=\"color: #9e6dbd;\">50,00<\/span><\/strong><\/h6>\t\t\t\t\t\t\t\t<\/div>\n\t\t\t\t<\/div>\n\t\t\t\t<div class=\"elementor-element elementor-element-9cf6ebc elementor-view-default elementor-widget elementor-widget-icon\" data-id=\"9cf6ebc\" data-element_type=\"widget\" data-e-type=\"widget\" data-widget_type=\"icon.default\">\n\t\t\t\t<div class=\"elementor-widget-container\">\n\t\t\t\t\t\t\t<div class=\"elementor-icon-wrapper\">\n\t\t\t<div class=\"elementor-icon\">\n\t\t\t<i aria-hidden=\"true\" class=\"far fa-hourglass\"><\/i>\t\t\t<\/div>\n\t\t<\/div>\n\t\t\t\t\t\t<\/div>\n\t\t\t\t<\/div>\n\t\t\t\t<div class=\"elementor-element elementor-element-c83450b elementor-widget elementor-widget-text-editor\" data-id=\"c83450b\" data-element_type=\"widget\" data-e-type=\"widget\" data-widget_type=\"text-editor.default\">\n\t\t\t\t<div class=\"elementor-widget-container\">\n\t\t\t\t\t\t\t\t\t<h6 style=\"text-align: center;\"><strong><span style=\"color: #9e6dbd;\">1 heure<\/span><\/strong><\/h6>\t\t\t\t\t\t\t\t<\/div>\n\t\t\t\t<\/div>\n\t\t\t\t<div class=\"elementor-element elementor-element-d308c99 elementor-widget__width-initial elementor-view-default elementor-widget elementor-widget-icon\" data-id=\"d308c99\" data-element_type=\"widget\" data-e-type=\"widget\" data-widget_type=\"icon.default\">\n\t\t\t\t<div class=\"elementor-widget-container\">\n\t\t\t\t\t\t\t<div class=\"elementor-icon-wrapper\">\n\t\t\t<div class=\"elementor-icon\">\n\t\t\t<i aria-hidden=\"true\" class=\"fas fa-users\"><\/i>\t\t\t<\/div>\n\t\t<\/div>\n\t\t\t\t\t\t<\/div>\n\t\t\t\t<\/div>\n\t\t\t\t\t<\/div>\n\t\t<\/div>\n\t\t\t\t\t<\/div>\n\t\t<\/section>\n\t\t\t\t<\/div>\n\t\t","protected":false},"excerpt":{"rendered":"<p>Le soin \u00e9nerg\u00e9tique permet d&rsquo;harmoniser, d&rsquo;\u00e9quilibrer, de recharger le flux \u00e9nerg\u00e9tique du corps et de l&rsquo;esprit. L&rsquo;\u00e9nergie travaille en profondeur sur les tensions, les blocages et les d\u00e9s\u00e9quilibres qui sont \u00e0 l\u2019origine de douleurs et de troubles physiques, \u00e9motionnels et<\/p>\n","protected":false},"author":1,"featured_media":0,"parent":0,"menu_order":0,"comment_status":"closed","ping_status":"closed","template":"","meta":{"_monsterinsights_skip_tracking":false,"_monsterinsights_sitenote_active":false,"_monsterinsights_sitenote_note":"","_monsterinsights_sitenote_category":0,"advanced_seo_description":"","jetpack_seo_html_title":"","jetpack_seo_noindex":false,"footnotes":""},"class_list":["post-1514","page","type-page","status-publish","hentry"],"jetpack_sharing_enabled":true,"_links":{"self":[{"href":"https:\/\/claudinevedere.com\/index.php\/wp-json\/wp\/v2\/pages\/1514","targetHints":{"allow":["GET"]}}],"collection":[{"href":"https:\/\/claudinevedere.com\/index.php\/wp-json\/wp\/v2\/pages"}],"about":[{"href":"https:\/\/claudinevedere.com\/index.php\/wp-json\/wp\/v2\/types\/page"}],"author":[{"embeddable":true,"href":"https:\/\/claudinevedere.com\/index.php\/wp-json\/wp\/v2\/users\/1"}],"replies":[{"embeddable":true,"href":"https:\/\/claudinevedere.com\/index.php\/wp-json\/wp\/v2\/comments?post=1514"}],"version-history":[{"count":0,"href":"https:\/\/claudinevedere.com\/index.php\/wp-json\/wp\/v2\/pages\/1514\/revisions"}],"wp:attachment":[{"href":"https:\/\/claudinevedere.com\/index.php\/wp-json\/wp\/v2\/media?parent=1514"}],"curies":[{"name":"wp","href":"https:\/\/api.w.org\/{rel}","templated":true}]}}