{"id":2058,"date":"2021-10-30T22:22:21","date_gmt":"2021-10-30T20:22:21","guid":{"rendered":"https:\/\/claudinevedere.com\/?page_id=2058"},"modified":"2026-01-20T20:33:58","modified_gmt":"2026-01-20T19:33:58","slug":"le-massage-de-bien-etre","status":"publish","type":"page","link":"https:\/\/claudinevedere.com\/index.php\/le-massage-de-bien-etre\/","title":{"rendered":"Le massage de bien-\u00eatre"},"content":{"rendered":"\t\t<div data-elementor-type=\"wp-page\" data-elementor-id=\"2058\" class=\"elementor elementor-2058\">\n\t\t\t\t\t\t<section class=\"elementor-section elementor-top-section elementor-element elementor-element-27b238e elementor-section-boxed elementor-section-height-default elementor-section-height-default\" data-id=\"27b238e\" data-element_type=\"section\" data-e-type=\"section\">\n\t\t\t\t\t\t<div class=\"elementor-container elementor-column-gap-default\">\n\t\t\t\t\t<div class=\"elementor-column elementor-col-100 elementor-top-column elementor-element elementor-element-ea2469c\" data-id=\"ea2469c\" data-element_type=\"column\" data-e-type=\"column\">\n\t\t\t<div class=\"elementor-widget-wrap elementor-element-populated\">\n\t\t\t\t\t\t<div class=\"elementor-element elementor-element-3082f28 elementor-widget elementor-widget-image\" data-id=\"3082f28\" data-element_type=\"widget\" data-e-type=\"widget\" data-widget_type=\"image.default\">\n\t\t\t\t<div class=\"elementor-widget-container\">\n\t\t\t\t\t\t\t\t\t\t\t\t\t\t\t\t<a href=\"https:\/\/claudinevedere.com\/index.php\/le-massage-de-bien-etre\/\">\n\t\t\t\t\t\t\t<img fetchpriority=\"high\" decoding=\"async\" width=\"2000\" height=\"275\" src=\"https:\/\/claudinevedere.com\/wp-content\/uploads\/2021\/10\/12-4.png\" class=\"attachment-full size-full wp-image-1970\" alt=\"\" srcset=\"https:\/\/claudinevedere.com\/wp-content\/uploads\/2021\/10\/12-4.png 2000w, https:\/\/claudinevedere.com\/wp-content\/uploads\/2021\/10\/12-4-300x41.png 300w, https:\/\/claudinevedere.com\/wp-content\/uploads\/2021\/10\/12-4-1024x141.png 1024w, https:\/\/claudinevedere.com\/wp-content\/uploads\/2021\/10\/12-4-768x106.png 768w, https:\/\/claudinevedere.com\/wp-content\/uploads\/2021\/10\/12-4-1536x211.png 1536w, https:\/\/claudinevedere.com\/wp-content\/uploads\/2021\/10\/12-4-600x83.png 600w\" sizes=\"(max-width: 2000px) 100vw, 2000px\" \/>\t\t\t\t\t\t\t\t<\/a>\n\t\t\t\t\t\t\t\t\t\t\t\t\t\t\t<\/div>\n\t\t\t\t<\/div>\n\t\t\t\t\t<\/div>\n\t\t<\/div>\n\t\t\t\t\t<\/div>\n\t\t<\/section>\n\t\t\t\t<section class=\"elementor-section elementor-top-section elementor-element elementor-element-5b1cfb8 elementor-section-boxed elementor-section-height-default elementor-section-height-default\" data-id=\"5b1cfb8\" data-element_type=\"section\" data-e-type=\"section\">\n\t\t\t\t\t\t<div class=\"elementor-container elementor-column-gap-default\">\n\t\t\t\t\t<div class=\"elementor-column elementor-col-100 elementor-top-column elementor-element elementor-element-5eca6b0\" data-id=\"5eca6b0\" data-element_type=\"column\" data-e-type=\"column\">\n\t\t\t<div class=\"elementor-widget-wrap elementor-element-populated\">\n\t\t\t\t\t\t<div class=\"elementor-element elementor-element-5c531c9 elementor-widget elementor-widget-text-editor\" data-id=\"5c531c9\" data-element_type=\"widget\" data-e-type=\"widget\" data-widget_type=\"text-editor.default\">\n\t\t\t\t<div class=\"elementor-widget-container\">\n\t\t\t\t\t\t\t\t\t<p><span style=\"color: #000000;\">Les bienfaits du massage :\u00a0 le bien-\u00eatre, le l\u00e2cher-prise, le rel\u00e2chement, la reconnexion avec son corps, la revitalisation&#8230;<\/span><\/p>\t\t\t\t\t\t\t\t<\/div>\n\t\t\t\t<\/div>\n\t\t\t\t\t<\/div>\n\t\t<\/div>\n\t\t\t\t\t<\/div>\n\t\t<\/section>\n\t\t\t\t<section class=\"elementor-section elementor-top-section elementor-element elementor-element-6359f15 elementor-section-boxed elementor-section-height-default elementor-section-height-default\" data-id=\"6359f15\" data-element_type=\"section\" data-e-type=\"section\">\n\t\t\t\t\t\t<div class=\"elementor-container elementor-column-gap-default\">\n\t\t\t\t\t<div class=\"elementor-column elementor-col-50 elementor-top-column elementor-element elementor-element-2ce50fe\" data-id=\"2ce50fe\" data-element_type=\"column\" data-e-type=\"column\">\n\t\t\t<div class=\"elementor-widget-wrap elementor-element-populated\">\n\t\t\t\t\t\t<div class=\"elementor-element elementor-element-4fa18f7 elementor-align-center elementor-widget__width-initial elementor-widget elementor-widget-button\" data-id=\"4fa18f7\" data-element_type=\"widget\" data-e-type=\"widget\" data-widget_type=\"button.default\">\n\t\t\t\t<div class=\"elementor-widget-container\">\n\t\t\t\t\t\t\t\t\t<div class=\"elementor-button-wrapper\">\n\t\t\t\t\t<a class=\"elementor-button elementor-button-link elementor-size-sm\" href=\"https:\/\/claudinevedere.com\/index.php\/contacts\/\" target=\"_blank\" id=\"https:\/\/claudinevedere.com\/index.php\/le-massage-de-bien-etre\/\">\n\t\t\t\t\t\t<span class=\"elementor-button-content-wrapper\">\n\t\t\t\t\t\t\t\t\t<span class=\"elementor-button-text\">Prendre RV<\/span>\n\t\t\t\t\t<\/span>\n\t\t\t\t\t<\/a>\n\t\t\t\t<\/div>\n\t\t\t\t\t\t\t\t<\/div>\n\t\t\t\t<\/div>\n\t\t\t\t\t<\/div>\n\t\t<\/div>\n\t\t\t\t<div class=\"elementor-column elementor-col-50 elementor-top-column elementor-element elementor-element-3c65c44\" data-id=\"3c65c44\" data-element_type=\"column\" data-e-type=\"column\">\n\t\t\t<div class=\"elementor-widget-wrap\">\n\t\t\t\t\t\t\t<\/div>\n\t\t<\/div>\n\t\t\t\t\t<\/div>\n\t\t<\/section>\n\t\t\t\t<section class=\"elementor-section elementor-top-section elementor-element elementor-element-a57245b elementor-section-boxed elementor-section-height-default elementor-section-height-default\" data-id=\"a57245b\" data-element_type=\"section\" data-e-type=\"section\">\n\t\t\t\t\t\t<div class=\"elementor-container elementor-column-gap-default\">\n\t\t\t\t\t<div class=\"elementor-column elementor-col-33 elementor-top-column elementor-element elementor-element-3ef1232\" data-id=\"3ef1232\" data-element_type=\"column\" data-e-type=\"column\">\n\t\t\t<div class=\"elementor-widget-wrap elementor-element-populated\">\n\t\t\t\t\t\t<div class=\"elementor-element elementor-element-a47744d elementor-widget elementor-widget-text-editor\" data-id=\"a47744d\" data-element_type=\"widget\" data-e-type=\"widget\" data-widget_type=\"text-editor.default\">\n\t\t\t\t<div class=\"elementor-widget-container\">\n\t\t\t\t\t\t\t\t\t<h6><span style=\"color: #7baad6;\"><strong>Une remise \u00e0 z\u00e9ro<\/strong><\/span><\/h6><p><span style=\"color: #333333;\">La s\u00e9ance d\u00e9bute et quelques minutes suffisent pour vous laisser glisser dans une d\u00e9tente profonde. <\/span><strong><br \/><\/strong><\/p><h6><span style=\"color: #7baad6;\"><strong>Le corps s\u2019exprime<\/strong><\/span><\/h6><p><span style=\"color: #333333;\">Parfois les \u00e9motions dites d\u00e9sagr\u00e9ables ont des r\u00e9percussions sur notre corps. Le stress, l\u2019anxi\u00e9t\u00e9, l\u2019\u00e9nervement, la col\u00e8re, entra\u00eenent des crispations musculaires, des douleurs, des maux divers &#8230; Je vous propose un massage personnalis\u00e9 dans lequel j\u2019adapte la pression tant\u00f4t douce, moyenne ou forte selon l\u2019effet recherch\u00e9.\u00a0<\/span><\/p>\t\t\t\t\t\t\t\t<\/div>\n\t\t\t\t<\/div>\n\t\t\t\t<div class=\"elementor-element elementor-element-bed5f5d elementor-widget elementor-widget-image\" data-id=\"bed5f5d\" data-element_type=\"widget\" data-e-type=\"widget\" data-widget_type=\"image.default\">\n\t\t\t\t<div class=\"elementor-widget-container\">\n\t\t\t\t\t\t\t\t\t\t\t\t\t\t\t<img decoding=\"async\" width=\"720\" height=\"478\" src=\"https:\/\/claudinevedere.com\/wp-content\/uploads\/2021\/11\/massage-main-1024x680.jpg\" class=\"attachment-large size-large wp-image-4202\" alt=\"\" srcset=\"https:\/\/claudinevedere.com\/wp-content\/uploads\/2021\/11\/massage-main-1024x680.jpg 1024w, https:\/\/claudinevedere.com\/wp-content\/uploads\/2021\/11\/massage-main-300x199.jpg 300w, https:\/\/claudinevedere.com\/wp-content\/uploads\/2021\/11\/massage-main-768x510.jpg 768w, https:\/\/claudinevedere.com\/wp-content\/uploads\/2021\/11\/massage-main-600x398.jpg 600w, https:\/\/claudinevedere.com\/wp-content\/uploads\/2021\/11\/massage-main.jpg 1280w\" sizes=\"(max-width: 720px) 100vw, 720px\" \/>\t\t\t\t\t\t\t\t\t\t\t\t\t\t\t<\/div>\n\t\t\t\t<\/div>\n\t\t\t\t\t<\/div>\n\t\t<\/div>\n\t\t\t\t<div class=\"elementor-column elementor-col-33 elementor-top-column elementor-element elementor-element-b46e100\" data-id=\"b46e100\" data-element_type=\"column\" data-e-type=\"column\">\n\t\t\t<div class=\"elementor-widget-wrap elementor-element-populated\">\n\t\t\t\t\t\t<div class=\"elementor-element elementor-element-e131a99 elementor-widget elementor-widget-image\" data-id=\"e131a99\" data-element_type=\"widget\" data-e-type=\"widget\" data-widget_type=\"image.default\">\n\t\t\t\t<div class=\"elementor-widget-container\">\n\t\t\t\t\t\t\t\t\t\t\t\t\t\t\t<img decoding=\"async\" width=\"720\" height=\"479\" src=\"https:\/\/claudinevedere.com\/wp-content\/uploads\/2021\/11\/fleur-1024x681.jpg\" class=\"attachment-large size-large wp-image-4197\" alt=\"\" srcset=\"https:\/\/claudinevedere.com\/wp-content\/uploads\/2021\/11\/fleur-1024x681.jpg 1024w, https:\/\/claudinevedere.com\/wp-content\/uploads\/2021\/11\/fleur-300x199.jpg 300w, https:\/\/claudinevedere.com\/wp-content\/uploads\/2021\/11\/fleur-768x511.jpg 768w, https:\/\/claudinevedere.com\/wp-content\/uploads\/2021\/11\/fleur-600x399.jpg 600w, https:\/\/claudinevedere.com\/wp-content\/uploads\/2021\/11\/fleur.jpg 1280w\" sizes=\"(max-width: 720px) 100vw, 720px\" \/>\t\t\t\t\t\t\t\t\t\t\t\t\t\t\t<\/div>\n\t\t\t\t<\/div>\n\t\t\t\t<div class=\"elementor-element elementor-element-4cedbc7 elementor-widget elementor-widget-text-editor\" data-id=\"4cedbc7\" data-element_type=\"widget\" data-e-type=\"widget\" data-widget_type=\"text-editor.default\">\n\t\t\t\t<div class=\"elementor-widget-container\">\n\t\t\t\t\t\t\t\t\t<h6><span style=\"color: #7baad6;\"><strong>L&rsquo;estime de soi par la r\u00e9-appropriation de son image corporelle<\/strong><\/span><\/h6><p>Une victoire sur soi-m\u00eame dans l&rsquo;acceptation de son corps et la valorisation de son image.<\/p><h6><span style=\"color: #7baad6;\"><strong>Une revitalisation<\/strong><\/span><\/h6><p>Un corps fatigu\u00e9 sera plus difficile \u00e0 mettre en mouvement, je vous propose de le booster.<\/p><h6><strong><span style=\"color: #7baad6;\">Pour nos techniques de relaxation, nous utilisons des huiles de massage<\/span> <span style=\"color: #7baad6;\">&#8230;<\/span><\/strong><\/h6>\t\t\t\t\t\t\t\t<\/div>\n\t\t\t\t<\/div>\n\t\t\t\t\t<\/div>\n\t\t<\/div>\n\t\t\t\t<div class=\"elementor-column elementor-col-33 elementor-top-column elementor-element elementor-element-6b848e3\" data-id=\"6b848e3\" data-element_type=\"column\" data-e-type=\"column\">\n\t\t\t<div class=\"elementor-widget-wrap elementor-element-populated\">\n\t\t\t\t\t\t<div class=\"elementor-element elementor-element-124fc17f elementor-view-default elementor-widget elementor-widget-icon\" data-id=\"124fc17f\" data-element_type=\"widget\" data-e-type=\"widget\" data-widget_type=\"icon.default\">\n\t\t\t\t<div class=\"elementor-widget-container\">\n\t\t\t\t\t\t\t<div class=\"elementor-icon-wrapper\">\n\t\t\t<div class=\"elementor-icon\">\n\t\t\t<i aria-hidden=\"true\" class=\"fas fa-users\"><\/i>\t\t\t<\/div>\n\t\t<\/div>\n\t\t\t\t\t\t<\/div>\n\t\t\t\t<\/div>\n\t\t\t\t<div class=\"elementor-element elementor-element-3ed4bb4d elementor-widget elementor-widget-text-editor\" data-id=\"3ed4bb4d\" data-element_type=\"widget\" data-e-type=\"widget\" data-widget_type=\"text-editor.default\">\n\t\t\t\t<div class=\"elementor-widget-container\">\n\t\t\t\t\t\t\t\t\t<h6 style=\"text-align: center;\"><span style=\"color: #51702d;\"><strong><span style=\"color: #b39465;\">Adultes<\/span><br \/><\/strong><\/span><\/h6>\t\t\t\t\t\t\t\t<\/div>\n\t\t\t\t<\/div>\n\t\t\t\t<div class=\"elementor-element elementor-element-77f13fa8 elementor-view-default elementor-widget elementor-widget-icon\" data-id=\"77f13fa8\" data-element_type=\"widget\" data-e-type=\"widget\" data-widget_type=\"icon.default\">\n\t\t\t\t<div class=\"elementor-widget-container\">\n\t\t\t\t\t\t\t<div class=\"elementor-icon-wrapper\">\n\t\t\t<div class=\"elementor-icon\">\n\t\t\t<i aria-hidden=\"true\" class=\"fas fa-euro-sign\"><\/i>\t\t\t<\/div>\n\t\t<\/div>\n\t\t\t\t\t\t<\/div>\n\t\t\t\t<\/div>\n\t\t\t\t<div class=\"elementor-element elementor-element-1a2e9bd6 elementor-widget elementor-widget-text-editor\" data-id=\"1a2e9bd6\" data-element_type=\"widget\" data-e-type=\"widget\" data-widget_type=\"text-editor.default\">\n\t\t\t\t<div class=\"elementor-widget-container\">\n\t\t\t\t\t\t\t\t\t<h6 style=\"text-align: center;\"><span style=\"color: #7baad6;\"><strong>50,00<\/strong><\/span><\/h6><h6 style=\"text-align: center;\"><span style=\"color: #7baad6;\"><strong>30,00<\/strong><\/span><\/h6>\t\t\t\t\t\t\t\t<\/div>\n\t\t\t\t<\/div>\n\t\t\t\t<div class=\"elementor-element elementor-element-59352997 elementor-view-default elementor-widget elementor-widget-icon\" data-id=\"59352997\" data-element_type=\"widget\" data-e-type=\"widget\" data-widget_type=\"icon.default\">\n\t\t\t\t<div class=\"elementor-widget-container\">\n\t\t\t\t\t\t\t<div class=\"elementor-icon-wrapper\">\n\t\t\t<div class=\"elementor-icon\">\n\t\t\t<i aria-hidden=\"true\" class=\"far fa-hourglass\"><\/i>\t\t\t<\/div>\n\t\t<\/div>\n\t\t\t\t\t\t<\/div>\n\t\t\t\t<\/div>\n\t\t\t\t<div class=\"elementor-element elementor-element-3fc05537 elementor-widget elementor-widget-text-editor\" data-id=\"3fc05537\" data-element_type=\"widget\" data-e-type=\"widget\" data-widget_type=\"text-editor.default\">\n\t\t\t\t<div class=\"elementor-widget-container\">\n\t\t\t\t\t\t\t\t\t<h6 style=\"text-align: center;\"><span style=\"color: #b39465;\"><strong>1 heure<\/strong><\/span><\/h6><h6 style=\"text-align: center;\"><span style=\"color: #b39465;\"><strong>30 minutes<\/strong><\/span><\/h6>\t\t\t\t\t\t\t\t<\/div>\n\t\t\t\t<\/div>\n\t\t\t\t<div class=\"elementor-element elementor-element-39beeebd elementor-view-default elementor-widget elementor-widget-icon\" data-id=\"39beeebd\" data-element_type=\"widget\" data-e-type=\"widget\" data-widget_type=\"icon.default\">\n\t\t\t\t<div class=\"elementor-widget-container\">\n\t\t\t\t\t\t\t<div class=\"elementor-icon-wrapper\">\n\t\t\t<div class=\"elementor-icon\">\n\t\t\t<i aria-hidden=\"true\" class=\"fas fa-store-alt\"><\/i>\t\t\t<\/div>\n\t\t<\/div>\n\t\t\t\t\t\t<\/div>\n\t\t\t\t<\/div>\n\t\t\t\t<div class=\"elementor-element elementor-element-646feb38 elementor-widget elementor-widget-text-editor\" data-id=\"646feb38\" data-element_type=\"widget\" data-e-type=\"widget\" data-widget_type=\"text-editor.default\">\n\t\t\t\t<div class=\"elementor-widget-container\">\n\t\t\t\t\t\t\t\t\t<h6 style=\"text-align: center;\"><span style=\"color: #bb82f5;\"><strong><span style=\"color: #7baad6;\">Cabinet<\/span> <\/strong><\/span><\/h6>\t\t\t\t\t\t\t\t<\/div>\n\t\t\t\t<\/div>\n\t\t\t\t<div class=\"elementor-element elementor-element-b70a820 elementor-align-center elementor-widget elementor-widget-button\" data-id=\"b70a820\" data-element_type=\"widget\" data-e-type=\"widget\" data-widget_type=\"button.default\">\n\t\t\t\t<div class=\"elementor-widget-container\">\n\t\t\t\t\t\t\t\t\t<div class=\"elementor-button-wrapper\">\n\t\t\t\t\t<a class=\"elementor-button elementor-button-link elementor-size-sm\" href=\"https:\/\/claudinevedere.com\/index.php\/contacts\/\" target=\"_blank\">\n\t\t\t\t\t\t<span class=\"elementor-button-content-wrapper\">\n\t\t\t\t\t\t\t\t\t<span class=\"elementor-button-text\">Prendre RV<\/span>\n\t\t\t\t\t<\/span>\n\t\t\t\t\t<\/a>\n\t\t\t\t<\/div>\n\t\t\t\t\t\t\t\t<\/div>\n\t\t\t\t<\/div>\n\t\t\t\t<div class=\"elementor-element elementor-element-a6d74c6 elementor-align-center elementor-widget elementor-widget-button\" data-id=\"a6d74c6\" data-element_type=\"widget\" data-e-type=\"widget\" data-widget_type=\"button.default\">\n\t\t\t\t<div class=\"elementor-widget-container\">\n\t\t\t\t\t\t\t\t\t<div class=\"elementor-button-wrapper\">\n\t\t\t\t\t<a class=\"elementor-button elementor-button-link elementor-size-sm\" href=\"https:\/\/claudinevedere.com\/index.php\/les-contre-indications-aux-massages-de-relaxation\/\" target=\"_blank\">\n\t\t\t\t\t\t<span class=\"elementor-button-content-wrapper\">\n\t\t\t\t\t\t\t\t\t<span class=\"elementor-button-text\">Les contre-indications aux massages de relaxation<\/span>\n\t\t\t\t\t<\/span>\n\t\t\t\t\t<\/a>\n\t\t\t\t<\/div>\n\t\t\t\t\t\t\t\t<\/div>\n\t\t\t\t<\/div>\n\t\t\t\t\t<\/div>\n\t\t<\/div>\n\t\t\t\t\t<\/div>\n\t\t<\/section>\n\t\t\t\t<\/div>\n\t\t","protected":false},"excerpt":{"rendered":"<p>Les bienfaits du massage :\u00a0 le bien-\u00eatre, le l\u00e2cher-prise, le rel\u00e2chement, la reconnexion avec son corps, la revitalisation&#8230; Prendre RV Une remise \u00e0 z\u00e9ro La s\u00e9ance d\u00e9bute et quelques minutes suffisent pour vous laisser glisser dans une d\u00e9tente profonde. Le<\/p>\n","protected":false},"author":1,"featured_media":0,"parent":0,"menu_order":0,"comment_status":"closed","ping_status":"closed","template":"","meta":{"_monsterinsights_skip_tracking":false,"_monsterinsights_sitenote_active":false,"_monsterinsights_sitenote_note":"","_monsterinsights_sitenote_category":0,"advanced_seo_description":"","jetpack_seo_html_title":"","jetpack_seo_noindex":false,"footnotes":""},"class_list":["post-2058","page","type-page","status-publish","hentry"],"jetpack_sharing_enabled":true,"_links":{"self":[{"href":"https:\/\/claudinevedere.com\/index.php\/wp-json\/wp\/v2\/pages\/2058","targetHints":{"allow":["GET"]}}],"collection":[{"href":"https:\/\/claudinevedere.com\/index.php\/wp-json\/wp\/v2\/pages"}],"about":[{"href":"https:\/\/claudinevedere.com\/index.php\/wp-json\/wp\/v2\/types\/page"}],"author":[{"embeddable":true,"href":"https:\/\/claudinevedere.com\/index.php\/wp-json\/wp\/v2\/users\/1"}],"replies":[{"embeddable":true,"href":"https:\/\/claudinevedere.com\/index.php\/wp-json\/wp\/v2\/comments?post=2058"}],"version-history":[{"count":0,"href":"https:\/\/claudinevedere.com\/index.php\/wp-json\/wp\/v2\/pages\/2058\/revisions"}],"wp:attachment":[{"href":"https:\/\/claudinevedere.com\/index.php\/wp-json\/wp\/v2\/media?parent=2058"}],"curies":[{"name":"wp","href":"https:\/\/api.w.org\/{rel}","templated":true}]}}