{"id":286,"date":"2021-08-10T09:36:34","date_gmt":"2021-08-10T07:36:34","guid":{"rendered":"https:\/\/claudinevedere.com\/?page_id=286"},"modified":"2026-01-20T16:09:16","modified_gmt":"2026-01-20T15:09:16","slug":"massage-des-pieds","status":"publish","type":"page","link":"https:\/\/claudinevedere.com\/index.php\/massage-des-pieds\/","title":{"rendered":"La podorelaxation"},"content":{"rendered":"\t\t<div data-elementor-type=\"wp-page\" data-elementor-id=\"286\" class=\"elementor elementor-286\">\n\t\t\t\t\t\t<section class=\"elementor-section elementor-top-section elementor-element elementor-element-8c5ebcb elementor-section-boxed elementor-section-height-default elementor-section-height-default\" data-id=\"8c5ebcb\" data-element_type=\"section\" data-e-type=\"section\">\n\t\t\t\t\t\t<div class=\"elementor-container elementor-column-gap-default\">\n\t\t\t\t\t<div class=\"elementor-column elementor-col-100 elementor-top-column elementor-element elementor-element-6bdb980\" data-id=\"6bdb980\" data-element_type=\"column\" data-e-type=\"column\">\n\t\t\t<div class=\"elementor-widget-wrap elementor-element-populated\">\n\t\t\t\t\t\t<div class=\"elementor-element elementor-element-fa2ef45 elementor-widget elementor-widget-image\" data-id=\"fa2ef45\" data-element_type=\"widget\" data-e-type=\"widget\" data-widget_type=\"image.default\">\n\t\t\t\t<div class=\"elementor-widget-container\">\n\t\t\t\t\t\t\t\t\t\t\t\t\t\t\t<img fetchpriority=\"high\" decoding=\"async\" width=\"2000\" height=\"275\" src=\"https:\/\/claudinevedere.com\/wp-content\/uploads\/2021\/10\/banniere-podo.png\" class=\"attachment-full size-full wp-image-2310\" alt=\"\" srcset=\"https:\/\/claudinevedere.com\/wp-content\/uploads\/2021\/10\/banniere-podo.png 2000w, https:\/\/claudinevedere.com\/wp-content\/uploads\/2021\/10\/banniere-podo-300x41.png 300w, https:\/\/claudinevedere.com\/wp-content\/uploads\/2021\/10\/banniere-podo-1024x141.png 1024w, https:\/\/claudinevedere.com\/wp-content\/uploads\/2021\/10\/banniere-podo-768x106.png 768w, https:\/\/claudinevedere.com\/wp-content\/uploads\/2021\/10\/banniere-podo-1536x211.png 1536w, https:\/\/claudinevedere.com\/wp-content\/uploads\/2021\/10\/banniere-podo-600x83.png 600w\" sizes=\"(max-width: 2000px) 100vw, 2000px\" \/>\t\t\t\t\t\t\t\t\t\t\t\t\t\t\t<\/div>\n\t\t\t\t<\/div>\n\t\t\t\t\t<\/div>\n\t\t<\/div>\n\t\t\t\t\t<\/div>\n\t\t<\/section>\n\t\t\t\t<section class=\"elementor-section elementor-top-section elementor-element elementor-element-507f4f3a elementor-section-boxed elementor-section-height-default elementor-section-height-default\" data-id=\"507f4f3a\" data-element_type=\"section\" data-e-type=\"section\">\n\t\t\t\t\t\t<div class=\"elementor-container elementor-column-gap-default\">\n\t\t\t\t\t<div class=\"elementor-column elementor-col-50 elementor-top-column elementor-element elementor-element-4d281e60\" data-id=\"4d281e60\" data-element_type=\"column\" data-e-type=\"column\">\n\t\t\t<div class=\"elementor-widget-wrap elementor-element-populated\">\n\t\t\t\t\t\t<div class=\"elementor-element elementor-element-61cfa4ba elementor-widget elementor-widget-text-editor\" data-id=\"61cfa4ba\" data-element_type=\"widget\" data-e-type=\"widget\" data-widget_type=\"text-editor.default\">\n\t\t\t\t<div class=\"elementor-widget-container\">\n\t\t\t\t\t\t\t\t\t<h3 style=\"text-align: center;\"><strong><span style=\"color: #7baad6;\">Le massage des pieds, un massage anti-stress <\/span><\/strong><\/h3><p style=\"text-align: left;\"><span style=\"color: #7baad6;\"><span style=\"color: #333333;\">Les pieds constituent la partie du corps qui <span style=\"color: #7baad6;\"><strong>supporte toute la charge pond\u00e9rale<\/strong>.<\/span><\/span><\/span> <span style=\"color: #333333;\">Ils n\u00e9cessitent donc un soin particulier.\u00a0<\/span><span style=\"color: #333333;\"> Ce massage est pr\u00e9conis\u00e9 <\/span><span style=\"color: #333333;\">apr\u00e8s une <strong><span style=\"color: #7baad6;\">position debout prolong\u00e9e<\/span><\/strong> et\/ou <\/span><span style=\"color: #333333;\"><span class=\"ILfuVd\"><span class=\"hgKElc\">chez les personnes <strong><span style=\"color: #7baad6;\">s\u00e9dentaires<\/span> <\/strong>soumises \u00e0 un <span style=\"color: #7baad6;\"><strong>stress important<\/strong><\/span>. <\/span><\/span><\/span><span style=\"color: #333333;\">Il permet d&rsquo;\u00e9<strong><span style=\"color: #7baad6;\">vacuer les tensions<\/span><\/strong> et <strong><span style=\"color: #7baad6;\">le stress accumul\u00e9s<\/span><\/strong> dans votre journ\u00e9e. Son action apaisante favorise le l\u00e2cher-prise en <strong><span style=\"color: #7baad6;\">d\u00e9branchant votre mental <\/span><\/strong>pour une d\u00e9tente quasi-totale ! C\u2019est donc naturellement qu\u2019un massage de pieds va <strong><span style=\"color: #7baad6;\">favoriser votre sommeil.<\/span><\/strong><\/span><span style=\"color: #333333;\"><span class=\"ILfuVd\"><span class=\"hgKElc\"> Ayez les pieds sur terre gr\u00e2ce \u00e0 un bon ancrage.<br \/><\/span><\/span><\/span><\/p>\t\t\t\t\t\t\t\t<\/div>\n\t\t\t\t<\/div>\n\t\t\t\t<div class=\"elementor-element elementor-element-8682906 elementor-align-center elementor-widget elementor-widget-button\" data-id=\"8682906\" data-element_type=\"widget\" data-e-type=\"widget\" data-widget_type=\"button.default\">\n\t\t\t\t<div class=\"elementor-widget-container\">\n\t\t\t\t\t\t\t\t\t<div class=\"elementor-button-wrapper\">\n\t\t\t\t\t<a class=\"elementor-button elementor-button-link elementor-size-sm\" href=\"https:\/\/claudinevedere.com\/index.php\/contacts\/\" target=\"_blank\">\n\t\t\t\t\t\t<span class=\"elementor-button-content-wrapper\">\n\t\t\t\t\t\t\t\t\t<span class=\"elementor-button-text\">Prendre RV<\/span>\n\t\t\t\t\t<\/span>\n\t\t\t\t\t<\/a>\n\t\t\t\t<\/div>\n\t\t\t\t\t\t\t\t<\/div>\n\t\t\t\t<\/div>\n\t\t\t\t\t<\/div>\n\t\t<\/div>\n\t\t\t\t<div class=\"elementor-column elementor-col-50 elementor-top-column elementor-element elementor-element-70b89899\" data-id=\"70b89899\" data-element_type=\"column\" data-e-type=\"column\">\n\t\t\t<div class=\"elementor-widget-wrap elementor-element-populated\">\n\t\t\t\t\t\t<div class=\"elementor-element elementor-element-2158bd6 elementor-widget elementor-widget-image\" data-id=\"2158bd6\" data-element_type=\"widget\" data-e-type=\"widget\" data-widget_type=\"image.default\">\n\t\t\t\t<div class=\"elementor-widget-container\">\n\t\t\t\t\t\t\t\t\t\t\t\t\t\t\t<img decoding=\"async\" width=\"1280\" height=\"850\" src=\"https:\/\/claudinevedere.com\/wp-content\/uploads\/2021\/10\/podo-1.jpg\" class=\"attachment-full size-full wp-image-2312\" alt=\"\" srcset=\"https:\/\/claudinevedere.com\/wp-content\/uploads\/2021\/10\/podo-1.jpg 1280w, https:\/\/claudinevedere.com\/wp-content\/uploads\/2021\/10\/podo-1-300x199.jpg 300w, https:\/\/claudinevedere.com\/wp-content\/uploads\/2021\/10\/podo-1-1024x680.jpg 1024w, https:\/\/claudinevedere.com\/wp-content\/uploads\/2021\/10\/podo-1-768x510.jpg 768w, https:\/\/claudinevedere.com\/wp-content\/uploads\/2021\/10\/podo-1-600x398.jpg 600w\" sizes=\"(max-width: 1280px) 100vw, 1280px\" \/>\t\t\t\t\t\t\t\t\t\t\t\t\t\t\t<\/div>\n\t\t\t\t<\/div>\n\t\t\t\t\t<\/div>\n\t\t<\/div>\n\t\t\t\t\t<\/div>\n\t\t<\/section>\n\t\t\t\t<section class=\"elementor-section elementor-top-section elementor-element elementor-element-a6e86da elementor-section-boxed elementor-section-height-default elementor-section-height-default\" data-id=\"a6e86da\" data-element_type=\"section\" data-e-type=\"section\">\n\t\t\t\t\t\t<div class=\"elementor-container elementor-column-gap-default\">\n\t\t\t\t\t<div class=\"elementor-column elementor-col-100 elementor-top-column elementor-element elementor-element-44b9d39\" data-id=\"44b9d39\" data-element_type=\"column\" data-e-type=\"column\">\n\t\t\t<div class=\"elementor-widget-wrap elementor-element-populated\">\n\t\t\t\t\t\t<div class=\"elementor-element elementor-element-4c8dc13 elementor-widget-divider--view-line elementor-widget elementor-widget-divider\" data-id=\"4c8dc13\" data-element_type=\"widget\" data-e-type=\"widget\" data-widget_type=\"divider.default\">\n\t\t\t\t<div class=\"elementor-widget-container\">\n\t\t\t\t\t\t\t<div class=\"elementor-divider\">\n\t\t\t<span class=\"elementor-divider-separator\">\n\t\t\t\t\t\t<\/span>\n\t\t<\/div>\n\t\t\t\t\t\t<\/div>\n\t\t\t\t<\/div>\n\t\t\t\t\t<\/div>\n\t\t<\/div>\n\t\t\t\t\t<\/div>\n\t\t<\/section>\n\t\t\t\t<section class=\"elementor-section elementor-top-section elementor-element elementor-element-ec45af5 elementor-section-boxed elementor-section-height-default elementor-section-height-default\" data-id=\"ec45af5\" data-element_type=\"section\" data-e-type=\"section\">\n\t\t\t\t\t\t<div class=\"elementor-container elementor-column-gap-default\">\n\t\t\t\t\t<div class=\"elementor-column elementor-col-50 elementor-top-column elementor-element elementor-element-537c49c1\" data-id=\"537c49c1\" data-element_type=\"column\" data-e-type=\"column\">\n\t\t\t<div class=\"elementor-widget-wrap elementor-element-populated\">\n\t\t\t\t\t\t<section class=\"elementor-section elementor-inner-section elementor-element elementor-element-624dce8 elementor-section-boxed elementor-section-height-default elementor-section-height-default\" data-id=\"624dce8\" data-element_type=\"section\" data-e-type=\"section\">\n\t\t\t\t\t\t<div class=\"elementor-container elementor-column-gap-default\">\n\t\t\t\t\t<div class=\"elementor-column elementor-col-50 elementor-inner-column elementor-element elementor-element-fc9d21b\" data-id=\"fc9d21b\" data-element_type=\"column\" data-e-type=\"column\">\n\t\t\t<div class=\"elementor-widget-wrap elementor-element-populated\">\n\t\t\t\t\t\t<div class=\"elementor-element elementor-element-4b75d84 elementor-widget elementor-widget-image\" data-id=\"4b75d84\" data-element_type=\"widget\" data-e-type=\"widget\" data-widget_type=\"image.default\">\n\t\t\t\t<div class=\"elementor-widget-container\">\n\t\t\t\t\t\t\t\t\t\t\t\t\t\t\t<img decoding=\"async\" width=\"1024\" height=\"678\" src=\"https:\/\/claudinevedere.com\/wp-content\/uploads\/2021\/10\/podo-2-1024x678.jpg\" class=\"attachment-large size-large wp-image-2313\" alt=\"\" srcset=\"https:\/\/claudinevedere.com\/wp-content\/uploads\/2021\/10\/podo-2-1024x678.jpg 1024w, https:\/\/claudinevedere.com\/wp-content\/uploads\/2021\/10\/podo-2-300x199.jpg 300w, https:\/\/claudinevedere.com\/wp-content\/uploads\/2021\/10\/podo-2-768x508.jpg 768w, https:\/\/claudinevedere.com\/wp-content\/uploads\/2021\/10\/podo-2-600x397.jpg 600w, https:\/\/claudinevedere.com\/wp-content\/uploads\/2021\/10\/podo-2.jpg 1280w\" sizes=\"(max-width: 1024px) 100vw, 1024px\" \/>\t\t\t\t\t\t\t\t\t\t\t\t\t\t\t<\/div>\n\t\t\t\t<\/div>\n\t\t\t\t\t<\/div>\n\t\t<\/div>\n\t\t\t\t<div class=\"elementor-column elementor-col-50 elementor-inner-column elementor-element elementor-element-5d6f611\" data-id=\"5d6f611\" data-element_type=\"column\" data-e-type=\"column\">\n\t\t\t<div class=\"elementor-widget-wrap elementor-element-populated\">\n\t\t\t\t\t\t<div class=\"elementor-element elementor-element-d4efe00 elementor-widget elementor-widget-text-editor\" data-id=\"d4efe00\" data-element_type=\"widget\" data-e-type=\"widget\" data-widget_type=\"text-editor.default\">\n\t\t\t\t<div class=\"elementor-widget-container\">\n\t\t\t\t\t\t\t\t\t<h4><strong><span style=\"color: #7baad6;\">Les bienfaits de la s\u00e9ance <br \/><\/span><\/strong><\/h4><p><span style=\"color: #000000;\">Rel\u00e2chement du stress et des tensions<\/span><\/p><p><span style=\"color: #000000;\">R\u00e9duction de l&rsquo;anxi\u00e9t\u00e9<\/span><\/p><p><span style=\"color: #000000;\">L\u00e2cher-prise<\/span><\/p><p><span style=\"color: #000000;\">Profonde relaxation<\/span><\/p><p><span style=\"color: #000000;\">Am\u00e9lioration de votre bien-\u00eatre<\/span><\/p><p><span style=\"color: #000000;\">Soulagement des jambes lourdes<\/span><\/p><p><span style=\"color: #000000;\">\u00c9quilibre retrouv\u00e9 gr\u00e2ce \u00e0 un bon ancrage<br \/><\/span><\/p>\t\t\t\t\t\t\t\t<\/div>\n\t\t\t\t<\/div>\n\t\t\t\t\t<\/div>\n\t\t<\/div>\n\t\t\t\t\t<\/div>\n\t\t<\/section>\n\t\t\t\t\t<\/div>\n\t\t<\/div>\n\t\t\t\t<div class=\"elementor-column elementor-col-50 elementor-top-column elementor-element elementor-element-1d2a2e21\" data-id=\"1d2a2e21\" data-element_type=\"column\" data-e-type=\"column\">\n\t\t\t<div class=\"elementor-widget-wrap elementor-element-populated\">\n\t\t\t\t\t\t<div class=\"elementor-element elementor-element-b23f4cc elementor-view-default elementor-widget elementor-widget-icon\" data-id=\"b23f4cc\" data-element_type=\"widget\" data-e-type=\"widget\" data-widget_type=\"icon.default\">\n\t\t\t\t<div class=\"elementor-widget-container\">\n\t\t\t\t\t\t\t<div class=\"elementor-icon-wrapper\">\n\t\t\t<div class=\"elementor-icon\">\n\t\t\t<i aria-hidden=\"true\" class=\"fas fa-paw\"><\/i>\t\t\t<\/div>\n\t\t<\/div>\n\t\t\t\t\t\t<\/div>\n\t\t\t\t<\/div>\n\t\t\t\t<div class=\"elementor-element elementor-element-8ace250 elementor-widget elementor-widget-text-editor\" data-id=\"8ace250\" data-element_type=\"widget\" data-e-type=\"widget\" data-widget_type=\"text-editor.default\">\n\t\t\t\t<div class=\"elementor-widget-container\">\n\t\t\t\t\t\t\t\t\t<h6 style=\"text-align: center;\"><span style=\"color: #7baad6;\"><strong>Tout public<\/strong><\/span><\/h6>\t\t\t\t\t\t\t\t<\/div>\n\t\t\t\t<\/div>\n\t\t\t\t<div class=\"elementor-element elementor-element-33200b3c elementor-view-default elementor-widget elementor-widget-icon\" data-id=\"33200b3c\" data-element_type=\"widget\" data-e-type=\"widget\" data-widget_type=\"icon.default\">\n\t\t\t\t<div class=\"elementor-widget-container\">\n\t\t\t\t\t\t\t<div class=\"elementor-icon-wrapper\">\n\t\t\t<div class=\"elementor-icon\">\n\t\t\t<i aria-hidden=\"true\" class=\"fas fa-euro-sign\"><\/i>\t\t\t<\/div>\n\t\t<\/div>\n\t\t\t\t\t\t<\/div>\n\t\t\t\t<\/div>\n\t\t\t\t<div class=\"elementor-element elementor-element-5f72bd0c elementor-widget elementor-widget-text-editor\" data-id=\"5f72bd0c\" data-element_type=\"widget\" data-e-type=\"widget\" data-widget_type=\"text-editor.default\">\n\t\t\t\t<div class=\"elementor-widget-container\">\n\t\t\t\t\t\t\t\t\t<h6 style=\"text-align: center;\"><span style=\"color: #7baad6;\"><strong>30,00<\/strong><\/span><\/h6>\t\t\t\t\t\t\t\t<\/div>\n\t\t\t\t<\/div>\n\t\t\t\t<div class=\"elementor-element elementor-element-6b4466e5 elementor-view-default elementor-widget elementor-widget-icon\" data-id=\"6b4466e5\" data-element_type=\"widget\" data-e-type=\"widget\" data-widget_type=\"icon.default\">\n\t\t\t\t<div class=\"elementor-widget-container\">\n\t\t\t\t\t\t\t<div class=\"elementor-icon-wrapper\">\n\t\t\t<div class=\"elementor-icon\">\n\t\t\t<i aria-hidden=\"true\" class=\"far fa-hourglass\"><\/i>\t\t\t<\/div>\n\t\t<\/div>\n\t\t\t\t\t\t<\/div>\n\t\t\t\t<\/div>\n\t\t\t\t<div class=\"elementor-element elementor-element-27ce58a1 elementor-widget elementor-widget-text-editor\" data-id=\"27ce58a1\" data-element_type=\"widget\" data-e-type=\"widget\" data-widget_type=\"text-editor.default\">\n\t\t\t\t<div class=\"elementor-widget-container\">\n\t\t\t\t\t\t\t\t\t<h6 style=\"text-align: center;\"><strong><span style=\"color: #b39465;\">30 minutes<\/span><\/strong><\/h6>\t\t\t\t\t\t\t\t<\/div>\n\t\t\t\t<\/div>\n\t\t\t\t<div class=\"elementor-element elementor-element-aef3ba5 elementor-view-default elementor-widget elementor-widget-icon\" data-id=\"aef3ba5\" data-element_type=\"widget\" data-e-type=\"widget\" data-widget_type=\"icon.default\">\n\t\t\t\t<div class=\"elementor-widget-container\">\n\t\t\t\t\t\t\t<div class=\"elementor-icon-wrapper\">\n\t\t\t<div class=\"elementor-icon\">\n\t\t\t<i aria-hidden=\"true\" class=\"fas fa-store-alt\"><\/i>\t\t\t<\/div>\n\t\t<\/div>\n\t\t\t\t\t\t<\/div>\n\t\t\t\t<\/div>\n\t\t\t\t<div class=\"elementor-element elementor-element-6407547f elementor-widget elementor-widget-text-editor\" data-id=\"6407547f\" data-element_type=\"widget\" data-e-type=\"widget\" data-widget_type=\"text-editor.default\">\n\t\t\t\t<div class=\"elementor-widget-container\">\n\t\t\t\t\t\t\t\t\t<h6 style=\"text-align: center;\"><span style=\"color: #b39465;\"><strong>Cabinet<\/strong><\/span><\/h6>\t\t\t\t\t\t\t\t<\/div>\n\t\t\t\t<\/div>\n\t\t\t\t<div class=\"elementor-element elementor-element-0b39f2f elementor-align-center elementor-widget elementor-widget-button\" data-id=\"0b39f2f\" data-element_type=\"widget\" data-e-type=\"widget\" data-widget_type=\"button.default\">\n\t\t\t\t<div class=\"elementor-widget-container\">\n\t\t\t\t\t\t\t\t\t<div class=\"elementor-button-wrapper\">\n\t\t\t\t\t<a class=\"elementor-button elementor-button-link elementor-size-sm\" href=\"https:\/\/claudinevedere.com\/index.php\/contacts\/\" target=\"_blank\">\n\t\t\t\t\t\t<span class=\"elementor-button-content-wrapper\">\n\t\t\t\t\t\t\t\t\t<span class=\"elementor-button-text\">Prendre RV<\/span>\n\t\t\t\t\t<\/span>\n\t\t\t\t\t<\/a>\n\t\t\t\t<\/div>\n\t\t\t\t\t\t\t\t<\/div>\n\t\t\t\t<\/div>\n\t\t\t\t\t<\/div>\n\t\t<\/div>\n\t\t\t\t\t<\/div>\n\t\t<\/section>\n\t\t\t\t<\/div>\n\t\t","protected":false},"excerpt":{"rendered":"<p>Le massage des pieds, un massage anti-stress Les pieds constituent la partie du corps qui supporte toute la charge pond\u00e9rale. Ils n\u00e9cessitent donc un soin particulier.\u00a0 Ce massage est pr\u00e9conis\u00e9 apr\u00e8s une position debout prolong\u00e9e et\/ou chez les personnes s\u00e9dentaires<\/p>\n","protected":false},"author":1,"featured_media":0,"parent":0,"menu_order":0,"comment_status":"closed","ping_status":"closed","template":"","meta":{"_monsterinsights_skip_tracking":false,"_monsterinsights_sitenote_active":false,"_monsterinsights_sitenote_note":"","_monsterinsights_sitenote_category":0,"advanced_seo_description":"","jetpack_seo_html_title":"","jetpack_seo_noindex":false,"footnotes":""},"class_list":["post-286","page","type-page","status-publish","hentry"],"jetpack_sharing_enabled":true,"_links":{"self":[{"href":"https:\/\/claudinevedere.com\/index.php\/wp-json\/wp\/v2\/pages\/286","targetHints":{"allow":["GET"]}}],"collection":[{"href":"https:\/\/claudinevedere.com\/index.php\/wp-json\/wp\/v2\/pages"}],"about":[{"href":"https:\/\/claudinevedere.com\/index.php\/wp-json\/wp\/v2\/types\/page"}],"author":[{"embeddable":true,"href":"https:\/\/claudinevedere.com\/index.php\/wp-json\/wp\/v2\/users\/1"}],"replies":[{"embeddable":true,"href":"https:\/\/claudinevedere.com\/index.php\/wp-json\/wp\/v2\/comments?post=286"}],"version-history":[{"count":0,"href":"https:\/\/claudinevedere.com\/index.php\/wp-json\/wp\/v2\/pages\/286\/revisions"}],"wp:attachment":[{"href":"https:\/\/claudinevedere.com\/index.php\/wp-json\/wp\/v2\/media?parent=286"}],"curies":[{"name":"wp","href":"https:\/\/api.w.org\/{rel}","templated":true}]}}