{"id":306,"date":"2021-08-10T10:00:24","date_gmt":"2021-08-10T08:00:24","guid":{"rendered":"https:\/\/claudinevedere.com\/?page_id=306"},"modified":"2026-01-20T16:17:06","modified_gmt":"2026-01-20T15:17:06","slug":"massophro","status":"publish","type":"page","link":"https:\/\/claudinevedere.com\/index.php\/massophro\/","title":{"rendered":"Le massophro"},"content":{"rendered":"\t\t<div data-elementor-type=\"wp-page\" data-elementor-id=\"306\" class=\"elementor elementor-306\">\n\t\t\t\t\t\t<section class=\"elementor-section elementor-top-section elementor-element elementor-element-695309a elementor-section-boxed elementor-section-height-default elementor-section-height-default\" data-id=\"695309a\" data-element_type=\"section\" data-e-type=\"section\">\n\t\t\t\t\t\t<div class=\"elementor-container elementor-column-gap-default\">\n\t\t\t\t\t<div class=\"elementor-column elementor-col-100 elementor-top-column elementor-element elementor-element-60f6bdc\" data-id=\"60f6bdc\" data-element_type=\"column\" data-e-type=\"column\">\n\t\t\t<div class=\"elementor-widget-wrap elementor-element-populated\">\n\t\t\t\t\t\t<div class=\"elementor-element elementor-element-7338ed8 elementor-widget elementor-widget-image\" data-id=\"7338ed8\" data-element_type=\"widget\" data-e-type=\"widget\" data-widget_type=\"image.default\">\n\t\t\t\t<div class=\"elementor-widget-container\">\n\t\t\t\t\t\t\t\t\t\t\t\t\t\t\t<img fetchpriority=\"high\" decoding=\"async\" width=\"2000\" height=\"275\" src=\"https:\/\/claudinevedere.com\/wp-content\/uploads\/2021\/11\/17-1.png\" class=\"attachment-full size-full wp-image-2743\" alt=\"\" srcset=\"https:\/\/claudinevedere.com\/wp-content\/uploads\/2021\/11\/17-1.png 2000w, https:\/\/claudinevedere.com\/wp-content\/uploads\/2021\/11\/17-1-300x41.png 300w, https:\/\/claudinevedere.com\/wp-content\/uploads\/2021\/11\/17-1-1024x141.png 1024w, https:\/\/claudinevedere.com\/wp-content\/uploads\/2021\/11\/17-1-768x106.png 768w, https:\/\/claudinevedere.com\/wp-content\/uploads\/2021\/11\/17-1-1536x211.png 1536w, https:\/\/claudinevedere.com\/wp-content\/uploads\/2021\/11\/17-1-600x83.png 600w\" sizes=\"(max-width: 2000px) 100vw, 2000px\" \/>\t\t\t\t\t\t\t\t\t\t\t\t\t\t\t<\/div>\n\t\t\t\t<\/div>\n\t\t\t\t\t<\/div>\n\t\t<\/div>\n\t\t\t\t\t<\/div>\n\t\t<\/section>\n\t\t\t\t<section class=\"elementor-section elementor-top-section elementor-element elementor-element-6426e76b elementor-section-boxed elementor-section-height-default elementor-section-height-default\" data-id=\"6426e76b\" data-element_type=\"section\" data-e-type=\"section\">\n\t\t\t\t\t\t<div class=\"elementor-container elementor-column-gap-default\">\n\t\t\t\t\t<div class=\"elementor-column elementor-col-50 elementor-top-column elementor-element elementor-element-6906249e\" data-id=\"6906249e\" data-element_type=\"column\" data-e-type=\"column\">\n\t\t\t<div class=\"elementor-widget-wrap elementor-element-populated\">\n\t\t\t\t\t\t<div class=\"elementor-element elementor-element-66fbedae elementor-view-default elementor-widget elementor-widget-icon\" data-id=\"66fbedae\" data-element_type=\"widget\" data-e-type=\"widget\" data-widget_type=\"icon.default\">\n\t\t\t\t<div class=\"elementor-widget-container\">\n\t\t\t\t\t\t\t<div class=\"elementor-icon-wrapper\">\n\t\t\t<div class=\"elementor-icon\">\n\t\t\t<i aria-hidden=\"true\" class=\"fas fa-users\"><\/i>\t\t\t<\/div>\n\t\t<\/div>\n\t\t\t\t\t\t<\/div>\n\t\t\t\t<\/div>\n\t\t\t\t<div class=\"elementor-element elementor-element-664ed183 elementor-widget elementor-widget-text-editor\" data-id=\"664ed183\" data-element_type=\"widget\" data-e-type=\"widget\" data-widget_type=\"text-editor.default\">\n\t\t\t\t<div class=\"elementor-widget-container\">\n\t\t\t\t\t\t\t\t\t<h6 style=\"text-align: center;\"><span style=\"color: #7baad6;\"><strong>C&rsquo;est un duo original alliant le massage de bien-\u00eatre et la sophrologie.<\/strong><\/span><\/h6>\t\t\t\t\t\t\t\t<\/div>\n\t\t\t\t<\/div>\n\t\t\t\t<div class=\"elementor-element elementor-element-f7abec7 elementor-align-center elementor-widget elementor-widget-button\" data-id=\"f7abec7\" data-element_type=\"widget\" data-e-type=\"widget\" data-widget_type=\"button.default\">\n\t\t\t\t<div class=\"elementor-widget-container\">\n\t\t\t\t\t\t\t\t\t<div class=\"elementor-button-wrapper\">\n\t\t\t\t\t<a class=\"elementor-button elementor-button-link elementor-size-sm\" href=\"https:\/\/claudinevedere.com\/index.php\/contacts\/\" target=\"_blank\">\n\t\t\t\t\t\t<span class=\"elementor-button-content-wrapper\">\n\t\t\t\t\t\t\t\t\t<span class=\"elementor-button-text\">Prendre RV<\/span>\n\t\t\t\t\t<\/span>\n\t\t\t\t\t<\/a>\n\t\t\t\t<\/div>\n\t\t\t\t\t\t\t\t<\/div>\n\t\t\t\t<\/div>\n\t\t\t\t\t<\/div>\n\t\t<\/div>\n\t\t\t\t<div class=\"elementor-column elementor-col-50 elementor-top-column elementor-element elementor-element-69c351f\" data-id=\"69c351f\" data-element_type=\"column\" data-e-type=\"column\">\n\t\t\t<div class=\"elementor-widget-wrap elementor-element-populated\">\n\t\t\t\t\t\t<div class=\"elementor-element elementor-element-7340aa49 elementor-widget elementor-widget-image\" data-id=\"7340aa49\" data-element_type=\"widget\" data-e-type=\"widget\" data-widget_type=\"image.default\">\n\t\t\t\t<div class=\"elementor-widget-container\">\n\t\t\t\t\t\t\t\t\t\t\t\t\t\t\t<img decoding=\"async\" width=\"1920\" height=\"1275\" src=\"https:\/\/claudinevedere.com\/wp-content\/uploads\/2021\/10\/photos-sophrologie.jpg\" class=\"attachment-full size-full wp-image-1677\" alt=\"\" srcset=\"https:\/\/claudinevedere.com\/wp-content\/uploads\/2021\/10\/photos-sophrologie.jpg 1920w, https:\/\/claudinevedere.com\/wp-content\/uploads\/2021\/10\/photos-sophrologie-300x199.jpg 300w, https:\/\/claudinevedere.com\/wp-content\/uploads\/2021\/10\/photos-sophrologie-1024x680.jpg 1024w, https:\/\/claudinevedere.com\/wp-content\/uploads\/2021\/10\/photos-sophrologie-768x510.jpg 768w, https:\/\/claudinevedere.com\/wp-content\/uploads\/2021\/10\/photos-sophrologie-1536x1020.jpg 1536w, https:\/\/claudinevedere.com\/wp-content\/uploads\/2021\/10\/photos-sophrologie-600x398.jpg 600w\" sizes=\"(max-width: 1920px) 100vw, 1920px\" \/>\t\t\t\t\t\t\t\t\t\t\t\t\t\t\t<\/div>\n\t\t\t\t<\/div>\n\t\t\t\t\t<\/div>\n\t\t<\/div>\n\t\t\t\t\t<\/div>\n\t\t<\/section>\n\t\t\t\t<section class=\"elementor-section elementor-top-section elementor-element elementor-element-ba1faf4 elementor-section-boxed elementor-section-height-default elementor-section-height-default\" data-id=\"ba1faf4\" data-element_type=\"section\" data-e-type=\"section\">\n\t\t\t\t\t\t<div class=\"elementor-container elementor-column-gap-default\">\n\t\t\t\t\t<div class=\"elementor-column elementor-col-100 elementor-top-column elementor-element elementor-element-064f375\" data-id=\"064f375\" data-element_type=\"column\" data-e-type=\"column\">\n\t\t\t<div class=\"elementor-widget-wrap elementor-element-populated\">\n\t\t\t\t\t\t<div class=\"elementor-element elementor-element-a166c1b elementor-widget elementor-widget-text-editor\" data-id=\"a166c1b\" data-element_type=\"widget\" data-e-type=\"widget\" data-widget_type=\"text-editor.default\">\n\t\t\t\t<div class=\"elementor-widget-container\">\n\t\t\t\t\t\t\t\t\t<h4 style=\"text-align: center;\"><span style=\"color: #7baad6;\"><strong>Un rendez-vous avec soi<\/strong><\/span><\/h4><p><span style=\"color: #7baad6;\"><strong>C&rsquo;est un duo original alliant, <\/strong><\/span><span style=\"color: #7baad6;\"><strong>dans une m\u00eame s\u00e9ance, <\/strong><\/span><span style=\"color: #7baad6;\"><strong>le massage de bien-\u00eatre avec la sophrologie.<\/strong><\/span><span style=\"color: #333333;\"> Physiquement, le corps profite instantan\u00e9ment des bienfaits d\u2019un massage de bien-\u00eatre mais il est beaucoup plus difficile de l\u00e2cher-prise. <\/span><span style=\"color: #333333;\">Il offre une relaxation profonde associ\u00e9e aux vertus apaisantes ou \u00e9nergisantes des diff\u00e9rentes techniques de massage. <\/span><span style=\"color: #333333;\">Cette prestation est personnalis\u00e9e en fonction des besoins et des objectifs de chaque personne. Elle s\u2019inscrit dans une hygi\u00e8ne de vie pour retrouver votre bien-\u00eatre.<\/span> <span style=\"color: #7baad6;\"><strong>Le Massage-Sophro<\/strong><\/span> <span style=\"color: #333333;\">va donc s\u2019inscrire dans l\u2019accompagnement global de la personne.<\/span><\/p>\t\t\t\t\t\t\t\t<\/div>\n\t\t\t\t<\/div>\n\t\t\t\t\t<\/div>\n\t\t<\/div>\n\t\t\t\t\t<\/div>\n\t\t<\/section>\n\t\t\t\t<section class=\"elementor-section elementor-top-section elementor-element elementor-element-41d850db elementor-section-boxed elementor-section-height-default elementor-section-height-default\" data-id=\"41d850db\" data-element_type=\"section\" data-e-type=\"section\">\n\t\t\t\t\t\t<div class=\"elementor-container elementor-column-gap-default\">\n\t\t\t\t\t<div class=\"elementor-column elementor-col-50 elementor-top-column elementor-element elementor-element-4204328a\" data-id=\"4204328a\" data-element_type=\"column\" data-e-type=\"column\">\n\t\t\t<div class=\"elementor-widget-wrap elementor-element-populated\">\n\t\t\t\t\t\t<section class=\"elementor-section elementor-inner-section elementor-element elementor-element-7c26a17 elementor-section-boxed elementor-section-height-default elementor-section-height-default\" data-id=\"7c26a17\" data-element_type=\"section\" data-e-type=\"section\">\n\t\t\t\t\t\t<div class=\"elementor-container elementor-column-gap-default\">\n\t\t\t\t\t<div class=\"elementor-column elementor-col-50 elementor-inner-column elementor-element elementor-element-c0e2da9\" data-id=\"c0e2da9\" data-element_type=\"column\" data-e-type=\"column\">\n\t\t\t<div class=\"elementor-widget-wrap elementor-element-populated\">\n\t\t\t\t\t\t<div class=\"elementor-element elementor-element-fd1e65e elementor-widget elementor-widget-image\" data-id=\"fd1e65e\" data-element_type=\"widget\" data-e-type=\"widget\" data-widget_type=\"image.default\">\n\t\t\t\t<div class=\"elementor-widget-container\">\n\t\t\t\t\t\t\t\t\t\t\t\t\t\t\t<img decoding=\"async\" width=\"1024\" height=\"682\" src=\"https:\/\/claudinevedere.com\/wp-content\/uploads\/2021\/11\/massophro-2-1024x682.jpg\" class=\"attachment-large size-large wp-image-2775\" alt=\"\" srcset=\"https:\/\/claudinevedere.com\/wp-content\/uploads\/2021\/11\/massophro-2-1024x682.jpg 1024w, https:\/\/claudinevedere.com\/wp-content\/uploads\/2021\/11\/massophro-2-300x200.jpg 300w, https:\/\/claudinevedere.com\/wp-content\/uploads\/2021\/11\/massophro-2-768x512.jpg 768w, https:\/\/claudinevedere.com\/wp-content\/uploads\/2021\/11\/massophro-2-600x400.jpg 600w, https:\/\/claudinevedere.com\/wp-content\/uploads\/2021\/11\/massophro-2.jpg 1280w\" sizes=\"(max-width: 1024px) 100vw, 1024px\" \/>\t\t\t\t\t\t\t\t\t\t\t\t\t\t\t<\/div>\n\t\t\t\t<\/div>\n\t\t\t\t\t<\/div>\n\t\t<\/div>\n\t\t\t\t<div class=\"elementor-column elementor-col-50 elementor-inner-column elementor-element elementor-element-02b9982\" data-id=\"02b9982\" data-element_type=\"column\" data-e-type=\"column\">\n\t\t\t<div class=\"elementor-widget-wrap elementor-element-populated\">\n\t\t\t\t\t\t<div class=\"elementor-element elementor-element-eefa8ea elementor-widget elementor-widget-text-editor\" data-id=\"eefa8ea\" data-element_type=\"widget\" data-e-type=\"widget\" data-widget_type=\"text-editor.default\">\n\t\t\t\t<div class=\"elementor-widget-container\">\n\t\t\t\t\t\t\t\t\t<h4><strong><span style=\"color: #7baad6;\">Au-del\u00e0 de la d\u00e9tente, le massage de bien-\u00eatre\u00a0:<\/span><\/strong><\/h4><div>\u00a0<\/div><ul><li><span style=\"color: #000000;\"><span style=\"color: #7baad6;\">Facilite le rel\u00e2chement du corps et de l&rsquo;esprit<br \/><\/span><\/span><\/li><li><span style=\"color: #000000;\"><span style=\"color: #7baad6;\">P<span style=\"color: #333333;\"><span style=\"color: #7baad6;\">ermet de se reconnecter \u00e0 soi-m\u00eame<\/span> <span style=\"color: #7baad6;\">et renouer avec des sensations<\/span> occult\u00e9es par le stress ou les ruminations mentales<\/span><br \/><\/span><\/span><\/li><li><span style=\"color: #000000;\"><span style=\"color: #7baad6;\">R\u00e9\u00e9quilibre<\/span> le tonus dans l\u2019ensemble du corps <br \/><\/span><\/li><li><span style=\"color: #000000;\"><span style=\"color: #7baad6;\">\u00c9vacue <\/span>les tensions gr\u00e2ce \u00e0 la respiration <br \/><\/span><\/li><li><span style=\"color: #000000;\"><span style=\"color: #7baad6;\">Renforce<\/span> l&rsquo;ancrage du corps\u00a0<\/span><\/li><li><span style=\"color: #000000;\">\u00a0<\/span><\/li><\/ul>\t\t\t\t\t\t\t\t<\/div>\n\t\t\t\t<\/div>\n\t\t\t\t\t<\/div>\n\t\t<\/div>\n\t\t\t\t\t<\/div>\n\t\t<\/section>\n\t\t\t\t<section class=\"elementor-section elementor-inner-section elementor-element elementor-element-444a3b8 elementor-section-boxed elementor-section-height-default elementor-section-height-default\" data-id=\"444a3b8\" data-element_type=\"section\" data-e-type=\"section\">\n\t\t\t\t\t\t<div class=\"elementor-container elementor-column-gap-default\">\n\t\t\t\t\t<div class=\"elementor-column elementor-col-50 elementor-inner-column elementor-element elementor-element-dae3b1d\" data-id=\"dae3b1d\" data-element_type=\"column\" data-e-type=\"column\">\n\t\t\t<div class=\"elementor-widget-wrap elementor-element-populated\">\n\t\t\t\t\t\t<div class=\"elementor-element elementor-element-8438f81 elementor-widget elementor-widget-text-editor\" data-id=\"8438f81\" data-element_type=\"widget\" data-e-type=\"widget\" data-widget_type=\"text-editor.default\">\n\t\t\t\t<div class=\"elementor-widget-container\">\n\t\t\t\t\t\t\t\t\t<h4><strong><span style=\"color: #7baad6;\">J\u2019associe aux massages, la relaxation pour :<\/span><\/strong><\/h4><div>\u00a0<\/div><ul><li><span style=\"color: #333333;\"><span style=\"color: #7baad6;\">Apaiser<\/span> les tensions <br \/><\/span><\/li><li><span style=\"color: #333333;\"><span style=\"color: #7baad6;\">Ancrer et renforcer<\/span> durablement le bien-\u00eatre<br \/><\/span><\/li><li><span style=\"color: #333333;\"><span style=\"color: #7baad6;\">Se relaxer<\/span> de mani\u00e8re douce et naturelle<\/span><\/li><li><span style=\"color: #7baad6;\">Installer et p\u00e9renniser<\/span> <span style=\"color: #333333;\">les b\u00e9n\u00e9fices du massage <br \/><\/span><\/li><li><span style=\"color: #333333;\"><span style=\"color: #7baad6;\">L\u00e2cher-prise<\/span> sur les pr\u00e9occupations du quotidien<br \/><\/span><\/li><li class=\"TrT0Xe\"><span style=\"color: #333333;\"><span style=\"color: #7baad6;\">Int\u00e9grer des exercices de respiration<\/span> dans le cadre de la gestion du stress, des \u00e9motions ou de la qualit\u00e9 du sommeil<br \/><\/span><\/li><li class=\"TrT0Xe\"><span style=\"color: #333333;\"><span style=\"color: #7baad6;\">Utiliser mentalement les sensations positives agr\u00e9ables <span style=\"color: #333333;\">du massage pour g\u00e9rer des sensations n\u00e9gatives<\/span><\/span><\/span><\/li><li class=\"TrT0Xe\">\u00a0<\/li><\/ul><p><span style=\"color: #333333;\">\u00a0<\/span><\/p><p>\u00a0<\/p>\t\t\t\t\t\t\t\t<\/div>\n\t\t\t\t<\/div>\n\t\t\t\t\t<\/div>\n\t\t<\/div>\n\t\t\t\t<div class=\"elementor-column elementor-col-50 elementor-inner-column elementor-element elementor-element-5ca4f72\" data-id=\"5ca4f72\" data-element_type=\"column\" data-e-type=\"column\">\n\t\t\t<div class=\"elementor-widget-wrap elementor-element-populated\">\n\t\t\t\t\t\t<div class=\"elementor-element elementor-element-8f24c54 elementor-widget elementor-widget-image\" data-id=\"8f24c54\" data-element_type=\"widget\" data-e-type=\"widget\" data-widget_type=\"image.default\">\n\t\t\t\t<div class=\"elementor-widget-container\">\n\t\t\t\t\t\t\t\t\t\t\t\t\t\t\t<img loading=\"lazy\" decoding=\"async\" width=\"1280\" height=\"853\" src=\"https:\/\/claudinevedere.com\/wp-content\/uploads\/2021\/11\/massophro-3-e1635891702515.jpg\" class=\"attachment-2048x2048 size-2048x2048 wp-image-2779\" alt=\"\" \/>\t\t\t\t\t\t\t\t\t\t\t\t\t\t\t<\/div>\n\t\t\t\t<\/div>\n\t\t\t\t\t<\/div>\n\t\t<\/div>\n\t\t\t\t\t<\/div>\n\t\t<\/section>\n\t\t\t\t\t<\/div>\n\t\t<\/div>\n\t\t\t\t<div class=\"elementor-column elementor-col-50 elementor-top-column elementor-element elementor-element-f060451\" data-id=\"f060451\" data-element_type=\"column\" data-e-type=\"column\">\n\t\t\t<div class=\"elementor-widget-wrap elementor-element-populated\">\n\t\t\t\t\t\t<div class=\"elementor-element elementor-element-3d2c7edc elementor-view-default elementor-widget elementor-widget-icon\" data-id=\"3d2c7edc\" data-element_type=\"widget\" data-e-type=\"widget\" data-widget_type=\"icon.default\">\n\t\t\t\t<div class=\"elementor-widget-container\">\n\t\t\t\t\t\t\t<div class=\"elementor-icon-wrapper\">\n\t\t\t<div class=\"elementor-icon\">\n\t\t\t<i aria-hidden=\"true\" class=\"fas fa-euro-sign\"><\/i>\t\t\t<\/div>\n\t\t<\/div>\n\t\t\t\t\t\t<\/div>\n\t\t\t\t<\/div>\n\t\t\t\t<div class=\"elementor-element elementor-element-6f189060 elementor-widget elementor-widget-text-editor\" data-id=\"6f189060\" data-element_type=\"widget\" data-e-type=\"widget\" data-widget_type=\"text-editor.default\">\n\t\t\t\t<div class=\"elementor-widget-container\">\n\t\t\t\t\t\t\t\t\t<h6 style=\"text-align: center;\"><strong><span style=\"color: #51702d;\">50,00<\/span><\/strong><\/h6><p>\u00a0<\/p>\t\t\t\t\t\t\t\t<\/div>\n\t\t\t\t<\/div>\n\t\t\t\t<div class=\"elementor-element elementor-element-1cdc43b2 elementor-view-default elementor-widget elementor-widget-icon\" data-id=\"1cdc43b2\" data-element_type=\"widget\" data-e-type=\"widget\" data-widget_type=\"icon.default\">\n\t\t\t\t<div class=\"elementor-widget-container\">\n\t\t\t\t\t\t\t<div class=\"elementor-icon-wrapper\">\n\t\t\t<div class=\"elementor-icon\">\n\t\t\t<i aria-hidden=\"true\" class=\"far fa-hourglass\"><\/i>\t\t\t<\/div>\n\t\t<\/div>\n\t\t\t\t\t\t<\/div>\n\t\t\t\t<\/div>\n\t\t\t\t<div class=\"elementor-element elementor-element-664a936f elementor-widget elementor-widget-text-editor\" data-id=\"664a936f\" data-element_type=\"widget\" data-e-type=\"widget\" data-widget_type=\"text-editor.default\">\n\t\t\t\t<div class=\"elementor-widget-container\">\n\t\t\t\t\t\t\t\t\t<h6 style=\"text-align: center;\"><strong><span style=\"color: #b39465;\">1 heure<\/span><\/strong><\/h6>\t\t\t\t\t\t\t\t<\/div>\n\t\t\t\t<\/div>\n\t\t\t\t<div class=\"elementor-element elementor-element-706af957 elementor-widget elementor-widget-text-editor\" data-id=\"706af957\" data-element_type=\"widget\" data-e-type=\"widget\" data-widget_type=\"text-editor.default\">\n\t\t\t\t<div class=\"elementor-widget-container\">\n\t\t\t\t\t\t\t\t\t<h6 style=\"text-align: center;\"><span style=\"color: #bb82f5;\"><strong><span style=\"color: #7baad6;\">Cabinet<\/span> <\/strong><\/span><\/h6>\t\t\t\t\t\t\t\t<\/div>\n\t\t\t\t<\/div>\n\t\t\t\t<div class=\"elementor-element elementor-element-2496996e elementor-view-default elementor-widget elementor-widget-icon\" data-id=\"2496996e\" data-element_type=\"widget\" data-e-type=\"widget\" data-widget_type=\"icon.default\">\n\t\t\t\t<div class=\"elementor-widget-container\">\n\t\t\t\t\t\t\t<div class=\"elementor-icon-wrapper\">\n\t\t\t<div class=\"elementor-icon\">\n\t\t\t<i aria-hidden=\"true\" class=\"fas fa-store-alt\"><\/i>\t\t\t<\/div>\n\t\t<\/div>\n\t\t\t\t\t\t<\/div>\n\t\t\t\t<\/div>\n\t\t\t\t<div class=\"elementor-element elementor-element-bbbd33a elementor-align-center elementor-widget elementor-widget-button\" data-id=\"bbbd33a\" data-element_type=\"widget\" data-e-type=\"widget\" data-widget_type=\"button.default\">\n\t\t\t\t<div class=\"elementor-widget-container\">\n\t\t\t\t\t\t\t\t\t<div class=\"elementor-button-wrapper\">\n\t\t\t\t\t<a class=\"elementor-button elementor-button-link elementor-size-sm\" href=\"https:\/\/claudinevedere.com\/index.php\/contacts\/\" target=\"_blank\">\n\t\t\t\t\t\t<span class=\"elementor-button-content-wrapper\">\n\t\t\t\t\t\t\t\t\t<span class=\"elementor-button-text\">Prendre RV<\/span>\n\t\t\t\t\t<\/span>\n\t\t\t\t\t<\/a>\n\t\t\t\t<\/div>\n\t\t\t\t\t\t\t\t<\/div>\n\t\t\t\t<\/div>\n\t\t\t\t\t<\/div>\n\t\t<\/div>\n\t\t\t\t\t<\/div>\n\t\t<\/section>\n\t\t\t\t<\/div>\n\t\t","protected":false},"excerpt":{"rendered":"<p>C&rsquo;est un duo original alliant le massage de bien-\u00eatre et la sophrologie. Prendre RV Un rendez-vous avec soi C&rsquo;est un duo original alliant, dans une m\u00eame s\u00e9ance, le massage de bien-\u00eatre avec la sophrologie. Physiquement, le corps profite instantan\u00e9ment des<\/p>\n","protected":false},"author":1,"featured_media":0,"parent":0,"menu_order":0,"comment_status":"closed","ping_status":"closed","template":"","meta":{"_monsterinsights_skip_tracking":false,"_monsterinsights_sitenote_active":false,"_monsterinsights_sitenote_note":"","_monsterinsights_sitenote_category":0,"advanced_seo_description":"","jetpack_seo_html_title":"","jetpack_seo_noindex":false,"footnotes":""},"class_list":["post-306","page","type-page","status-publish","hentry"],"jetpack_sharing_enabled":true,"_links":{"self":[{"href":"https:\/\/claudinevedere.com\/index.php\/wp-json\/wp\/v2\/pages\/306","targetHints":{"allow":["GET"]}}],"collection":[{"href":"https:\/\/claudinevedere.com\/index.php\/wp-json\/wp\/v2\/pages"}],"about":[{"href":"https:\/\/claudinevedere.com\/index.php\/wp-json\/wp\/v2\/types\/page"}],"author":[{"embeddable":true,"href":"https:\/\/claudinevedere.com\/index.php\/wp-json\/wp\/v2\/users\/1"}],"replies":[{"embeddable":true,"href":"https:\/\/claudinevedere.com\/index.php\/wp-json\/wp\/v2\/comments?post=306"}],"version-history":[{"count":0,"href":"https:\/\/claudinevedere.com\/index.php\/wp-json\/wp\/v2\/pages\/306\/revisions"}],"wp:attachment":[{"href":"https:\/\/claudinevedere.com\/index.php\/wp-json\/wp\/v2\/media?parent=306"}],"curies":[{"name":"wp","href":"https:\/\/api.w.org\/{rel}","templated":true}]}}