{"id":3262,"date":"2021-11-05T18:37:20","date_gmt":"2021-11-05T17:37:20","guid":{"rendered":"https:\/\/claudinevedere.com\/?page_id=3262"},"modified":"2026-01-20T10:46:06","modified_gmt":"2026-01-20T09:46:06","slug":"jalousie-rivalites-disputes-dans-la-fratrie","status":"publish","type":"page","link":"https:\/\/claudinevedere.com\/index.php\/jalousie-rivalites-disputes-dans-la-fratrie\/","title":{"rendered":"Jalousie, rivalit\u00e9s, disputes dans la fratrie"},"content":{"rendered":"\t\t<div data-elementor-type=\"wp-page\" data-elementor-id=\"3262\" class=\"elementor elementor-3262\">\n\t\t\t\t\t\t<section class=\"elementor-section elementor-top-section elementor-element elementor-element-9b02f53 elementor-section-boxed elementor-section-height-default elementor-section-height-default\" data-id=\"9b02f53\" data-element_type=\"section\" data-e-type=\"section\">\n\t\t\t\t\t\t<div class=\"elementor-container elementor-column-gap-default\">\n\t\t\t\t\t<div class=\"elementor-column elementor-col-100 elementor-top-column elementor-element elementor-element-0a2f34e\" data-id=\"0a2f34e\" data-element_type=\"column\" data-e-type=\"column\">\n\t\t\t<div class=\"elementor-widget-wrap elementor-element-populated\">\n\t\t\t\t\t\t<div class=\"elementor-element elementor-element-cccd2b5 elementor-widget elementor-widget-image\" data-id=\"cccd2b5\" data-element_type=\"widget\" data-e-type=\"widget\" data-widget_type=\"image.default\">\n\t\t\t\t<div class=\"elementor-widget-container\">\n\t\t\t\t\t\t\t\t\t\t\t\t\t\t\t\t<a href=\"https:\/\/claudinevedere.com\/index.php\/jalousie-rivalites-disputes-dans-la-fratrie\/\">\n\t\t\t\t\t\t\t<img fetchpriority=\"high\" decoding=\"async\" width=\"2000\" height=\"275\" src=\"https:\/\/claudinevedere.com\/wp-content\/uploads\/2021\/11\/atelier-parent-jalousie-rivalites-disputes-dans-la-fratrie.png\" class=\"attachment-full size-full wp-image-3269\" alt=\"\" srcset=\"https:\/\/claudinevedere.com\/wp-content\/uploads\/2021\/11\/atelier-parent-jalousie-rivalites-disputes-dans-la-fratrie.png 2000w, https:\/\/claudinevedere.com\/wp-content\/uploads\/2021\/11\/atelier-parent-jalousie-rivalites-disputes-dans-la-fratrie-300x41.png 300w, https:\/\/claudinevedere.com\/wp-content\/uploads\/2021\/11\/atelier-parent-jalousie-rivalites-disputes-dans-la-fratrie-1024x141.png 1024w, https:\/\/claudinevedere.com\/wp-content\/uploads\/2021\/11\/atelier-parent-jalousie-rivalites-disputes-dans-la-fratrie-768x106.png 768w, https:\/\/claudinevedere.com\/wp-content\/uploads\/2021\/11\/atelier-parent-jalousie-rivalites-disputes-dans-la-fratrie-1536x211.png 1536w, https:\/\/claudinevedere.com\/wp-content\/uploads\/2021\/11\/atelier-parent-jalousie-rivalites-disputes-dans-la-fratrie-600x83.png 600w\" sizes=\"(max-width: 2000px) 100vw, 2000px\" \/>\t\t\t\t\t\t\t\t<\/a>\n\t\t\t\t\t\t\t\t\t\t\t\t\t\t\t<\/div>\n\t\t\t\t<\/div>\n\t\t\t\t\t<\/div>\n\t\t<\/div>\n\t\t\t\t\t<\/div>\n\t\t<\/section>\n\t\t\t\t<section class=\"elementor-section elementor-top-section elementor-element elementor-element-f39d490 elementor-section-boxed elementor-section-height-default elementor-section-height-default\" data-id=\"f39d490\" data-element_type=\"section\" data-e-type=\"section\">\n\t\t\t\t\t\t<div class=\"elementor-container elementor-column-gap-default\">\n\t\t\t\t\t<div class=\"elementor-column elementor-col-50 elementor-top-column elementor-element elementor-element-9fe029a\" data-id=\"9fe029a\" data-element_type=\"column\" data-e-type=\"column\">\n\t\t\t<div class=\"elementor-widget-wrap elementor-element-populated\">\n\t\t\t\t\t\t<div class=\"elementor-element elementor-element-9974405 elementor-widget elementor-widget-text-editor\" data-id=\"9974405\" data-element_type=\"widget\" data-e-type=\"widget\" data-widget_type=\"text-editor.default\">\n\t\t\t\t<div class=\"elementor-widget-container\">\n\t\t\t\t\t\t\t\t\t<p><span style=\"color: #333333;\">Cette formation est destin\u00e9e aux parents et aux grands-parents. Elle alterne des expos\u00e9s th\u00e9oriques, des jeux de r\u00f4le, des vid\u00e9os&#8230; Des outils bas\u00e9s sur les p\u00e9dagogies ludiques ponctuent les journ\u00e9es.<\/span><\/p>\t\t\t\t\t\t\t\t<\/div>\n\t\t\t\t<\/div>\n\t\t\t\t<div class=\"elementor-element elementor-element-4a131ed elementor-align-center elementor-widget elementor-widget-button\" data-id=\"4a131ed\" data-element_type=\"widget\" data-e-type=\"widget\" data-widget_type=\"button.default\">\n\t\t\t\t<div class=\"elementor-widget-container\">\n\t\t\t\t\t\t\t\t\t<div class=\"elementor-button-wrapper\">\n\t\t\t\t\t<a class=\"elementor-button elementor-button-link elementor-size-sm\" href=\"https:\/\/claudinevedere.com\/index.php\/contacts\/\" target=\"_blank\">\n\t\t\t\t\t\t<span class=\"elementor-button-content-wrapper\">\n\t\t\t\t\t\t\t\t\t<span class=\"elementor-button-text\">Prendre RV<\/span>\n\t\t\t\t\t<\/span>\n\t\t\t\t\t<\/a>\n\t\t\t\t<\/div>\n\t\t\t\t\t\t\t\t<\/div>\n\t\t\t\t<\/div>\n\t\t\t\t\t<\/div>\n\t\t<\/div>\n\t\t\t\t<div class=\"elementor-column elementor-col-50 elementor-top-column elementor-element elementor-element-26add6c\" data-id=\"26add6c\" data-element_type=\"column\" data-e-type=\"column\">\n\t\t\t<div class=\"elementor-widget-wrap elementor-element-populated\">\n\t\t\t\t\t\t<div class=\"elementor-element elementor-element-3ec5891 elementor-widget elementor-widget-image\" data-id=\"3ec5891\" data-element_type=\"widget\" data-e-type=\"widget\" data-widget_type=\"image.default\">\n\t\t\t\t<div class=\"elementor-widget-container\">\n\t\t\t\t\t\t\t\t\t\t\t\t\t\t\t<img decoding=\"async\" width=\"150\" height=\"150\" src=\"https:\/\/claudinevedere.com\/wp-content\/uploads\/2021\/11\/eclair-150x150.png\" class=\"attachment-thumbnail size-thumbnail wp-image-3852\" alt=\"\" srcset=\"https:\/\/claudinevedere.com\/wp-content\/uploads\/2021\/11\/eclair-150x150.png 150w, https:\/\/claudinevedere.com\/wp-content\/uploads\/2021\/11\/eclair-230x230.png 230w, https:\/\/claudinevedere.com\/wp-content\/uploads\/2021\/11\/eclair-365x365.png 365w, https:\/\/claudinevedere.com\/wp-content\/uploads\/2021\/11\/eclair-300x300.png 300w, https:\/\/claudinevedere.com\/wp-content\/uploads\/2021\/11\/eclair-100x100.png 100w\" sizes=\"(max-width: 150px) 100vw, 150px\" \/>\t\t\t\t\t\t\t\t\t\t\t\t\t\t\t<\/div>\n\t\t\t\t<\/div>\n\t\t\t\t\t<\/div>\n\t\t<\/div>\n\t\t\t\t\t<\/div>\n\t\t<\/section>\n\t\t\t\t<section class=\"elementor-section elementor-top-section elementor-element elementor-element-ad1e120 elementor-section-boxed elementor-section-height-default elementor-section-height-default\" data-id=\"ad1e120\" data-element_type=\"section\" data-e-type=\"section\">\n\t\t\t\t\t\t<div class=\"elementor-container elementor-column-gap-extended\">\n\t\t\t\t\t<div class=\"elementor-column elementor-col-20 elementor-top-column elementor-element elementor-element-29b6f30\" data-id=\"29b6f30\" data-element_type=\"column\" data-e-type=\"column\">\n\t\t\t<div class=\"elementor-widget-wrap elementor-element-populated\">\n\t\t\t\t\t\t<div class=\"elementor-element elementor-element-94e487e elementor-widget elementor-widget-image\" data-id=\"94e487e\" data-element_type=\"widget\" data-e-type=\"widget\" data-widget_type=\"image.default\">\n\t\t\t\t<div class=\"elementor-widget-container\">\n\t\t\t\t\t\t\t\t\t\t\t\t\t\t\t<img decoding=\"async\" width=\"300\" height=\"300\" src=\"https:\/\/claudinevedere.com\/wp-content\/uploads\/2021\/11\/21-4-300x300.png\" class=\"attachment-medium size-medium wp-image-3293\" alt=\"\" srcset=\"https:\/\/claudinevedere.com\/wp-content\/uploads\/2021\/11\/21-4-300x300.png 300w, https:\/\/claudinevedere.com\/wp-content\/uploads\/2021\/11\/21-4-1024x1024.png 1024w, https:\/\/claudinevedere.com\/wp-content\/uploads\/2021\/11\/21-4-150x150.png 150w, https:\/\/claudinevedere.com\/wp-content\/uploads\/2021\/11\/21-4-768x768.png 768w, https:\/\/claudinevedere.com\/wp-content\/uploads\/2021\/11\/21-4-230x230.png 230w, https:\/\/claudinevedere.com\/wp-content\/uploads\/2021\/11\/21-4-365x365.png 365w, https:\/\/claudinevedere.com\/wp-content\/uploads\/2021\/11\/21-4-600x600.png 600w, https:\/\/claudinevedere.com\/wp-content\/uploads\/2021\/11\/21-4-100x100.png 100w, https:\/\/claudinevedere.com\/wp-content\/uploads\/2021\/11\/21-4.png 1080w\" sizes=\"(max-width: 300px) 100vw, 300px\" \/>\t\t\t\t\t\t\t\t\t\t\t\t\t\t\t<\/div>\n\t\t\t\t<\/div>\n\t\t\t\t<div class=\"elementor-element elementor-element-4a9212d elementor-align-left elementor-widget elementor-widget-button\" data-id=\"4a9212d\" data-element_type=\"widget\" data-e-type=\"widget\" data-widget_type=\"button.default\">\n\t\t\t\t<div class=\"elementor-widget-container\">\n\t\t\t\t\t\t\t\t\t<div class=\"elementor-button-wrapper\">\n\t\t\t\t\t<a class=\"elementor-button elementor-size-sm\" role=\"button\">\n\t\t\t\t\t\t<span class=\"elementor-button-content-wrapper\">\n\t\t\t\t\t\t\t\t\t<span class=\"elementor-button-text\">Module 1<\/span>\n\t\t\t\t\t<\/span>\n\t\t\t\t\t<\/a>\n\t\t\t\t<\/div>\n\t\t\t\t\t\t\t\t<\/div>\n\t\t\t\t<\/div>\n\t\t\t\t<div class=\"elementor-element elementor-element-ccede37 elementor-widget elementor-widget-text-editor\" data-id=\"ccede37\" data-element_type=\"widget\" data-e-type=\"widget\" data-widget_type=\"text-editor.default\">\n\t\t\t\t<div class=\"elementor-widget-container\">\n\t\t\t\t\t\t\t\t\t<p><span style=\"color: #333333;\">Comprendre le r\u00f4le de l&rsquo;\u00e9motion jalousie et sa sp\u00e9cificit\u00e9 dans les relations fraternelles et autres<\/span><\/p><p><span style=\"color: #333333;\">D\u00e9couvrir les sp\u00e9cificit\u00e9s du d\u00e9veloppement du cerveau de l&rsquo;enfant et comprendre l&rsquo;impact sur ces r\u00e9actions et comportements quand il se sent jaloux<\/span><\/p><p><span style=\"color: #333333;\">Apprendre des cl\u00e9s pour aider votre enfant \u00e0 r\u00e9guler son \u00e9motion, en la connaissant, en l\u2019exprimant, en la comprenant<\/span><\/p><p><span style=\"color: #333333;\">S&rsquo;exercer \u00e0 accueillir la jalousie de votre enfant ou de vos enfants dans diverses situations<\/span><\/p>\t\t\t\t\t\t\t\t<\/div>\n\t\t\t\t<\/div>\n\t\t\t\t\t<\/div>\n\t\t<\/div>\n\t\t\t\t<div class=\"elementor-column elementor-col-20 elementor-top-column elementor-element elementor-element-7911ec1\" data-id=\"7911ec1\" data-element_type=\"column\" data-e-type=\"column\">\n\t\t\t<div class=\"elementor-widget-wrap elementor-element-populated\">\n\t\t\t\t\t\t<div class=\"elementor-element elementor-element-cfc3243 elementor-widget elementor-widget-image\" data-id=\"cfc3243\" data-element_type=\"widget\" data-e-type=\"widget\" data-widget_type=\"image.default\">\n\t\t\t\t<div class=\"elementor-widget-container\">\n\t\t\t\t\t\t\t\t\t\t\t\t\t\t\t<img loading=\"lazy\" decoding=\"async\" width=\"300\" height=\"300\" src=\"https:\/\/claudinevedere.com\/wp-content\/uploads\/2021\/11\/22-3-300x300.png\" class=\"attachment-medium size-medium wp-image-3294\" alt=\"\" srcset=\"https:\/\/claudinevedere.com\/wp-content\/uploads\/2021\/11\/22-3-300x300.png 300w, https:\/\/claudinevedere.com\/wp-content\/uploads\/2021\/11\/22-3-1024x1024.png 1024w, https:\/\/claudinevedere.com\/wp-content\/uploads\/2021\/11\/22-3-150x150.png 150w, https:\/\/claudinevedere.com\/wp-content\/uploads\/2021\/11\/22-3-768x768.png 768w, https:\/\/claudinevedere.com\/wp-content\/uploads\/2021\/11\/22-3-230x230.png 230w, https:\/\/claudinevedere.com\/wp-content\/uploads\/2021\/11\/22-3-365x365.png 365w, https:\/\/claudinevedere.com\/wp-content\/uploads\/2021\/11\/22-3-600x600.png 600w, https:\/\/claudinevedere.com\/wp-content\/uploads\/2021\/11\/22-3-100x100.png 100w, https:\/\/claudinevedere.com\/wp-content\/uploads\/2021\/11\/22-3.png 1080w\" sizes=\"(max-width: 300px) 100vw, 300px\" \/>\t\t\t\t\t\t\t\t\t\t\t\t\t\t\t<\/div>\n\t\t\t\t<\/div>\n\t\t\t\t<div class=\"elementor-element elementor-element-c339984 elementor-align-left elementor-widget elementor-widget-button\" data-id=\"c339984\" data-element_type=\"widget\" data-e-type=\"widget\" data-widget_type=\"button.default\">\n\t\t\t\t<div class=\"elementor-widget-container\">\n\t\t\t\t\t\t\t\t\t<div class=\"elementor-button-wrapper\">\n\t\t\t\t\t<a class=\"elementor-button elementor-size-sm\" role=\"button\">\n\t\t\t\t\t\t<span class=\"elementor-button-content-wrapper\">\n\t\t\t\t\t\t\t\t\t<span class=\"elementor-button-text\">Module 2<\/span>\n\t\t\t\t\t<\/span>\n\t\t\t\t\t<\/a>\n\t\t\t\t<\/div>\n\t\t\t\t\t\t\t\t<\/div>\n\t\t\t\t<\/div>\n\t\t\t\t<div class=\"elementor-element elementor-element-7cf3fb6 elementor-widget elementor-widget-text-editor\" data-id=\"7cf3fb6\" data-element_type=\"widget\" data-e-type=\"widget\" data-widget_type=\"text-editor.default\">\n\t\t\t\t<div class=\"elementor-widget-container\">\n\t\t\t\t\t\t\t\t\t<p><span style=\"color: #333333;\">Comprendre le r\u00f4le des disputes et des conflits<\/span><\/p><p><span style=\"color: #333333;\">D\u00e9couvrir que les disputes sont aussi une occasion de d\u00e9velopper son intelligence interpersonnelle<\/span><\/p><p><span style=\"color: #333333;\">Comprendre les cons\u00e9quences de l&rsquo;attitude de l&rsquo;adulte lors de ces situations difficiles<\/span><\/p><p><span style=\"color: #333333;\">Saisir la diff\u00e9rence entre arbitre et m\u00e9diateur<\/span><\/p><p><span style=\"color: #333333;\">D\u00e9couvrir les 5 cl\u00e9s de la communication bienveillante face au conflit avec des interventions cibl\u00e9es selon le degr\u00e9 de la dispute<\/span><\/p>\t\t\t\t\t\t\t\t<\/div>\n\t\t\t\t<\/div>\n\t\t\t\t\t<\/div>\n\t\t<\/div>\n\t\t\t\t<div class=\"elementor-column elementor-col-20 elementor-top-column elementor-element elementor-element-ccb595d\" data-id=\"ccb595d\" data-element_type=\"column\" data-e-type=\"column\">\n\t\t\t<div class=\"elementor-widget-wrap elementor-element-populated\">\n\t\t\t\t\t\t<div class=\"elementor-element elementor-element-e928f7e elementor-widget elementor-widget-image\" data-id=\"e928f7e\" data-element_type=\"widget\" data-e-type=\"widget\" data-widget_type=\"image.default\">\n\t\t\t\t<div class=\"elementor-widget-container\">\n\t\t\t\t\t\t\t\t\t\t\t\t\t\t\t<img loading=\"lazy\" decoding=\"async\" width=\"300\" height=\"300\" src=\"https:\/\/claudinevedere.com\/wp-content\/uploads\/2021\/11\/23-2-300x300.png\" class=\"attachment-medium size-medium wp-image-3295\" alt=\"\" srcset=\"https:\/\/claudinevedere.com\/wp-content\/uploads\/2021\/11\/23-2-300x300.png 300w, https:\/\/claudinevedere.com\/wp-content\/uploads\/2021\/11\/23-2-1024x1024.png 1024w, https:\/\/claudinevedere.com\/wp-content\/uploads\/2021\/11\/23-2-150x150.png 150w, https:\/\/claudinevedere.com\/wp-content\/uploads\/2021\/11\/23-2-768x768.png 768w, https:\/\/claudinevedere.com\/wp-content\/uploads\/2021\/11\/23-2-230x230.png 230w, https:\/\/claudinevedere.com\/wp-content\/uploads\/2021\/11\/23-2-365x365.png 365w, https:\/\/claudinevedere.com\/wp-content\/uploads\/2021\/11\/23-2-600x600.png 600w, https:\/\/claudinevedere.com\/wp-content\/uploads\/2021\/11\/23-2-100x100.png 100w, https:\/\/claudinevedere.com\/wp-content\/uploads\/2021\/11\/23-2.png 1080w\" sizes=\"(max-width: 300px) 100vw, 300px\" \/>\t\t\t\t\t\t\t\t\t\t\t\t\t\t\t<\/div>\n\t\t\t\t<\/div>\n\t\t\t\t<div class=\"elementor-element elementor-element-0903cba elementor-align-left elementor-widget elementor-widget-button\" data-id=\"0903cba\" data-element_type=\"widget\" data-e-type=\"widget\" data-widget_type=\"button.default\">\n\t\t\t\t<div class=\"elementor-widget-container\">\n\t\t\t\t\t\t\t\t\t<div class=\"elementor-button-wrapper\">\n\t\t\t\t\t<a class=\"elementor-button elementor-size-sm\" role=\"button\">\n\t\t\t\t\t\t<span class=\"elementor-button-content-wrapper\">\n\t\t\t\t\t\t\t\t\t<span class=\"elementor-button-text\">Module 3<\/span>\n\t\t\t\t\t<\/span>\n\t\t\t\t\t<\/a>\n\t\t\t\t<\/div>\n\t\t\t\t\t\t\t\t<\/div>\n\t\t\t\t<\/div>\n\t\t\t\t<div class=\"elementor-element elementor-element-f941d5c elementor-widget elementor-widget-text-editor\" data-id=\"f941d5c\" data-element_type=\"widget\" data-e-type=\"widget\" data-widget_type=\"text-editor.default\">\n\t\t\t\t<div class=\"elementor-widget-container\">\n\t\t\t\t\t\t\t\t\t<p><span style=\"color: #333333;\">Comprendre le c\u00f4t\u00e9 \u00ab\u00a0comptable\u00a0\u00bb inn\u00e9 chez chaque enfant<\/span><\/p><p><span style=\"color: #333333;\">D\u00e9couvrir un outil concret et pragmatique qui permet d&rsquo;\u00e9viter d&rsquo;attiser les rivalit\u00e9s et les comparaisons entre les enfants<\/span><\/p><p><span style=\"color: #333333;\">Saisir la diff\u00e9rence entre \u00e9galit\u00e9 et \u00e9quit\u00e9<\/span><\/p><p><span style=\"color: #333333;\">D\u00e9couvrir les sp\u00e9cificit\u00e9s du besoin d&rsquo;unicit\u00e9 qu\u2019a chaque enfant et comment y r\u00e9pondre sans renforcer la concurrence<\/span><\/p><p>\u00a0<\/p>\t\t\t\t\t\t\t\t<\/div>\n\t\t\t\t<\/div>\n\t\t\t\t\t<\/div>\n\t\t<\/div>\n\t\t\t\t<div class=\"elementor-column elementor-col-20 elementor-top-column elementor-element elementor-element-6c858b5\" data-id=\"6c858b5\" data-element_type=\"column\" data-e-type=\"column\">\n\t\t\t<div class=\"elementor-widget-wrap elementor-element-populated\">\n\t\t\t\t\t\t<div class=\"elementor-element elementor-element-8d12002 elementor-widget elementor-widget-image\" data-id=\"8d12002\" data-element_type=\"widget\" data-e-type=\"widget\" data-widget_type=\"image.default\">\n\t\t\t\t<div class=\"elementor-widget-container\">\n\t\t\t\t\t\t\t\t\t\t\t\t\t\t\t<img loading=\"lazy\" decoding=\"async\" width=\"300\" height=\"300\" src=\"https:\/\/claudinevedere.com\/wp-content\/uploads\/2021\/11\/24-3-300x300.png\" class=\"attachment-medium size-medium wp-image-3296\" alt=\"\" srcset=\"https:\/\/claudinevedere.com\/wp-content\/uploads\/2021\/11\/24-3-300x300.png 300w, https:\/\/claudinevedere.com\/wp-content\/uploads\/2021\/11\/24-3-1024x1024.png 1024w, https:\/\/claudinevedere.com\/wp-content\/uploads\/2021\/11\/24-3-150x150.png 150w, https:\/\/claudinevedere.com\/wp-content\/uploads\/2021\/11\/24-3-768x768.png 768w, https:\/\/claudinevedere.com\/wp-content\/uploads\/2021\/11\/24-3-230x230.png 230w, https:\/\/claudinevedere.com\/wp-content\/uploads\/2021\/11\/24-3-365x365.png 365w, https:\/\/claudinevedere.com\/wp-content\/uploads\/2021\/11\/24-3-600x600.png 600w, https:\/\/claudinevedere.com\/wp-content\/uploads\/2021\/11\/24-3-100x100.png 100w, https:\/\/claudinevedere.com\/wp-content\/uploads\/2021\/11\/24-3.png 1080w\" sizes=\"(max-width: 300px) 100vw, 300px\" \/>\t\t\t\t\t\t\t\t\t\t\t\t\t\t\t<\/div>\n\t\t\t\t<\/div>\n\t\t\t\t<div class=\"elementor-element elementor-element-29334e9 elementor-widget elementor-widget-button\" data-id=\"29334e9\" data-element_type=\"widget\" data-e-type=\"widget\" data-widget_type=\"button.default\">\n\t\t\t\t<div class=\"elementor-widget-container\">\n\t\t\t\t\t\t\t\t\t<div class=\"elementor-button-wrapper\">\n\t\t\t\t\t<a class=\"elementor-button elementor-size-sm\" role=\"button\">\n\t\t\t\t\t\t<span class=\"elementor-button-content-wrapper\">\n\t\t\t\t\t\t\t\t\t<span class=\"elementor-button-text\">Module 4<\/span>\n\t\t\t\t\t<\/span>\n\t\t\t\t\t<\/a>\n\t\t\t\t<\/div>\n\t\t\t\t\t\t\t\t<\/div>\n\t\t\t\t<\/div>\n\t\t\t\t<div class=\"elementor-element elementor-element-341417a elementor-widget elementor-widget-text-editor\" data-id=\"341417a\" data-element_type=\"widget\" data-e-type=\"widget\" data-widget_type=\"text-editor.default\">\n\t\t\t\t<div class=\"elementor-widget-container\">\n\t\t\t\t\t\t\t\t\t<p><span style=\"color: #333333;\">Accompagner l&rsquo;enfant dans le d\u00e9veloppement d&rsquo;une image juste de lui-m\u00eame en lui permettant de sortir du r\u00f4le ou de l&rsquo;\u00e9tiquette qu&rsquo;il porte<\/span><\/p><p><span style=\"color: #333333;\">Trouver un \u00e9quilibre entre la famille r\u00eav\u00e9e et la famille r\u00e9elle.<\/span><\/p><p><span style=\"color: #333333;\"> Comment cr\u00e9er un lien entre des personnes tout en respectant leur unicit\u00e9\u00a0?<\/span><\/p><p><span style=\"color: #333333;\">D\u00e9couvrir les cl\u00e9s de la colle familiale qui favorise la complicit\u00e9 et le lien<\/span><\/p><p>\u00a0<\/p>\t\t\t\t\t\t\t\t<\/div>\n\t\t\t\t<\/div>\n\t\t\t\t\t<\/div>\n\t\t<\/div>\n\t\t\t\t<div class=\"elementor-column elementor-col-20 elementor-top-column elementor-element elementor-element-8c081d3\" data-id=\"8c081d3\" data-element_type=\"column\" data-e-type=\"column\">\n\t\t\t<div class=\"elementor-widget-wrap elementor-element-populated\">\n\t\t\t\t\t\t<div class=\"elementor-element elementor-element-3180bc4 elementor-view-default elementor-widget elementor-widget-icon\" data-id=\"3180bc4\" data-element_type=\"widget\" data-e-type=\"widget\" data-widget_type=\"icon.default\">\n\t\t\t\t<div class=\"elementor-widget-container\">\n\t\t\t\t\t\t\t<div class=\"elementor-icon-wrapper\">\n\t\t\t<div class=\"elementor-icon\">\n\t\t\t<i aria-hidden=\"true\" class=\"fas fa-euro-sign\"><\/i>\t\t\t<\/div>\n\t\t<\/div>\n\t\t\t\t\t\t<\/div>\n\t\t\t\t<\/div>\n\t\t\t\t<div class=\"elementor-element elementor-element-f8f4b6a elementor-widget elementor-widget-heading\" data-id=\"f8f4b6a\" data-element_type=\"widget\" data-e-type=\"widget\" data-widget_type=\"heading.default\">\n\t\t\t\t<div class=\"elementor-widget-container\">\n\t\t\t\t\t<h6 class=\"elementor-heading-title elementor-size-default\">26\/personne\/atelier<\/h6>\t\t\t\t<\/div>\n\t\t\t\t<\/div>\n\t\t\t\t<div class=\"elementor-element elementor-element-529cb86 elementor-view-default elementor-widget elementor-widget-icon\" data-id=\"529cb86\" data-element_type=\"widget\" data-e-type=\"widget\" data-widget_type=\"icon.default\">\n\t\t\t\t<div class=\"elementor-widget-container\">\n\t\t\t\t\t\t\t<div class=\"elementor-icon-wrapper\">\n\t\t\t<div class=\"elementor-icon\">\n\t\t\t<i aria-hidden=\"true\" class=\"fas fa-hourglass-start\"><\/i>\t\t\t<\/div>\n\t\t<\/div>\n\t\t\t\t\t\t<\/div>\n\t\t\t\t<\/div>\n\t\t\t\t<div class=\"elementor-element elementor-element-17a930f elementor-widget elementor-widget-heading\" data-id=\"17a930f\" data-element_type=\"widget\" data-e-type=\"widget\" data-widget_type=\"heading.default\">\n\t\t\t\t<div class=\"elementor-widget-container\">\n\t\t\t\t\t<h6 class=\"elementor-heading-title elementor-size-default\">4 rencontres de 2 heures<\/h6>\t\t\t\t<\/div>\n\t\t\t\t<\/div>\n\t\t\t\t<div class=\"elementor-element elementor-element-64b267f elementor-view-default elementor-widget elementor-widget-icon\" data-id=\"64b267f\" data-element_type=\"widget\" data-e-type=\"widget\" data-widget_type=\"icon.default\">\n\t\t\t\t<div class=\"elementor-widget-container\">\n\t\t\t\t\t\t\t<div class=\"elementor-icon-wrapper\">\n\t\t\t<div class=\"elementor-icon\">\n\t\t\t<i aria-hidden=\"true\" class=\"fab fa-weixin\"><\/i>\t\t\t<\/div>\n\t\t<\/div>\n\t\t\t\t\t\t<\/div>\n\t\t\t\t<\/div>\n\t\t\t\t<div class=\"elementor-element elementor-element-8fdcb31 elementor-widget elementor-widget-heading\" data-id=\"8fdcb31\" data-element_type=\"widget\" data-e-type=\"widget\" data-widget_type=\"heading.default\">\n\t\t\t\t<div class=\"elementor-widget-container\">\n\t\t\t\t\t<h6 class=\"elementor-heading-title elementor-size-default\">6 personnes minimum<\/h6>\t\t\t\t<\/div>\n\t\t\t\t<\/div>\n\t\t\t\t<div class=\"elementor-element elementor-element-a3def57 elementor-view-default elementor-widget elementor-widget-icon\" data-id=\"a3def57\" data-element_type=\"widget\" data-e-type=\"widget\" data-widget_type=\"icon.default\">\n\t\t\t\t<div class=\"elementor-widget-container\">\n\t\t\t\t\t\t\t<div class=\"elementor-icon-wrapper\">\n\t\t\t<div class=\"elementor-icon\">\n\t\t\t<i aria-hidden=\"true\" class=\"fas fa-user-circle\"><\/i>\t\t\t<\/div>\n\t\t<\/div>\n\t\t\t\t\t\t<\/div>\n\t\t\t\t<\/div>\n\t\t\t\t<div class=\"elementor-element elementor-element-a72a369 elementor-widget elementor-widget-heading\" data-id=\"a72a369\" data-element_type=\"widget\" data-e-type=\"widget\" data-widget_type=\"heading.default\">\n\t\t\t\t<div class=\"elementor-widget-container\">\n\t\t\t\t\t<h6 class=\"elementor-heading-title elementor-size-default\">Parents, grands-parents<\/h6>\t\t\t\t<\/div>\n\t\t\t\t<\/div>\n\t\t\t\t<div class=\"elementor-element elementor-element-7188252 elementor-align-center elementor-widget elementor-widget-button\" data-id=\"7188252\" data-element_type=\"widget\" data-e-type=\"widget\" data-widget_type=\"button.default\">\n\t\t\t\t<div class=\"elementor-widget-container\">\n\t\t\t\t\t\t\t\t\t<div class=\"elementor-button-wrapper\">\n\t\t\t\t\t<a class=\"elementor-button elementor-button-link elementor-size-sm\" href=\"https:\/\/claudinevedere.com\/index.php\/contacts\/\" target=\"_blank\">\n\t\t\t\t\t\t<span class=\"elementor-button-content-wrapper\">\n\t\t\t\t\t\t\t\t\t<span class=\"elementor-button-text\">Prendre RV<\/span>\n\t\t\t\t\t<\/span>\n\t\t\t\t\t<\/a>\n\t\t\t\t<\/div>\n\t\t\t\t\t\t\t\t<\/div>\n\t\t\t\t<\/div>\n\t\t\t\t\t<\/div>\n\t\t<\/div>\n\t\t\t\t\t<\/div>\n\t\t<\/section>\n\t\t\t\t<\/div>\n\t\t","protected":false},"excerpt":{"rendered":"<p>Cette formation est destin\u00e9e aux parents et aux grands-parents. Elle alterne des expos\u00e9s th\u00e9oriques, des jeux de r\u00f4le, des vid\u00e9os&#8230; Des outils bas\u00e9s sur les p\u00e9dagogies ludiques ponctuent les journ\u00e9es. Prendre RV Module 1 Comprendre le r\u00f4le de l&rsquo;\u00e9motion jalousie<\/p>\n","protected":false},"author":1,"featured_media":0,"parent":0,"menu_order":0,"comment_status":"closed","ping_status":"closed","template":"","meta":{"_monsterinsights_skip_tracking":false,"_monsterinsights_sitenote_active":false,"_monsterinsights_sitenote_note":"","_monsterinsights_sitenote_category":0,"advanced_seo_description":"","jetpack_seo_html_title":"","jetpack_seo_noindex":false,"footnotes":""},"class_list":["post-3262","page","type-page","status-publish","hentry"],"jetpack_sharing_enabled":true,"_links":{"self":[{"href":"https:\/\/claudinevedere.com\/index.php\/wp-json\/wp\/v2\/pages\/3262","targetHints":{"allow":["GET"]}}],"collection":[{"href":"https:\/\/claudinevedere.com\/index.php\/wp-json\/wp\/v2\/pages"}],"about":[{"href":"https:\/\/claudinevedere.com\/index.php\/wp-json\/wp\/v2\/types\/page"}],"author":[{"embeddable":true,"href":"https:\/\/claudinevedere.com\/index.php\/wp-json\/wp\/v2\/users\/1"}],"replies":[{"embeddable":true,"href":"https:\/\/claudinevedere.com\/index.php\/wp-json\/wp\/v2\/comments?post=3262"}],"version-history":[{"count":0,"href":"https:\/\/claudinevedere.com\/index.php\/wp-json\/wp\/v2\/pages\/3262\/revisions"}],"wp:attachment":[{"href":"https:\/\/claudinevedere.com\/index.php\/wp-json\/wp\/v2\/media?parent=3262"}],"curies":[{"name":"wp","href":"https:\/\/api.w.org\/{rel}","templated":true}]}}