{"id":4957,"date":"2025-08-17T17:06:19","date_gmt":"2025-08-17T15:06:19","guid":{"rendered":"https:\/\/claudinevedere.com\/?page_id=4957"},"modified":"2026-01-20T15:58:04","modified_gmt":"2026-01-20T14:58:04","slug":"comprendre-pour-mieux-accompagner-les-nouvelles-connaissances-sur-le-cerveau-de-lenfant","status":"publish","type":"page","link":"https:\/\/claudinevedere.com\/index.php\/comprendre-pour-mieux-accompagner-les-nouvelles-connaissances-sur-le-cerveau-de-lenfant\/","title":{"rendered":"Comprendre pour mieux accompagner les nouvelles connaissances sur le cerveau de l&rsquo;enfant"},"content":{"rendered":"\t\t<div data-elementor-type=\"wp-page\" data-elementor-id=\"4957\" class=\"elementor elementor-4957\">\n\t\t\t\t\t\t<section class=\"elementor-section elementor-top-section elementor-element elementor-element-9c28295 elementor-section-boxed elementor-section-height-default elementor-section-height-default\" data-id=\"9c28295\" data-element_type=\"section\" data-e-type=\"section\">\n\t\t\t\t\t\t<div class=\"elementor-container elementor-column-gap-default\">\n\t\t\t\t\t<div class=\"elementor-column elementor-col-100 elementor-top-column elementor-element elementor-element-ab340ff\" data-id=\"ab340ff\" data-element_type=\"column\" data-e-type=\"column\">\n\t\t\t<div class=\"elementor-widget-wrap elementor-element-populated\">\n\t\t\t\t\t\t<div class=\"elementor-element elementor-element-76968f4 elementor-widget elementor-widget-image\" data-id=\"76968f4\" data-element_type=\"widget\" data-e-type=\"widget\" data-widget_type=\"image.default\">\n\t\t\t\t<div class=\"elementor-widget-container\">\n\t\t\t\t\t\t\t\t\t\t\t\t\t\t\t\t<a href=\"https:\/\/claudinevedere.com\/index.php\/comprendre-pour-mieux-accompagner-les-nouvelles-connaissances-sur-le-cerveau-de-lenfant\/\">\n\t\t\t\t\t\t\t<img fetchpriority=\"high\" decoding=\"async\" width=\"2000\" height=\"275\" src=\"https:\/\/claudinevedere.com\/wp-content\/uploads\/2026\/01\/45.png\" class=\"attachment-full size-full wp-image-5250\" alt=\"\" srcset=\"https:\/\/claudinevedere.com\/wp-content\/uploads\/2026\/01\/45.png 2000w, https:\/\/claudinevedere.com\/wp-content\/uploads\/2026\/01\/45-300x41.png 300w, https:\/\/claudinevedere.com\/wp-content\/uploads\/2026\/01\/45-1024x141.png 1024w, https:\/\/claudinevedere.com\/wp-content\/uploads\/2026\/01\/45-768x106.png 768w, https:\/\/claudinevedere.com\/wp-content\/uploads\/2026\/01\/45-1536x211.png 1536w\" sizes=\"(max-width: 2000px) 100vw, 2000px\" \/>\t\t\t\t\t\t\t\t<\/a>\n\t\t\t\t\t\t\t\t\t\t\t\t\t\t\t<\/div>\n\t\t\t\t<\/div>\n\t\t\t\t\t<\/div>\n\t\t<\/div>\n\t\t\t\t\t<\/div>\n\t\t<\/section>\n\t\t\t\t<section class=\"elementor-section elementor-top-section elementor-element elementor-element-2da642e elementor-section-boxed elementor-section-height-default elementor-section-height-default\" data-id=\"2da642e\" data-element_type=\"section\" data-e-type=\"section\">\n\t\t\t\t\t\t<div class=\"elementor-container elementor-column-gap-default\">\n\t\t\t\t\t<div class=\"elementor-column elementor-col-100 elementor-top-column elementor-element elementor-element-febc9ac\" data-id=\"febc9ac\" data-element_type=\"column\" data-e-type=\"column\">\n\t\t\t<div class=\"elementor-widget-wrap elementor-element-populated\">\n\t\t\t\t\t\t<div class=\"elementor-element elementor-element-510182e elementor-align-left elementor-widget elementor-widget-button\" data-id=\"510182e\" data-element_type=\"widget\" data-e-type=\"widget\" data-widget_type=\"button.default\">\n\t\t\t\t<div class=\"elementor-widget-container\">\n\t\t\t\t\t\t\t\t\t<div class=\"elementor-button-wrapper\">\n\t\t\t\t\t<a class=\"elementor-button elementor-size-sm\" role=\"button\">\n\t\t\t\t\t\t<span class=\"elementor-button-content-wrapper\">\n\t\t\t\t\t\t\t\t\t<span class=\"elementor-button-text\">14 heures<\/span>\n\t\t\t\t\t<\/span>\n\t\t\t\t\t<\/a>\n\t\t\t\t<\/div>\n\t\t\t\t\t\t\t\t<\/div>\n\t\t\t\t<\/div>\n\t\t\t\t\t<\/div>\n\t\t<\/div>\n\t\t\t\t\t<\/div>\n\t\t<\/section>\n\t\t\t\t<section class=\"elementor-section elementor-top-section elementor-element elementor-element-c3ea961 elementor-section-boxed elementor-section-height-default elementor-section-height-default\" data-id=\"c3ea961\" data-element_type=\"section\" data-e-type=\"section\">\n\t\t\t\t\t\t<div class=\"elementor-container elementor-column-gap-default\">\n\t\t\t\t\t<div class=\"elementor-column elementor-col-50 elementor-top-column elementor-element elementor-element-0322194\" data-id=\"0322194\" data-element_type=\"column\" data-e-type=\"column\">\n\t\t\t<div class=\"elementor-widget-wrap elementor-element-populated\">\n\t\t\t\t\t\t<div class=\"elementor-element elementor-element-59daac6 elementor-widget__width-initial elementor-widget elementor-widget-text-editor\" data-id=\"59daac6\" data-element_type=\"widget\" data-e-type=\"widget\" data-widget_type=\"text-editor.default\">\n\t\t\t\t<div class=\"elementor-widget-container\">\n\t\t\t\t\t\t\t\t\t<p><span style=\"color: #993300;\"><strong>CONTENU DE LA FORMATION<\/strong><\/span><\/p><ul><li><span style=\"color: #000000;\">Les principaux apports des neurosciences affectives et sociales sur le d\u00e9veloppement du cerveau de l\u2019enfant.<\/span><\/li><li><span style=\"color: #000000;\">\u00a0<\/span><\/li><li><span style=\"color: #000000;\">L\u2019action des neurones miroirs et leur r\u00f4le dans le d\u00e9veloppement de l\u2019enfant.<\/span><\/li><li><span style=\"color: #000000;\">\u00a0<\/span><\/li><li><span style=\"color: #000000;\">Le r\u00f4le des diff\u00e9rentes hormones dans le d\u00e9veloppement du cerveau de l\u2019enfant et sur son <\/span><span style=\"color: #000000;\">comportement.<\/span><\/li><li><span style=\"color: #000000;\">\u00a0<\/span><\/li><li><span style=\"color: #000000;\">Les bienfaits du plaisir et du maternage sur la maturation du cerveau.<\/span><\/li><li><span style=\"color: #000000;\">\u00a0<\/span><\/li><li><span style=\"color: #000000;\">L\u2019impact des \u00e9motions sur le cerveau de l\u2019enfant : l\u2019importance de la r\u00e9gulation \u00e9motionnelle.<\/span><\/li><li><span style=\"color: #000000;\">\u00a0<\/span><\/li><li><span style=\"color: #000000;\">Les stress majeurs et les violences \u00e9ducatives ordinaires.\u00a0<\/span><\/li><li><span style=\"color: #000000;\">Les effets n\u00e9fastes du stress sur le cerveau et les troubles associ\u00e9s.<\/span><\/li><li><span style=\"color: #000000;\">\u00a0<\/span><\/li><li><span style=\"color: #000000;\">Les impacts d\u2019une utilisation inadapt\u00e9e des \u00e9crans sur la maturation du cerveau de l\u2019enfant.<\/span><\/li><\/ul>\t\t\t\t\t\t\t\t<\/div>\n\t\t\t\t<\/div>\n\t\t\t\t\t<\/div>\n\t\t<\/div>\n\t\t\t\t<div class=\"elementor-column elementor-col-50 elementor-top-column elementor-element elementor-element-3fff7f8\" data-id=\"3fff7f8\" data-element_type=\"column\" data-e-type=\"column\">\n\t\t\t<div class=\"elementor-widget-wrap elementor-element-populated\">\n\t\t\t\t\t\t<div class=\"elementor-element elementor-element-8e20f54 elementor-widget__width-initial elementor-widget elementor-widget-text-editor\" data-id=\"8e20f54\" data-element_type=\"widget\" data-e-type=\"widget\" data-widget_type=\"text-editor.default\">\n\t\t\t\t<div class=\"elementor-widget-container\">\n\t\t\t\t\t\t\t\t\t<p><span style=\"color: #993300;\">\u00a0<strong>APTITUDES<\/strong><\/span><\/p><ul><li><span style=\"color: #000000;\">Adapter ses pratiques professionnelles au regard des facteurs favorables au d\u00e9veloppement du cerveau de l\u2019enfant.<\/span><\/li><li><span style=\"color: #000000;\">\u00a0<\/span><\/li><li><span style=\"color: #000000;\">Analyser les m\u00e9canismes du stress et de la peur sur le syst\u00e8me nerveux et endocrinien.<\/span><\/li><li><span style=\"color: #000000;\">\u00a0<\/span><\/li><li><span style=\"color: #000000;\">Rep\u00e9rer les signaux d\u2019alerte chez un enfant expos\u00e9 \u00e0 un stress.<\/span><\/li><li><span style=\"color: #000000;\">\u00a0<\/span><\/li><li><span style=\"color: #000000;\">Rep\u00e9rer toute situation de stress majeur et alerter les interlocuteurs comp\u00e9tents.<\/span><\/li><li><span style=\"color: #000000;\">\u00a0<\/span><\/li><li><span style=\"color: #000000;\">S\u2019informer sur les neurosciences affectives et sociales pour actualiser ses connaissances via les relais d\u2019informations appropri\u00e9s et int\u00e9grer les \u00e9volutions.<\/span><\/li><li><span style=\"color: #000000;\">\u00a0<\/span><\/li><li><span style=\"color: #000000;\">D\u00e9velopper une d\u00e9marche de questionnement sur ses pratiques et son accompagnement afin d&rsquo;adopter une posture bientraitante.<br \/><\/span><\/li><\/ul>\t\t\t\t\t\t\t\t<\/div>\n\t\t\t\t<\/div>\n\t\t\t\t\t<\/div>\n\t\t<\/div>\n\t\t\t\t\t<\/div>\n\t\t<\/section>\n\t\t\t\t<section class=\"elementor-section elementor-top-section elementor-element elementor-element-12831d2 elementor-section-boxed elementor-section-height-default elementor-section-height-default\" data-id=\"12831d2\" data-element_type=\"section\" data-e-type=\"section\">\n\t\t\t\t\t\t<div class=\"elementor-container elementor-column-gap-default\">\n\t\t\t\t\t<div class=\"elementor-column elementor-col-33 elementor-top-column elementor-element elementor-element-c42641a\" data-id=\"c42641a\" data-element_type=\"column\" data-e-type=\"column\">\n\t\t\t<div class=\"elementor-widget-wrap elementor-element-populated\">\n\t\t\t\t\t\t<div class=\"elementor-element elementor-element-7499d43 elementor-widget__width-initial elementor-widget elementor-widget-text-editor\" data-id=\"7499d43\" data-element_type=\"widget\" data-e-type=\"widget\" data-widget_type=\"text-editor.default\">\n\t\t\t\t<div class=\"elementor-widget-container\">\n\t\t\t\t\t\t\t\t\t<p><strong><span style=\"color: #b39465;\">M\u00e9thodes p\u00e9dagogiques<\/span><\/strong><\/p><div><ul><li><span style=\"color: #000000;\">C\u2019est une formation participative et interactive. L\u2019int\u00e9gration des diff\u00e9rentes notions \u00e0 l&rsquo;aide d&rsquo;outils bas\u00e9s sur les p\u00e9dagogies ludiques ponctuent les journ\u00e9es.<\/span><\/li><li><span style=\"color: #000000;\">\u00a0<\/span><\/li><li><span style=\"color: #000000;\">Elle alterne\u00a0des m\u00e9thodes d\u00e9monstrative, interrogative et exp\u00e9rimentale\u00a0:<\/span><\/li><li><span style=\"color: #000000;\">\u00a0<\/span><\/li><li><span style=\"color: #000000;\">R\u00e9flexions et \u00e9changes sur les pratiques, partage d\u2019exp\u00e9rience<\/span><\/li><li><span style=\"color: #000000;\">Interactions avec la formatrice et entre les participants(es)<\/span><\/li><li><span style=\"color: #000000;\">Questionnements de groupe<\/span><\/li><li><span style=\"color: #000000;\">Entra\u00eenements et tests\u00a0<\/span><\/li><li><span style=\"color: #000000;\">Mises en situation\/ \u00c9tudes de cas\/Ateliers<\/span><\/li><li><span style=\"color: #000000;\">Diffusion et \u00e9changes sur des extraits vid\u00e9os<\/span><\/li><li>\u00a0<\/li><li><span style=\"color: #000000;\">Un support de cours est distribu\u00e9 en fin de formation.<\/span><\/li><li>\u00a0<\/li><\/ul><\/div><p><span style=\"color: #333333;\"><strong><span style=\"color: #b39465;\">Moyens permettant de suivre l\u2019ex\u00e9cution de l\u2019action <\/span><\/strong><\/span><\/p><ul><li><span style=\"color: #000000;\">Feuilles de pr\u00e9sence \u00e9marg\u00e9es par le stagiaire et la formatrice par \u00bd journ\u00e9e.<\/span><\/li><li><span style=\"color: #000000;\">Questionnaire de positionnement avant et apr\u00e8s la formation.<\/span><\/li><li><span style=\"color: #000000;\">Signature du r\u00e8glement int\u00e9rieur.<\/span><\/li><\/ul>\t\t\t\t\t\t\t\t<\/div>\n\t\t\t\t<\/div>\n\t\t\t\t\t<\/div>\n\t\t<\/div>\n\t\t\t\t<div class=\"elementor-column elementor-col-33 elementor-top-column elementor-element elementor-element-63a32a9\" data-id=\"63a32a9\" data-element_type=\"column\" data-e-type=\"column\">\n\t\t\t<div class=\"elementor-widget-wrap elementor-element-populated\">\n\t\t\t\t\t\t<div class=\"elementor-element elementor-element-b3d2912 elementor-widget elementor-widget-text-editor\" data-id=\"b3d2912\" data-element_type=\"widget\" data-e-type=\"widget\" data-widget_type=\"text-editor.default\">\n\t\t\t\t<div class=\"elementor-widget-container\">\n\t\t\t\t\t\t\t\t\t<ul><li><span style=\"color: #333333;\"><strong><span style=\"color: #b39465;\">Modalit\u00e9s d\u2019\u00e9valuation des r\u00e9sultats<\/span> <br \/><\/strong><\/span><\/li><li>\u00a0<\/li><li><span style=\"color: #000000;\">Entre chaque temps fort de la journ\u00e9e, diff\u00e9rentes activit\u00e9s permettent aux participant(e)s de s&rsquo;approprier les notions qui viennent d&rsquo;\u00eatre abord\u00e9es et \u00e0 la formatrice de v\u00e9rifier la bonne compr\u00e9hension avec notamment des :<\/span><\/li><li><span style=\"color: #000000;\">Mises en situations<\/span><\/li><li><span style=\"color: #000000;\">Ateliers<\/span><\/li><li><span style=\"color: #000000;\">Exercices en sous-groupe ou individuel<\/span><\/li><li><span style=\"color: #000000;\">Quiz<\/span><\/li><li><span style=\"color: #000000;\">QCM<\/span><\/li><li>\u00a0<\/li><li><span style=\"color: #333333;\"><strong><span style=\"color: #b39465;\">Modalit\u00e9s d\u2019\u00e9valuation finale<\/span><\/strong><\/span><\/li><li>\u00a0<\/li><li><span style=\"color: #000000;\">Un questionnaire pour accueillir le niveau de satisfaction en fin de formation (\u00e0 chaud).<\/span><\/li><li><span style=\"color: #000000;\">Attestation individuelle d\u00e9livr\u00e9e.<\/span><\/li><li>\u00a0<\/li><\/ul><h5><span style=\"color: #993300;\"><strong><span style=\"font-size: 16px;\"><span style=\"color: #333333;\"><span style=\"color: #b39465;\">Lieu de formation<\/span><\/span><\/span><\/strong><\/span><\/h5><ul><li><span style=\"color: #000000;\">A d\u00e9terminer.<\/span><\/li><\/ul>\t\t\t\t\t\t\t\t<\/div>\n\t\t\t\t<\/div>\n\t\t\t\t\t<\/div>\n\t\t<\/div>\n\t\t\t\t<div class=\"elementor-column elementor-col-33 elementor-top-column elementor-element elementor-element-604110f\" data-id=\"604110f\" data-element_type=\"column\" data-e-type=\"column\">\n\t\t\t<div class=\"elementor-widget-wrap elementor-element-populated\">\n\t\t\t\t\t\t<div class=\"elementor-element elementor-element-ed88315 elementor-view-default elementor-widget elementor-widget-icon\" data-id=\"ed88315\" data-element_type=\"widget\" data-e-type=\"widget\" data-widget_type=\"icon.default\">\n\t\t\t\t<div class=\"elementor-widget-container\">\n\t\t\t\t\t\t\t<div class=\"elementor-icon-wrapper\">\n\t\t\t<div class=\"elementor-icon\">\n\t\t\t<i aria-hidden=\"true\" class=\"fas fa-user-circle\"><\/i>\t\t\t<\/div>\n\t\t<\/div>\n\t\t\t\t\t\t<\/div>\n\t\t\t\t<\/div>\n\t\t\t\t<div class=\"elementor-element elementor-element-c14f789 elementor-widget elementor-widget-heading\" data-id=\"c14f789\" data-element_type=\"widget\" data-e-type=\"widget\" data-widget_type=\"heading.default\">\n\t\t\t\t<div class=\"elementor-widget-container\">\n\t\t\t\t\t<h6 class=\"elementor-heading-title elementor-size-default\">Professionnels (les) de la petite enfance\n\n\n<\/h6>\t\t\t\t<\/div>\n\t\t\t\t<\/div>\n\t\t\t\t<div class=\"elementor-element elementor-element-7d9874a elementor-view-default elementor-widget elementor-widget-icon\" data-id=\"7d9874a\" data-element_type=\"widget\" data-e-type=\"widget\" data-widget_type=\"icon.default\">\n\t\t\t\t<div class=\"elementor-widget-container\">\n\t\t\t\t\t\t\t<div class=\"elementor-icon-wrapper\">\n\t\t\t<div class=\"elementor-icon\">\n\t\t\t<i aria-hidden=\"true\" class=\"fas fa-hourglass-start\"><\/i>\t\t\t<\/div>\n\t\t<\/div>\n\t\t\t\t\t\t<\/div>\n\t\t\t\t<\/div>\n\t\t\t\t<div class=\"elementor-element elementor-element-52687bd elementor-widget elementor-widget-heading\" data-id=\"52687bd\" data-element_type=\"widget\" data-e-type=\"widget\" data-widget_type=\"heading.default\">\n\t\t\t\t<div class=\"elementor-widget-container\">\n\t\t\t\t\t<h6 class=\"elementor-heading-title elementor-size-default\">2 jours<\/h6>\t\t\t\t<\/div>\n\t\t\t\t<\/div>\n\t\t\t\t<div class=\"elementor-element elementor-element-e25ab19 elementor-view-default elementor-widget elementor-widget-icon\" data-id=\"e25ab19\" data-element_type=\"widget\" data-e-type=\"widget\" data-widget_type=\"icon.default\">\n\t\t\t\t<div class=\"elementor-widget-container\">\n\t\t\t\t\t\t\t<div class=\"elementor-icon-wrapper\">\n\t\t\t<div class=\"elementor-icon\">\n\t\t\t<i aria-hidden=\"true\" class=\"fab fa-weixin\"><\/i>\t\t\t<\/div>\n\t\t<\/div>\n\t\t\t\t\t\t<\/div>\n\t\t\t\t<\/div>\n\t\t\t\t<div class=\"elementor-element elementor-element-29ee5d3 elementor-widget elementor-widget-heading\" data-id=\"29ee5d3\" data-element_type=\"widget\" data-e-type=\"widget\" data-widget_type=\"heading.default\">\n\t\t\t\t<div class=\"elementor-widget-container\">\n\t\t\t\t\t<h6 class=\"elementor-heading-title elementor-size-default\">Nous consulter\n<\/h6>\t\t\t\t<\/div>\n\t\t\t\t<\/div>\n\t\t\t\t<div class=\"elementor-element elementor-element-90bd3ab elementor-view-default elementor-widget elementor-widget-icon\" data-id=\"90bd3ab\" data-element_type=\"widget\" data-e-type=\"widget\" data-widget_type=\"icon.default\">\n\t\t\t\t<div class=\"elementor-widget-container\">\n\t\t\t\t\t\t\t<div class=\"elementor-icon-wrapper\">\n\t\t\t<div class=\"elementor-icon\">\n\t\t\t<i aria-hidden=\"true\" class=\"far fa-dot-circle\"><\/i>\t\t\t<\/div>\n\t\t<\/div>\n\t\t\t\t\t\t<\/div>\n\t\t\t\t<\/div>\n\t\t\t\t<div class=\"elementor-element elementor-element-d87ea2c elementor-widget elementor-widget-heading\" data-id=\"d87ea2c\" data-element_type=\"widget\" data-e-type=\"widget\" data-widget_type=\"heading.default\">\n\t\t\t\t<div class=\"elementor-widget-container\">\n\t\t\t\t\t<h6 class=\"elementor-heading-title elementor-size-default\">Pr\u00e9sentiel<\/h6>\t\t\t\t<\/div>\n\t\t\t\t<\/div>\n\t\t\t\t<div class=\"elementor-element elementor-element-065e8a9 elementor-view-default elementor-widget elementor-widget-icon\" data-id=\"065e8a9\" data-element_type=\"widget\" data-e-type=\"widget\" data-widget_type=\"icon.default\">\n\t\t\t\t<div class=\"elementor-widget-container\">\n\t\t\t\t\t\t\t<div class=\"elementor-icon-wrapper\">\n\t\t\t<div class=\"elementor-icon\">\n\t\t\t<i aria-hidden=\"true\" class=\"fas fa-euro-sign\"><\/i>\t\t\t<\/div>\n\t\t<\/div>\n\t\t\t\t\t\t<\/div>\n\t\t\t\t<\/div>\n\t\t\t\t<div class=\"elementor-element elementor-element-b04a6ad elementor-widget elementor-widget-heading\" data-id=\"b04a6ad\" data-element_type=\"widget\" data-e-type=\"widget\" data-widget_type=\"heading.default\">\n\t\t\t\t<div class=\"elementor-widget-container\">\n\t\t\t\t\t<h6 class=\"elementor-heading-title elementor-size-default\">Sur devis<\/h6>\t\t\t\t<\/div>\n\t\t\t\t<\/div>\n\t\t\t\t<div class=\"elementor-element elementor-element-d60d0ee elementor-align-center elementor-widget elementor-widget-button\" data-id=\"d60d0ee\" data-element_type=\"widget\" data-e-type=\"widget\" data-widget_type=\"button.default\">\n\t\t\t\t<div class=\"elementor-widget-container\">\n\t\t\t\t\t\t\t\t\t<div class=\"elementor-button-wrapper\">\n\t\t\t\t\t<a class=\"elementor-button elementor-button-link elementor-size-sm\" href=\"https:\/\/claudinevedere.com\/index.php\/contacts\/\" target=\"_blank\">\n\t\t\t\t\t\t<span class=\"elementor-button-content-wrapper\">\n\t\t\t\t\t\t\t\t\t<span class=\"elementor-button-text\">Prendre RV<\/span>\n\t\t\t\t\t<\/span>\n\t\t\t\t\t<\/a>\n\t\t\t\t<\/div>\n\t\t\t\t\t\t\t\t<\/div>\n\t\t\t\t<\/div>\n\t\t\t\t\t<\/div>\n\t\t<\/div>\n\t\t\t\t\t<\/div>\n\t\t<\/section>\n\t\t\t\t<\/div>\n\t\t","protected":false},"excerpt":{"rendered":"<p>14 heures CONTENU DE LA FORMATION Les principaux apports des neurosciences affectives et sociales sur le d\u00e9veloppement du cerveau de l\u2019enfant. \u00a0 L\u2019action des neurones miroirs et leur r\u00f4le dans le d\u00e9veloppement de l\u2019enfant. \u00a0 Le r\u00f4le des diff\u00e9rentes hormones<\/p>\n","protected":false},"author":1,"featured_media":0,"parent":0,"menu_order":0,"comment_status":"closed","ping_status":"closed","template":"","meta":{"_monsterinsights_skip_tracking":false,"_monsterinsights_sitenote_active":false,"_monsterinsights_sitenote_note":"","_monsterinsights_sitenote_category":0,"advanced_seo_description":"","jetpack_seo_html_title":"","jetpack_seo_noindex":false,"footnotes":""},"class_list":["post-4957","page","type-page","status-publish","hentry"],"jetpack_sharing_enabled":true,"_links":{"self":[{"href":"https:\/\/claudinevedere.com\/index.php\/wp-json\/wp\/v2\/pages\/4957","targetHints":{"allow":["GET"]}}],"collection":[{"href":"https:\/\/claudinevedere.com\/index.php\/wp-json\/wp\/v2\/pages"}],"about":[{"href":"https:\/\/claudinevedere.com\/index.php\/wp-json\/wp\/v2\/types\/page"}],"author":[{"embeddable":true,"href":"https:\/\/claudinevedere.com\/index.php\/wp-json\/wp\/v2\/users\/1"}],"replies":[{"embeddable":true,"href":"https:\/\/claudinevedere.com\/index.php\/wp-json\/wp\/v2\/comments?post=4957"}],"version-history":[{"count":0,"href":"https:\/\/claudinevedere.com\/index.php\/wp-json\/wp\/v2\/pages\/4957\/revisions"}],"wp:attachment":[{"href":"https:\/\/claudinevedere.com\/index.php\/wp-json\/wp\/v2\/media?parent=4957"}],"curies":[{"name":"wp","href":"https:\/\/api.w.org\/{rel}","templated":true}]}}