{"id":5065,"date":"2025-08-18T16:22:51","date_gmt":"2025-08-18T14:22:51","guid":{"rendered":"https:\/\/claudinevedere.com\/?page_id=5065"},"modified":"2026-01-20T22:46:03","modified_gmt":"2026-01-20T21:46:03","slug":"eveil-enfant-jeu","status":"publish","type":"page","link":"https:\/\/claudinevedere.com\/index.php\/eveil-enfant-jeu\/","title":{"rendered":"Eveil de l&rsquo;enfant : le jeu sous toutes ses formes"},"content":{"rendered":"\t\t<div data-elementor-type=\"wp-page\" data-elementor-id=\"5065\" class=\"elementor elementor-5065\">\n\t\t\t\t\t\t<section class=\"elementor-section elementor-top-section elementor-element elementor-element-28a80d8 elementor-section-boxed elementor-section-height-default elementor-section-height-default\" data-id=\"28a80d8\" data-element_type=\"section\" data-e-type=\"section\">\n\t\t\t\t\t\t<div class=\"elementor-container elementor-column-gap-default\">\n\t\t\t\t\t<div class=\"elementor-column elementor-col-100 elementor-top-column elementor-element elementor-element-f117a05\" data-id=\"f117a05\" data-element_type=\"column\" data-e-type=\"column\">\n\t\t\t<div class=\"elementor-widget-wrap elementor-element-populated\">\n\t\t\t\t\t\t<div class=\"elementor-element elementor-element-7df2fc9 elementor-widget elementor-widget-image\" data-id=\"7df2fc9\" data-element_type=\"widget\" data-e-type=\"widget\" data-widget_type=\"image.default\">\n\t\t\t\t<div class=\"elementor-widget-container\">\n\t\t\t\t\t\t\t\t\t\t\t\t\t\t\t<img fetchpriority=\"high\" decoding=\"async\" width=\"2000\" height=\"275\" src=\"https:\/\/claudinevedere.com\/wp-content\/uploads\/2026\/01\/48.png\" class=\"attachment-full size-full wp-image-5253\" alt=\"\" srcset=\"https:\/\/claudinevedere.com\/wp-content\/uploads\/2026\/01\/48.png 2000w, https:\/\/claudinevedere.com\/wp-content\/uploads\/2026\/01\/48-300x41.png 300w, https:\/\/claudinevedere.com\/wp-content\/uploads\/2026\/01\/48-1024x141.png 1024w, https:\/\/claudinevedere.com\/wp-content\/uploads\/2026\/01\/48-768x106.png 768w, https:\/\/claudinevedere.com\/wp-content\/uploads\/2026\/01\/48-1536x211.png 1536w\" sizes=\"(max-width: 2000px) 100vw, 2000px\" \/>\t\t\t\t\t\t\t\t\t\t\t\t\t\t\t<\/div>\n\t\t\t\t<\/div>\n\t\t\t\t\t<\/div>\n\t\t<\/div>\n\t\t\t\t\t<\/div>\n\t\t<\/section>\n\t\t\t\t<section class=\"elementor-section elementor-top-section elementor-element elementor-element-003b1f5 elementor-section-boxed elementor-section-height-default elementor-section-height-default\" data-id=\"003b1f5\" data-element_type=\"section\" data-e-type=\"section\">\n\t\t\t\t\t\t<div class=\"elementor-container elementor-column-gap-default\">\n\t\t\t\t\t<div class=\"elementor-column elementor-col-50 elementor-top-column elementor-element elementor-element-665ec11\" data-id=\"665ec11\" data-element_type=\"column\" data-e-type=\"column\">\n\t\t\t<div class=\"elementor-widget-wrap elementor-element-populated\">\n\t\t\t\t\t\t<div class=\"elementor-element elementor-element-4ddaf69 elementor-widget__width-initial elementor-widget elementor-widget-text-editor\" data-id=\"4ddaf69\" data-element_type=\"widget\" data-e-type=\"widget\" data-widget_type=\"text-editor.default\">\n\t\t\t\t<div class=\"elementor-widget-container\">\n\t\t\t\t\t\t\t\t\t<ul><li><strong><span style=\"color: #993300;\">PUBLIC CONCERNE<\/span><\/strong><\/li><li><span style=\"color: #000000;\">Cette formation s\u2019adresse aux assistant(e)s maternel(les)s agr\u00e9\u00e9 (e)s et aux gardes <\/span><span style=\"color: #000000;\">d\u2019enfants employ\u00e9es par un particulier et en situation de travail.<\/span><\/li><li>\u00a0<\/li><li style=\"text-align: left;\"><strong><span style=\"color: #993300;\">FORMATION CONTINUE<\/span><\/strong><br \/><span style=\"color: #000000;\">Pr\u00e9-requis :<\/span><\/li><li>\u00a0<\/li><li><span style=\"color: #000000;\">Agr\u00e9ment en cours de validit\u00e9 pour les Assistantes Maternelles <\/span><br \/><span style=\"color: #000000;\">Etre en situation de travail pendant la dur\u00e9e de la formation.<\/span><\/li><li>\u00a0<\/li><\/ul><p><span style=\"color: #993300;\"><strong>OBJECTIFS<\/strong><\/span><\/p><ul><li>\u00a0<\/li><li>\u00a0<\/li><li><span style=\"color: #993300;\"><strong>CONTENU DE LA FORMATION<\/strong><\/span><\/li><\/ul>\t\t\t\t\t\t\t\t<\/div>\n\t\t\t\t<\/div>\n\t\t\t\t\t<\/div>\n\t\t<\/div>\n\t\t\t\t<div class=\"elementor-column elementor-col-50 elementor-top-column elementor-element elementor-element-4482793\" data-id=\"4482793\" data-element_type=\"column\" data-e-type=\"column\">\n\t\t\t<div class=\"elementor-widget-wrap elementor-element-populated\">\n\t\t\t\t\t\t<div class=\"elementor-element elementor-element-eec0a06 elementor-widget__width-initial elementor-widget elementor-widget-text-editor\" data-id=\"eec0a06\" data-element_type=\"widget\" data-e-type=\"widget\" data-widget_type=\"text-editor.default\">\n\t\t\t\t<div class=\"elementor-widget-container\">\n\t\t\t\t\t\t\t\t\t<p><span style=\"color: #993300;\">\u00a0<strong>APTITUDES<\/strong><\/span><\/p><ul><li>\u00a0<\/li><\/ul>\t\t\t\t\t\t\t\t<\/div>\n\t\t\t\t<\/div>\n\t\t\t\t\t<\/div>\n\t\t<\/div>\n\t\t\t\t\t<\/div>\n\t\t<\/section>\n\t\t\t\t<section class=\"elementor-section elementor-top-section elementor-element elementor-element-b0fa84b elementor-section-boxed elementor-section-height-default elementor-section-height-default\" data-id=\"b0fa84b\" data-element_type=\"section\" data-e-type=\"section\">\n\t\t\t\t\t\t<div class=\"elementor-container elementor-column-gap-default\">\n\t\t\t\t\t<div class=\"elementor-column elementor-col-33 elementor-top-column elementor-element elementor-element-c23459d\" data-id=\"c23459d\" data-element_type=\"column\" data-e-type=\"column\">\n\t\t\t<div class=\"elementor-widget-wrap elementor-element-populated\">\n\t\t\t\t\t\t<div class=\"elementor-element elementor-element-bf6941d elementor-widget__width-initial elementor-widget elementor-widget-text-editor\" data-id=\"bf6941d\" data-element_type=\"widget\" data-e-type=\"widget\" data-widget_type=\"text-editor.default\">\n\t\t\t\t<div class=\"elementor-widget-container\">\n\t\t\t\t\t\t\t\t\t<p><strong><span style=\"color: #b39465;\">M\u00e9thodes p\u00e9dagogiques<\/span><\/strong><\/p><div><ul><li><span style=\"color: #000000;\">C\u2019est une formation participative et interactive. L\u2019int\u00e9gration des diff\u00e9rentes notions \u00e0 l&rsquo;aide d&rsquo;outils bas\u00e9s sur les p\u00e9dagogies ludiques ponctuent les journ\u00e9es.<\/span><\/li><li><span style=\"color: #000000;\">\u00a0<\/span><\/li><li><span style=\"color: #000000;\">Elle alterne\u00a0des m\u00e9thodes d\u00e9monstrative, interrogative et exp\u00e9rimentale\u00a0:<\/span><\/li><li><span style=\"color: #000000;\">\u00a0<\/span><\/li><li><span style=\"color: #000000;\">R\u00e9flexions et \u00e9changes sur les pratiques, partage d\u2019exp\u00e9rience<\/span><\/li><li><span style=\"color: #000000;\">Interactions avec la formatrice et entre les participants(es)<\/span><\/li><li><span style=\"color: #000000;\">Questionnements de groupe<\/span><\/li><li><span style=\"color: #000000;\">Entra\u00eenements et tests\u00a0<\/span><\/li><li><span style=\"color: #000000;\">Mises en situation\/ \u00c9tudes de cas\/Ateliers<\/span><\/li><li><span style=\"color: #000000;\">Diffusion et \u00e9changes sur des extraits vid\u00e9os<\/span><\/li><li>\u00a0<\/li><li><span style=\"color: #000000;\">Un support de cours est distribu\u00e9 en fin de formation.<\/span><\/li><li>\u00a0<\/li><\/ul><\/div><p><span style=\"color: #333333;\"><strong><span style=\"color: #b39465;\">Moyens permettant de suivre l\u2019ex\u00e9cution de l\u2019action <\/span><\/strong><\/span><\/p><ul><li><span style=\"color: #000000;\">Feuilles de pr\u00e9sence \u00e9marg\u00e9es par le stagiaire et la formatrice par \u00bd journ\u00e9e.<\/span><\/li><li><span style=\"color: #000000;\">Questionnaire de positionnement avant et apr\u00e8s la formation.<\/span><\/li><li><span style=\"color: #000000;\">Signature du r\u00e8glement int\u00e9rieur.<\/span><\/li><\/ul>\t\t\t\t\t\t\t\t<\/div>\n\t\t\t\t<\/div>\n\t\t\t\t\t<\/div>\n\t\t<\/div>\n\t\t\t\t<div class=\"elementor-column elementor-col-33 elementor-top-column elementor-element elementor-element-9d673fb\" data-id=\"9d673fb\" data-element_type=\"column\" data-e-type=\"column\">\n\t\t\t<div class=\"elementor-widget-wrap elementor-element-populated\">\n\t\t\t\t\t\t<div class=\"elementor-element elementor-element-1dfda47 elementor-widget elementor-widget-text-editor\" data-id=\"1dfda47\" data-element_type=\"widget\" data-e-type=\"widget\" data-widget_type=\"text-editor.default\">\n\t\t\t\t<div class=\"elementor-widget-container\">\n\t\t\t\t\t\t\t\t\t<ul><li><span style=\"color: #333333;\"><strong><span style=\"color: #b39465;\">Modalit\u00e9s d\u2019\u00e9valuation des r\u00e9sultats<\/span> <br \/><\/strong><\/span><\/li><li>\u00a0<\/li><li><span style=\"color: #000000;\">Entre chaque temps fort de la journ\u00e9e, diff\u00e9rentes activit\u00e9s permettent aux participant(e)s de s&rsquo;approprier les notions qui viennent d&rsquo;\u00eatre abord\u00e9es et \u00e0 la formatrice de v\u00e9rifier la bonne compr\u00e9hension avec notamment des :<\/span><\/li><li><span style=\"color: #000000;\">Mises en situations<\/span><\/li><li><span style=\"color: #000000;\">Ateliers<\/span><\/li><li><span style=\"color: #000000;\">Exercices en sous-groupe ou individuel<\/span><\/li><li><span style=\"color: #000000;\">Quiz<\/span><\/li><li><span style=\"color: #000000;\">QCM<\/span><\/li><li>\u00a0<\/li><li><span style=\"color: #333333;\"><strong><span style=\"color: #b39465;\">Modalit\u00e9s d\u2019\u00e9valuation finale<\/span><\/strong><\/span><\/li><li>\u00a0<\/li><li><span style=\"color: #000000;\">Un questionnaire pour accueillir le niveau de satisfaction en fin de formation (\u00e0 chaud).<\/span><\/li><li><span style=\"color: #000000;\">Attestation individuelle d\u00e9livr\u00e9e.<\/span><\/li><li>\u00a0<\/li><\/ul><h5><span style=\"color: #993300;\"><strong><span style=\"font-size: 16px;\"><span style=\"color: #333333;\"><span style=\"color: #b39465;\">Lieu de formation<\/span><\/span><\/span><\/strong><\/span><\/h5><ul><li><span style=\"color: #000000;\">A d\u00e9terminer.<\/span><\/li><\/ul>\t\t\t\t\t\t\t\t<\/div>\n\t\t\t\t<\/div>\n\t\t\t\t\t<\/div>\n\t\t<\/div>\n\t\t\t\t<div class=\"elementor-column elementor-col-33 elementor-top-column elementor-element elementor-element-53c957a\" data-id=\"53c957a\" data-element_type=\"column\" data-e-type=\"column\">\n\t\t\t<div class=\"elementor-widget-wrap elementor-element-populated\">\n\t\t\t\t\t\t<div class=\"elementor-element elementor-element-2fbfa7c elementor-view-default elementor-widget elementor-widget-icon\" data-id=\"2fbfa7c\" data-element_type=\"widget\" data-e-type=\"widget\" data-widget_type=\"icon.default\">\n\t\t\t\t<div class=\"elementor-widget-container\">\n\t\t\t\t\t\t\t<div class=\"elementor-icon-wrapper\">\n\t\t\t<div class=\"elementor-icon\">\n\t\t\t<i aria-hidden=\"true\" class=\"fas fa-user-circle\"><\/i>\t\t\t<\/div>\n\t\t<\/div>\n\t\t\t\t\t\t<\/div>\n\t\t\t\t<\/div>\n\t\t\t\t<div class=\"elementor-element elementor-element-5873c0c elementor-widget elementor-widget-heading\" data-id=\"5873c0c\" data-element_type=\"widget\" data-e-type=\"widget\" data-widget_type=\"heading.default\">\n\t\t\t\t<div class=\"elementor-widget-container\">\n\t\t\t\t\t<h6 class=\"elementor-heading-title elementor-size-default\">Professionnels (les) de la petite enfance\n\n\n<\/h6>\t\t\t\t<\/div>\n\t\t\t\t<\/div>\n\t\t\t\t<div class=\"elementor-element elementor-element-150029c elementor-view-default elementor-widget elementor-widget-icon\" data-id=\"150029c\" data-element_type=\"widget\" data-e-type=\"widget\" data-widget_type=\"icon.default\">\n\t\t\t\t<div class=\"elementor-widget-container\">\n\t\t\t\t\t\t\t<div class=\"elementor-icon-wrapper\">\n\t\t\t<div class=\"elementor-icon\">\n\t\t\t<i aria-hidden=\"true\" class=\"fas fa-hourglass-start\"><\/i>\t\t\t<\/div>\n\t\t<\/div>\n\t\t\t\t\t\t<\/div>\n\t\t\t\t<\/div>\n\t\t\t\t<div class=\"elementor-element elementor-element-d26fba0 elementor-widget elementor-widget-heading\" data-id=\"d26fba0\" data-element_type=\"widget\" data-e-type=\"widget\" data-widget_type=\"heading.default\">\n\t\t\t\t<div class=\"elementor-widget-container\">\n\t\t\t\t\t<h6 class=\"elementor-heading-title elementor-size-default\">2 jours<\/h6>\t\t\t\t<\/div>\n\t\t\t\t<\/div>\n\t\t\t\t<div class=\"elementor-element elementor-element-f289a65 elementor-view-default elementor-widget elementor-widget-icon\" data-id=\"f289a65\" data-element_type=\"widget\" data-e-type=\"widget\" data-widget_type=\"icon.default\">\n\t\t\t\t<div class=\"elementor-widget-container\">\n\t\t\t\t\t\t\t<div class=\"elementor-icon-wrapper\">\n\t\t\t<div class=\"elementor-icon\">\n\t\t\t<i aria-hidden=\"true\" class=\"fab fa-weixin\"><\/i>\t\t\t<\/div>\n\t\t<\/div>\n\t\t\t\t\t\t<\/div>\n\t\t\t\t<\/div>\n\t\t\t\t<div class=\"elementor-element elementor-element-a9733ab elementor-widget elementor-widget-heading\" data-id=\"a9733ab\" data-element_type=\"widget\" data-e-type=\"widget\" data-widget_type=\"heading.default\">\n\t\t\t\t<div class=\"elementor-widget-container\">\n\t\t\t\t\t<h6 class=\"elementor-heading-title elementor-size-default\">Nous consulter\n<\/h6>\t\t\t\t<\/div>\n\t\t\t\t<\/div>\n\t\t\t\t<div class=\"elementor-element elementor-element-36c6db0 elementor-view-default elementor-widget elementor-widget-icon\" data-id=\"36c6db0\" data-element_type=\"widget\" data-e-type=\"widget\" data-widget_type=\"icon.default\">\n\t\t\t\t<div class=\"elementor-widget-container\">\n\t\t\t\t\t\t\t<div class=\"elementor-icon-wrapper\">\n\t\t\t<div class=\"elementor-icon\">\n\t\t\t<i aria-hidden=\"true\" class=\"far fa-dot-circle\"><\/i>\t\t\t<\/div>\n\t\t<\/div>\n\t\t\t\t\t\t<\/div>\n\t\t\t\t<\/div>\n\t\t\t\t<div class=\"elementor-element elementor-element-c867f47 elementor-widget elementor-widget-heading\" data-id=\"c867f47\" data-element_type=\"widget\" data-e-type=\"widget\" data-widget_type=\"heading.default\">\n\t\t\t\t<div class=\"elementor-widget-container\">\n\t\t\t\t\t<h6 class=\"elementor-heading-title elementor-size-default\">Pr\u00e9sentiel<\/h6>\t\t\t\t<\/div>\n\t\t\t\t<\/div>\n\t\t\t\t<div class=\"elementor-element elementor-element-ac89afc elementor-view-default elementor-widget elementor-widget-icon\" data-id=\"ac89afc\" data-element_type=\"widget\" data-e-type=\"widget\" data-widget_type=\"icon.default\">\n\t\t\t\t<div class=\"elementor-widget-container\">\n\t\t\t\t\t\t\t<div class=\"elementor-icon-wrapper\">\n\t\t\t<div class=\"elementor-icon\">\n\t\t\t<i aria-hidden=\"true\" class=\"fas fa-euro-sign\"><\/i>\t\t\t<\/div>\n\t\t<\/div>\n\t\t\t\t\t\t<\/div>\n\t\t\t\t<\/div>\n\t\t\t\t<div class=\"elementor-element elementor-element-38c58da elementor-widget elementor-widget-heading\" data-id=\"38c58da\" data-element_type=\"widget\" data-e-type=\"widget\" data-widget_type=\"heading.default\">\n\t\t\t\t<div class=\"elementor-widget-container\">\n\t\t\t\t\t<h6 class=\"elementor-heading-title elementor-size-default\">Sur devis<\/h6>\t\t\t\t<\/div>\n\t\t\t\t<\/div>\n\t\t\t\t<div class=\"elementor-element elementor-element-f53587c elementor-align-center elementor-widget elementor-widget-button\" data-id=\"f53587c\" data-element_type=\"widget\" data-e-type=\"widget\" data-widget_type=\"button.default\">\n\t\t\t\t<div class=\"elementor-widget-container\">\n\t\t\t\t\t\t\t\t\t<div class=\"elementor-button-wrapper\">\n\t\t\t\t\t<a class=\"elementor-button elementor-button-link elementor-size-sm\" href=\"https:\/\/claudinevedere.com\/index.php\/contacts\/\" target=\"_blank\">\n\t\t\t\t\t\t<span class=\"elementor-button-content-wrapper\">\n\t\t\t\t\t\t\t\t\t<span class=\"elementor-button-text\">Prendre RV<\/span>\n\t\t\t\t\t<\/span>\n\t\t\t\t\t<\/a>\n\t\t\t\t<\/div>\n\t\t\t\t\t\t\t\t<\/div>\n\t\t\t\t<\/div>\n\t\t\t\t\t<\/div>\n\t\t<\/div>\n\t\t\t\t\t<\/div>\n\t\t<\/section>\n\t\t\t\t<\/div>\n\t\t","protected":false},"excerpt":{"rendered":"<p>PUBLIC CONCERNE Cette formation s\u2019adresse aux assistant(e)s maternel(les)s agr\u00e9\u00e9 (e)s et aux gardes d\u2019enfants employ\u00e9es par un particulier et en situation de travail. \u00a0 FORMATION CONTINUEPr\u00e9-requis : \u00a0 Agr\u00e9ment en cours de validit\u00e9 pour les Assistantes Maternelles Etre en situation<\/p>\n","protected":false},"author":1,"featured_media":0,"parent":0,"menu_order":0,"comment_status":"closed","ping_status":"closed","template":"","meta":{"_monsterinsights_skip_tracking":false,"_monsterinsights_sitenote_active":false,"_monsterinsights_sitenote_note":"","_monsterinsights_sitenote_category":0,"advanced_seo_description":"","jetpack_seo_html_title":"","jetpack_seo_noindex":false,"footnotes":""},"class_list":["post-5065","page","type-page","status-publish","hentry"],"jetpack_sharing_enabled":true,"_links":{"self":[{"href":"https:\/\/claudinevedere.com\/index.php\/wp-json\/wp\/v2\/pages\/5065","targetHints":{"allow":["GET"]}}],"collection":[{"href":"https:\/\/claudinevedere.com\/index.php\/wp-json\/wp\/v2\/pages"}],"about":[{"href":"https:\/\/claudinevedere.com\/index.php\/wp-json\/wp\/v2\/types\/page"}],"author":[{"embeddable":true,"href":"https:\/\/claudinevedere.com\/index.php\/wp-json\/wp\/v2\/users\/1"}],"replies":[{"embeddable":true,"href":"https:\/\/claudinevedere.com\/index.php\/wp-json\/wp\/v2\/comments?post=5065"}],"version-history":[{"count":0,"href":"https:\/\/claudinevedere.com\/index.php\/wp-json\/wp\/v2\/pages\/5065\/revisions"}],"wp:attachment":[{"href":"https:\/\/claudinevedere.com\/index.php\/wp-json\/wp\/v2\/media?parent=5065"}],"curies":[{"name":"wp","href":"https:\/\/api.w.org\/{rel}","templated":true}]}}