{"id":5076,"date":"2025-08-18T17:47:36","date_gmt":"2025-08-18T15:47:36","guid":{"rendered":"https:\/\/claudinevedere.com\/?page_id=5076"},"modified":"2026-01-21T10:51:07","modified_gmt":"2026-01-21T09:51:07","slug":"formatrice-petite-enfance","status":"publish","type":"page","link":"https:\/\/claudinevedere.com\/index.php\/formatrice-petite-enfance\/","title":{"rendered":"Formatrice Petite Enfance"},"content":{"rendered":"\t\t<div data-elementor-type=\"wp-page\" data-elementor-id=\"5076\" class=\"elementor elementor-5076\">\n\t\t\t\t\t\t<section class=\"elementor-section elementor-top-section elementor-element elementor-element-7e82fd4 elementor-section-boxed elementor-section-height-default elementor-section-height-default\" data-id=\"7e82fd4\" data-element_type=\"section\" data-e-type=\"section\">\n\t\t\t\t\t\t<div class=\"elementor-container elementor-column-gap-default\">\n\t\t\t\t\t<div class=\"elementor-column elementor-col-100 elementor-top-column elementor-element elementor-element-580151d\" data-id=\"580151d\" data-element_type=\"column\" data-e-type=\"column\">\n\t\t\t<div class=\"elementor-widget-wrap elementor-element-populated\">\n\t\t\t\t\t\t<div class=\"elementor-element elementor-element-15b6e7b elementor-widget elementor-widget-image\" data-id=\"15b6e7b\" data-element_type=\"widget\" data-e-type=\"widget\" data-widget_type=\"image.default\">\n\t\t\t\t<div class=\"elementor-widget-container\">\n\t\t\t\t\t\t\t\t\t\t\t\t\t\t\t<img fetchpriority=\"high\" decoding=\"async\" width=\"2000\" height=\"275\" src=\"https:\/\/claudinevedere.com\/wp-content\/uploads\/2025\/08\/ETIQUETTES-RECT-FORMATRICE-PETITE-ENFANCE.png\" class=\"attachment-full size-full wp-image-5125\" alt=\"\" srcset=\"https:\/\/claudinevedere.com\/wp-content\/uploads\/2025\/08\/ETIQUETTES-RECT-FORMATRICE-PETITE-ENFANCE.png 2000w, https:\/\/claudinevedere.com\/wp-content\/uploads\/2025\/08\/ETIQUETTES-RECT-FORMATRICE-PETITE-ENFANCE-300x41.png 300w, https:\/\/claudinevedere.com\/wp-content\/uploads\/2025\/08\/ETIQUETTES-RECT-FORMATRICE-PETITE-ENFANCE-1024x141.png 1024w, https:\/\/claudinevedere.com\/wp-content\/uploads\/2025\/08\/ETIQUETTES-RECT-FORMATRICE-PETITE-ENFANCE-768x106.png 768w, https:\/\/claudinevedere.com\/wp-content\/uploads\/2025\/08\/ETIQUETTES-RECT-FORMATRICE-PETITE-ENFANCE-1536x211.png 1536w\" sizes=\"(max-width: 2000px) 100vw, 2000px\" \/>\t\t\t\t\t\t\t\t\t\t\t\t\t\t\t<\/div>\n\t\t\t\t<\/div>\n\t\t\t\t\t<\/div>\n\t\t<\/div>\n\t\t\t\t\t<\/div>\n\t\t<\/section>\n\t\t\t\t<section class=\"elementor-section elementor-top-section elementor-element elementor-element-dffdac4 elementor-section-boxed elementor-section-height-default elementor-section-height-default\" data-id=\"dffdac4\" data-element_type=\"section\" data-e-type=\"section\">\n\t\t\t\t\t\t<div class=\"elementor-container elementor-column-gap-default\">\n\t\t\t\t\t<div class=\"elementor-column elementor-col-100 elementor-top-column elementor-element elementor-element-de4278d\" data-id=\"de4278d\" data-element_type=\"column\" data-e-type=\"column\">\n\t\t\t<div class=\"elementor-widget-wrap elementor-element-populated\">\n\t\t\t\t\t\t<div class=\"elementor-element elementor-element-5d009fc elementor-widget elementor-widget-text-editor\" data-id=\"5d009fc\" data-element_type=\"widget\" data-e-type=\"widget\" data-widget_type=\"text-editor.default\">\n\t\t\t\t<div class=\"elementor-widget-container\">\n\t\t\t\t\t\t\t\t\t<p><span style=\"color: #000000;\">J&rsquo;accompagne les\u00a0 professionnels dans l&rsquo;acquisition de comp\u00e9tences essentielles pour l&rsquo;accueil et le d\u00e9veloppement des enfants de 0 \u00e0 3 ans. Je con\u00e7ois et anime des modules p\u00e9dagogiques adapt\u00e9s, en m&rsquo;appuyant sur mon expertise de terrain acquise en structures d&rsquo;accueil.\u00a0\u00a0<\/span><\/p>\t\t\t\t\t\t\t\t<\/div>\n\t\t\t\t<\/div>\n\t\t\t\t\t<\/div>\n\t\t<\/div>\n\t\t\t\t\t<\/div>\n\t\t<\/section>\n\t\t\t\t<section class=\"elementor-section elementor-top-section elementor-element elementor-element-ad87708 elementor-section-boxed elementor-section-height-default elementor-section-height-default\" data-id=\"ad87708\" data-element_type=\"section\" data-e-type=\"section\">\n\t\t\t\t\t\t<div class=\"elementor-container elementor-column-gap-default\">\n\t\t\t\t\t<div class=\"elementor-column elementor-col-33 elementor-top-column elementor-element elementor-element-81d5ac9\" data-id=\"81d5ac9\" data-element_type=\"column\" data-e-type=\"column\">\n\t\t\t<div class=\"elementor-widget-wrap elementor-element-populated\">\n\t\t\t\t\t\t<div class=\"elementor-element elementor-element-92b44dd elementor-widget elementor-widget-image\" data-id=\"92b44dd\" data-element_type=\"widget\" data-e-type=\"widget\" data-widget_type=\"image.default\">\n\t\t\t\t<div class=\"elementor-widget-container\">\n\t\t\t\t\t\t\t\t\t\t\t\t\t\t\t\t<a href=\"https:\/\/claudinevedere.com\/index.php\/comprendre-pour-mieux-accompagner-les-nouvelles-connaissances-sur-le-cerveau-de-lenfant\/\">\n\t\t\t\t\t\t\t<img decoding=\"async\" width=\"720\" height=\"720\" src=\"https:\/\/claudinevedere.com\/wp-content\/uploads\/2025\/08\/9-1024x1024.png\" class=\"attachment-large size-large wp-image-5128\" alt=\"\" srcset=\"https:\/\/claudinevedere.com\/wp-content\/uploads\/2025\/08\/9-1024x1024.png 1024w, https:\/\/claudinevedere.com\/wp-content\/uploads\/2025\/08\/9-300x300.png 300w, https:\/\/claudinevedere.com\/wp-content\/uploads\/2025\/08\/9-150x150.png 150w, https:\/\/claudinevedere.com\/wp-content\/uploads\/2025\/08\/9-768x768.png 768w, https:\/\/claudinevedere.com\/wp-content\/uploads\/2025\/08\/9-230x230.png 230w, https:\/\/claudinevedere.com\/wp-content\/uploads\/2025\/08\/9-365x365.png 365w, https:\/\/claudinevedere.com\/wp-content\/uploads\/2025\/08\/9.png 1080w\" sizes=\"(max-width: 720px) 100vw, 720px\" \/>\t\t\t\t\t\t\t\t<\/a>\n\t\t\t\t\t\t\t\t\t\t\t\t\t\t\t<\/div>\n\t\t\t\t<\/div>\n\t\t\t\t<div class=\"elementor-element elementor-element-7a631b6 elementor-align-left elementor-widget elementor-widget-button\" data-id=\"7a631b6\" data-element_type=\"widget\" data-e-type=\"widget\" data-widget_type=\"button.default\">\n\t\t\t\t<div class=\"elementor-widget-container\">\n\t\t\t\t\t\t\t\t\t<div class=\"elementor-button-wrapper\">\n\t\t\t\t\t<a class=\"elementor-button elementor-size-sm\" role=\"button\" id=\"https:\/\/claudinevedere.com\/index.php\/comprendre-pour-mieux-accompagner-les-nouvelles-connaissances-sur-le-cerveau-de-lenfant\/?preview_id=4957&amp;preview_nonce=74103f9aa5&amp;preview=true\">\n\t\t\t\t\t\t<span class=\"elementor-button-content-wrapper\">\n\t\t\t\t\t\t\t\t\t<span class=\"elementor-button-text\">14 heures<\/span>\n\t\t\t\t\t<\/span>\n\t\t\t\t\t<\/a>\n\t\t\t\t<\/div>\n\t\t\t\t\t\t\t\t<\/div>\n\t\t\t\t<\/div>\n\t\t\t\t\t<\/div>\n\t\t<\/div>\n\t\t\t\t<div class=\"elementor-column elementor-col-33 elementor-top-column elementor-element elementor-element-42fc8f6\" data-id=\"42fc8f6\" data-element_type=\"column\" data-e-type=\"column\">\n\t\t\t<div class=\"elementor-widget-wrap elementor-element-populated\">\n\t\t\t\t\t\t<div class=\"elementor-element elementor-element-33857ab elementor-widget elementor-widget-image\" data-id=\"33857ab\" data-element_type=\"widget\" data-e-type=\"widget\" data-widget_type=\"image.default\">\n\t\t\t\t<div class=\"elementor-widget-container\">\n\t\t\t\t\t\t\t\t\t\t\t\t\t\t\t\t<a href=\"https:\/\/claudinevedere.com\/index.php\/prendre-soin-de-soi-epuisement-professionnel\/\">\n\t\t\t\t\t\t\t<img decoding=\"async\" width=\"720\" height=\"720\" src=\"https:\/\/claudinevedere.com\/wp-content\/uploads\/2025\/08\/8-1024x1024.png\" class=\"attachment-large size-large wp-image-5127\" alt=\"\" srcset=\"https:\/\/claudinevedere.com\/wp-content\/uploads\/2025\/08\/8-1024x1024.png 1024w, https:\/\/claudinevedere.com\/wp-content\/uploads\/2025\/08\/8-300x300.png 300w, https:\/\/claudinevedere.com\/wp-content\/uploads\/2025\/08\/8-150x150.png 150w, https:\/\/claudinevedere.com\/wp-content\/uploads\/2025\/08\/8-768x768.png 768w, https:\/\/claudinevedere.com\/wp-content\/uploads\/2025\/08\/8-230x230.png 230w, https:\/\/claudinevedere.com\/wp-content\/uploads\/2025\/08\/8-365x365.png 365w, https:\/\/claudinevedere.com\/wp-content\/uploads\/2025\/08\/8.png 1080w\" sizes=\"(max-width: 720px) 100vw, 720px\" \/>\t\t\t\t\t\t\t\t<\/a>\n\t\t\t\t\t\t\t\t\t\t\t\t\t\t\t<\/div>\n\t\t\t\t<\/div>\n\t\t\t\t<div class=\"elementor-element elementor-element-c1d9702 elementor-align-left elementor-widget elementor-widget-button\" data-id=\"c1d9702\" data-element_type=\"widget\" data-e-type=\"widget\" data-widget_type=\"button.default\">\n\t\t\t\t<div class=\"elementor-widget-container\">\n\t\t\t\t\t\t\t\t\t<div class=\"elementor-button-wrapper\">\n\t\t\t\t\t<a class=\"elementor-button elementor-size-sm\" role=\"button\">\n\t\t\t\t\t\t<span class=\"elementor-button-content-wrapper\">\n\t\t\t\t\t\t\t\t\t<span class=\"elementor-button-text\">14 heures<\/span>\n\t\t\t\t\t<\/span>\n\t\t\t\t\t<\/a>\n\t\t\t\t<\/div>\n\t\t\t\t\t\t\t\t<\/div>\n\t\t\t\t<\/div>\n\t\t\t\t\t<\/div>\n\t\t<\/div>\n\t\t\t\t<div class=\"elementor-column elementor-col-33 elementor-top-column elementor-element elementor-element-ef062e4\" data-id=\"ef062e4\" data-element_type=\"column\" data-e-type=\"column\">\n\t\t\t<div class=\"elementor-widget-wrap elementor-element-populated\">\n\t\t\t\t\t\t<div class=\"elementor-element elementor-element-e6e112f elementor-widget elementor-widget-image\" data-id=\"e6e112f\" data-element_type=\"widget\" data-e-type=\"widget\" data-widget_type=\"image.default\">\n\t\t\t\t<div class=\"elementor-widget-container\">\n\t\t\t\t\t\t\t\t\t\t\t\t\t\t\t\t<a href=\"https:\/\/claudinevedere.com\/index.php\/gerer-le-stress-en-situation-professionnelle\/\">\n\t\t\t\t\t\t\t<img loading=\"lazy\" decoding=\"async\" width=\"720\" height=\"720\" src=\"https:\/\/claudinevedere.com\/wp-content\/uploads\/2025\/08\/11-1024x1024.png\" class=\"attachment-large size-large wp-image-5130\" alt=\"\" srcset=\"https:\/\/claudinevedere.com\/wp-content\/uploads\/2025\/08\/11-1024x1024.png 1024w, https:\/\/claudinevedere.com\/wp-content\/uploads\/2025\/08\/11-300x300.png 300w, https:\/\/claudinevedere.com\/wp-content\/uploads\/2025\/08\/11-150x150.png 150w, https:\/\/claudinevedere.com\/wp-content\/uploads\/2025\/08\/11-768x768.png 768w, https:\/\/claudinevedere.com\/wp-content\/uploads\/2025\/08\/11-230x230.png 230w, https:\/\/claudinevedere.com\/wp-content\/uploads\/2025\/08\/11-365x365.png 365w, https:\/\/claudinevedere.com\/wp-content\/uploads\/2025\/08\/11.png 1080w\" sizes=\"(max-width: 720px) 100vw, 720px\" \/>\t\t\t\t\t\t\t\t<\/a>\n\t\t\t\t\t\t\t\t\t\t\t\t\t\t\t<\/div>\n\t\t\t\t<\/div>\n\t\t\t\t<div class=\"elementor-element elementor-element-2e64e28 elementor-align-left elementor-widget elementor-widget-button\" data-id=\"2e64e28\" data-element_type=\"widget\" data-e-type=\"widget\" data-widget_type=\"button.default\">\n\t\t\t\t<div class=\"elementor-widget-container\">\n\t\t\t\t\t\t\t\t\t<div class=\"elementor-button-wrapper\">\n\t\t\t\t\t<a class=\"elementor-button elementor-size-sm\" role=\"button\">\n\t\t\t\t\t\t<span class=\"elementor-button-content-wrapper\">\n\t\t\t\t\t\t\t\t\t<span class=\"elementor-button-text\">14 heures<\/span>\n\t\t\t\t\t<\/span>\n\t\t\t\t\t<\/a>\n\t\t\t\t<\/div>\n\t\t\t\t\t\t\t\t<\/div>\n\t\t\t\t<\/div>\n\t\t\t\t\t<\/div>\n\t\t<\/div>\n\t\t\t\t\t<\/div>\n\t\t<\/section>\n\t\t\t\t<section class=\"elementor-section elementor-top-section elementor-element elementor-element-355cb6f elementor-section-boxed elementor-section-height-default elementor-section-height-default\" data-id=\"355cb6f\" data-element_type=\"section\" data-e-type=\"section\">\n\t\t\t\t\t\t<div class=\"elementor-container elementor-column-gap-default\">\n\t\t\t\t\t<div class=\"elementor-column elementor-col-33 elementor-top-column elementor-element elementor-element-2dfc7d6\" data-id=\"2dfc7d6\" data-element_type=\"column\" data-e-type=\"column\">\n\t\t\t<div class=\"elementor-widget-wrap elementor-element-populated\">\n\t\t\t\t\t\t<div class=\"elementor-element elementor-element-8172d5e elementor-widget elementor-widget-image\" data-id=\"8172d5e\" data-element_type=\"widget\" data-e-type=\"widget\" data-widget_type=\"image.default\">\n\t\t\t\t<div class=\"elementor-widget-container\">\n\t\t\t\t\t\t\t\t\t\t\t\t\t\t\t\t<a href=\"https:\/\/claudinevedere.com\/index.php\/eveil-enfant-jeu\/\">\n\t\t\t\t\t\t\t<img loading=\"lazy\" decoding=\"async\" width=\"720\" height=\"720\" src=\"https:\/\/claudinevedere.com\/wp-content\/uploads\/2025\/08\/10-1024x1024.png\" class=\"attachment-large size-large wp-image-5129\" alt=\"\" srcset=\"https:\/\/claudinevedere.com\/wp-content\/uploads\/2025\/08\/10-1024x1024.png 1024w, https:\/\/claudinevedere.com\/wp-content\/uploads\/2025\/08\/10-300x300.png 300w, https:\/\/claudinevedere.com\/wp-content\/uploads\/2025\/08\/10-150x150.png 150w, https:\/\/claudinevedere.com\/wp-content\/uploads\/2025\/08\/10-768x768.png 768w, https:\/\/claudinevedere.com\/wp-content\/uploads\/2025\/08\/10-230x230.png 230w, https:\/\/claudinevedere.com\/wp-content\/uploads\/2025\/08\/10-365x365.png 365w, https:\/\/claudinevedere.com\/wp-content\/uploads\/2025\/08\/10.png 1080w\" sizes=\"(max-width: 720px) 100vw, 720px\" \/>\t\t\t\t\t\t\t\t<\/a>\n\t\t\t\t\t\t\t\t\t\t\t\t\t\t\t<\/div>\n\t\t\t\t<\/div>\n\t\t\t\t<div class=\"elementor-element elementor-element-2517b65 elementor-align-left elementor-widget elementor-widget-button\" data-id=\"2517b65\" data-element_type=\"widget\" data-e-type=\"widget\" data-widget_type=\"button.default\">\n\t\t\t\t<div class=\"elementor-widget-container\">\n\t\t\t\t\t\t\t\t\t<div class=\"elementor-button-wrapper\">\n\t\t\t\t\t<a class=\"elementor-button elementor-size-sm\" role=\"button\">\n\t\t\t\t\t\t<span class=\"elementor-button-content-wrapper\">\n\t\t\t\t\t\t\t\t\t<span class=\"elementor-button-text\">21 heures<\/span>\n\t\t\t\t\t<\/span>\n\t\t\t\t\t<\/a>\n\t\t\t\t<\/div>\n\t\t\t\t\t\t\t\t<\/div>\n\t\t\t\t<\/div>\n\t\t\t\t\t<\/div>\n\t\t<\/div>\n\t\t\t\t<div class=\"elementor-column elementor-col-33 elementor-top-column elementor-element elementor-element-28c5c83\" data-id=\"28c5c83\" data-element_type=\"column\" data-e-type=\"column\">\n\t\t\t<div class=\"elementor-widget-wrap elementor-element-populated\">\n\t\t\t\t\t\t<div class=\"elementor-element elementor-element-f007c99 elementor-widget elementor-widget-image\" data-id=\"f007c99\" data-element_type=\"widget\" data-e-type=\"widget\" data-widget_type=\"image.default\">\n\t\t\t\t<div class=\"elementor-widget-container\">\n\t\t\t\t\t\t\t\t\t\t\t\t\t\t\t\t<a href=\"https:\/\/claudinevedere.com\/index.php\/favoriser-le-jeu-libre-et-amenager-ses-espaces\/\">\n\t\t\t\t\t\t\t<img loading=\"lazy\" decoding=\"async\" width=\"720\" height=\"720\" src=\"https:\/\/claudinevedere.com\/wp-content\/uploads\/2025\/08\/12-1024x1024.png\" class=\"attachment-large size-large wp-image-5131\" alt=\"\" srcset=\"https:\/\/claudinevedere.com\/wp-content\/uploads\/2025\/08\/12-1024x1024.png 1024w, https:\/\/claudinevedere.com\/wp-content\/uploads\/2025\/08\/12-300x300.png 300w, https:\/\/claudinevedere.com\/wp-content\/uploads\/2025\/08\/12-150x150.png 150w, https:\/\/claudinevedere.com\/wp-content\/uploads\/2025\/08\/12-768x768.png 768w, https:\/\/claudinevedere.com\/wp-content\/uploads\/2025\/08\/12-230x230.png 230w, https:\/\/claudinevedere.com\/wp-content\/uploads\/2025\/08\/12-365x365.png 365w, https:\/\/claudinevedere.com\/wp-content\/uploads\/2025\/08\/12.png 1080w\" sizes=\"(max-width: 720px) 100vw, 720px\" \/>\t\t\t\t\t\t\t\t<\/a>\n\t\t\t\t\t\t\t\t\t\t\t\t\t\t\t<\/div>\n\t\t\t\t<\/div>\n\t\t\t\t<div class=\"elementor-element elementor-element-cab7bf3 elementor-align-left elementor-widget elementor-widget-button\" data-id=\"cab7bf3\" data-element_type=\"widget\" data-e-type=\"widget\" data-widget_type=\"button.default\">\n\t\t\t\t<div class=\"elementor-widget-container\">\n\t\t\t\t\t\t\t\t\t<div class=\"elementor-button-wrapper\">\n\t\t\t\t\t<a class=\"elementor-button elementor-size-sm\" role=\"button\">\n\t\t\t\t\t\t<span class=\"elementor-button-content-wrapper\">\n\t\t\t\t\t\t\t\t\t<span class=\"elementor-button-text\">14 heures<\/span>\n\t\t\t\t\t<\/span>\n\t\t\t\t\t<\/a>\n\t\t\t\t<\/div>\n\t\t\t\t\t\t\t\t<\/div>\n\t\t\t\t<\/div>\n\t\t\t\t\t<\/div>\n\t\t<\/div>\n\t\t\t\t<div class=\"elementor-column elementor-col-33 elementor-top-column elementor-element elementor-element-bca09f3\" data-id=\"bca09f3\" data-element_type=\"column\" data-e-type=\"column\">\n\t\t\t<div class=\"elementor-widget-wrap elementor-element-populated\">\n\t\t\t\t\t\t<div class=\"elementor-element elementor-element-cb86c83 elementor-widget elementor-widget-image\" data-id=\"cb86c83\" data-element_type=\"widget\" data-e-type=\"widget\" data-widget_type=\"image.default\">\n\t\t\t\t<div class=\"elementor-widget-container\">\n\t\t\t\t\t\t\t\t\t\t\t\t\t\t\t\t<a href=\"https:\/\/claudinevedere.com\/index.php\/la-communication-bienveillante\/\">\n\t\t\t\t\t\t\t<img loading=\"lazy\" decoding=\"async\" width=\"720\" height=\"720\" src=\"https:\/\/claudinevedere.com\/wp-content\/uploads\/2026\/01\/communication-bienveillante-2eme-version-1024x1024.png\" class=\"attachment-large size-large wp-image-5418\" alt=\"\" srcset=\"https:\/\/claudinevedere.com\/wp-content\/uploads\/2026\/01\/communication-bienveillante-2eme-version-1024x1024.png 1024w, https:\/\/claudinevedere.com\/wp-content\/uploads\/2026\/01\/communication-bienveillante-2eme-version-300x300.png 300w, https:\/\/claudinevedere.com\/wp-content\/uploads\/2026\/01\/communication-bienveillante-2eme-version-150x150.png 150w, https:\/\/claudinevedere.com\/wp-content\/uploads\/2026\/01\/communication-bienveillante-2eme-version-768x768.png 768w, https:\/\/claudinevedere.com\/wp-content\/uploads\/2026\/01\/communication-bienveillante-2eme-version-230x230.png 230w, https:\/\/claudinevedere.com\/wp-content\/uploads\/2026\/01\/communication-bienveillante-2eme-version-365x365.png 365w, https:\/\/claudinevedere.com\/wp-content\/uploads\/2026\/01\/communication-bienveillante-2eme-version.png 1080w\" sizes=\"(max-width: 720px) 100vw, 720px\" \/>\t\t\t\t\t\t\t\t<\/a>\n\t\t\t\t\t\t\t\t\t\t\t\t\t\t\t<\/div>\n\t\t\t\t<\/div>\n\t\t\t\t\t<\/div>\n\t\t<\/div>\n\t\t\t\t\t<\/div>\n\t\t<\/section>\n\t\t\t\t<section class=\"elementor-section elementor-top-section elementor-element elementor-element-6ab173c elementor-section-boxed elementor-section-height-default elementor-section-height-default\" data-id=\"6ab173c\" data-element_type=\"section\" data-e-type=\"section\">\n\t\t\t\t\t\t<div class=\"elementor-container elementor-column-gap-default\">\n\t\t\t\t\t<div class=\"elementor-column elementor-col-100 elementor-top-column elementor-element elementor-element-b4abf3a\" data-id=\"b4abf3a\" data-element_type=\"column\" data-e-type=\"column\">\n\t\t\t<div class=\"elementor-widget-wrap elementor-element-populated\">\n\t\t\t\t\t\t<div class=\"elementor-element elementor-element-1137380 elementor-widget elementor-widget-image\" data-id=\"1137380\" data-element_type=\"widget\" data-e-type=\"widget\" data-widget_type=\"image.default\">\n\t\t\t\t<div class=\"elementor-widget-container\">\n\t\t\t\t\t\t\t\t\t\t\t\t\t\t\t<img loading=\"lazy\" decoding=\"async\" width=\"2000\" height=\"275\" src=\"https:\/\/claudinevedere.com\/wp-content\/uploads\/2025\/08\/ATELIER-PARENT-ETIQUETTES.png\" class=\"attachment-full size-full wp-image-5146\" alt=\"\" srcset=\"https:\/\/claudinevedere.com\/wp-content\/uploads\/2025\/08\/ATELIER-PARENT-ETIQUETTES.png 2000w, https:\/\/claudinevedere.com\/wp-content\/uploads\/2025\/08\/ATELIER-PARENT-ETIQUETTES-300x41.png 300w, https:\/\/claudinevedere.com\/wp-content\/uploads\/2025\/08\/ATELIER-PARENT-ETIQUETTES-1024x141.png 1024w, https:\/\/claudinevedere.com\/wp-content\/uploads\/2025\/08\/ATELIER-PARENT-ETIQUETTES-768x106.png 768w, https:\/\/claudinevedere.com\/wp-content\/uploads\/2025\/08\/ATELIER-PARENT-ETIQUETTES-1536x211.png 1536w\" sizes=\"(max-width: 2000px) 100vw, 2000px\" \/>\t\t\t\t\t\t\t\t\t\t\t\t\t\t\t<\/div>\n\t\t\t\t<\/div>\n\t\t\t\t\t<\/div>\n\t\t<\/div>\n\t\t\t\t\t<\/div>\n\t\t<\/section>\n\t\t\t\t<section class=\"elementor-section elementor-top-section elementor-element elementor-element-d54124b elementor-section-boxed elementor-section-height-default elementor-section-height-default\" data-id=\"d54124b\" data-element_type=\"section\" data-e-type=\"section\">\n\t\t\t\t\t\t<div class=\"elementor-container elementor-column-gap-default\">\n\t\t\t\t\t<div class=\"elementor-column elementor-col-100 elementor-top-column elementor-element elementor-element-49936e9\" data-id=\"49936e9\" data-element_type=\"column\" data-e-type=\"column\">\n\t\t\t<div class=\"elementor-widget-wrap elementor-element-populated\">\n\t\t\t\t\t\t<div class=\"elementor-element elementor-element-b97081a elementor-widget elementor-widget-text-editor\" data-id=\"b97081a\" data-element_type=\"widget\" data-e-type=\"widget\" data-widget_type=\"text-editor.default\">\n\t\t\t\t<div class=\"elementor-widget-container\">\n\t\t\t\t\t\t\t\t\t<p><span style=\"color: #000000;\">J&rsquo;accompagne les parents en leur offrant des outils concrets pour mieux accompagner leurs enfants.<\/span><\/p>\t\t\t\t\t\t\t\t<\/div>\n\t\t\t\t<\/div>\n\t\t\t\t\t<\/div>\n\t\t<\/div>\n\t\t\t\t\t<\/div>\n\t\t<\/section>\n\t\t\t\t<section class=\"elementor-section elementor-top-section elementor-element elementor-element-cd82e8b elementor-section-boxed elementor-section-height-default elementor-section-height-default\" data-id=\"cd82e8b\" data-element_type=\"section\" data-e-type=\"section\">\n\t\t\t\t\t\t<div class=\"elementor-container elementor-column-gap-default\">\n\t\t\t\t\t<div class=\"elementor-column elementor-col-50 elementor-top-column elementor-element elementor-element-1d413e5\" data-id=\"1d413e5\" data-element_type=\"column\" data-e-type=\"column\">\n\t\t\t<div class=\"elementor-widget-wrap elementor-element-populated\">\n\t\t\t\t\t\t<div class=\"elementor-element elementor-element-02b16fc elementor-widget__width-initial elementor-widget elementor-widget-image\" data-id=\"02b16fc\" data-element_type=\"widget\" data-e-type=\"widget\" data-widget_type=\"image.default\">\n\t\t\t\t<div class=\"elementor-widget-container\">\n\t\t\t\t\t\t\t\t\t\t\t\t\t\t\t\t<a href=\"https:\/\/claudinevedere.com\/index.php\/les-mots-qui-font-grandir-0-a-6-ans\/\" target=\"_blank\">\n\t\t\t\t\t\t\t<img loading=\"lazy\" decoding=\"async\" width=\"720\" height=\"720\" src=\"https:\/\/claudinevedere.com\/wp-content\/uploads\/2021\/12\/25-1024x1024.png\" class=\"attachment-large size-large wp-image-4475\" alt=\"\" srcset=\"https:\/\/claudinevedere.com\/wp-content\/uploads\/2021\/12\/25-1024x1024.png 1024w, https:\/\/claudinevedere.com\/wp-content\/uploads\/2021\/12\/25-300x300.png 300w, https:\/\/claudinevedere.com\/wp-content\/uploads\/2021\/12\/25-150x150.png 150w, https:\/\/claudinevedere.com\/wp-content\/uploads\/2021\/12\/25-768x768.png 768w, https:\/\/claudinevedere.com\/wp-content\/uploads\/2021\/12\/25-230x230.png 230w, https:\/\/claudinevedere.com\/wp-content\/uploads\/2021\/12\/25-365x365.png 365w, https:\/\/claudinevedere.com\/wp-content\/uploads\/2021\/12\/25-600x600.png 600w, https:\/\/claudinevedere.com\/wp-content\/uploads\/2021\/12\/25-100x100.png 100w, https:\/\/claudinevedere.com\/wp-content\/uploads\/2021\/12\/25.png 1080w\" sizes=\"(max-width: 720px) 100vw, 720px\" \/>\t\t\t\t\t\t\t\t<\/a>\n\t\t\t\t\t\t\t\t\t\t\t\t\t\t\t<\/div>\n\t\t\t\t<\/div>\n\t\t\t\t\t<\/div>\n\t\t<\/div>\n\t\t\t\t<div class=\"elementor-column elementor-col-50 elementor-top-column elementor-element elementor-element-2c3adcd\" data-id=\"2c3adcd\" data-element_type=\"column\" data-e-type=\"column\">\n\t\t\t<div class=\"elementor-widget-wrap elementor-element-populated\">\n\t\t\t\t\t\t<div class=\"elementor-element elementor-element-c7be050 elementor-widget__width-initial elementor-widget-mobile__width-initial elementor-widget elementor-widget-image\" data-id=\"c7be050\" data-element_type=\"widget\" data-e-type=\"widget\" data-widget_type=\"image.default\">\n\t\t\t\t<div class=\"elementor-widget-container\">\n\t\t\t\t\t\t\t\t\t\t\t\t\t\t\t\t<a href=\"https:\/\/claudinevedere.com\/index.php\/jalousie-rivalites-disputes-dans-la-fratrie\/\" target=\"_blank\">\n\t\t\t\t\t\t\t<img loading=\"lazy\" decoding=\"async\" width=\"720\" height=\"720\" src=\"https:\/\/claudinevedere.com\/wp-content\/uploads\/2021\/12\/26-1024x1024.png\" class=\"attachment-large size-large wp-image-4476\" alt=\"\" srcset=\"https:\/\/claudinevedere.com\/wp-content\/uploads\/2021\/12\/26-1024x1024.png 1024w, https:\/\/claudinevedere.com\/wp-content\/uploads\/2021\/12\/26-300x300.png 300w, https:\/\/claudinevedere.com\/wp-content\/uploads\/2021\/12\/26-150x150.png 150w, https:\/\/claudinevedere.com\/wp-content\/uploads\/2021\/12\/26-768x768.png 768w, https:\/\/claudinevedere.com\/wp-content\/uploads\/2021\/12\/26-230x230.png 230w, https:\/\/claudinevedere.com\/wp-content\/uploads\/2021\/12\/26-365x365.png 365w, https:\/\/claudinevedere.com\/wp-content\/uploads\/2021\/12\/26-600x600.png 600w, https:\/\/claudinevedere.com\/wp-content\/uploads\/2021\/12\/26-100x100.png 100w, https:\/\/claudinevedere.com\/wp-content\/uploads\/2021\/12\/26.png 1080w\" sizes=\"(max-width: 720px) 100vw, 720px\" \/>\t\t\t\t\t\t\t\t<\/a>\n\t\t\t\t\t\t\t\t\t\t\t\t\t\t\t<\/div>\n\t\t\t\t<\/div>\n\t\t\t\t\t<\/div>\n\t\t<\/div>\n\t\t\t\t\t<\/div>\n\t\t<\/section>\n\t\t\t\t<\/div>\n\t\t","protected":false},"excerpt":{"rendered":"<p>J&rsquo;accompagne les\u00a0 professionnels dans l&rsquo;acquisition de comp\u00e9tences essentielles pour l&rsquo;accueil et le d\u00e9veloppement des enfants de 0 \u00e0 3 ans. Je con\u00e7ois et anime des modules p\u00e9dagogiques adapt\u00e9s, en m&rsquo;appuyant sur mon expertise de terrain acquise en structures d&rsquo;accueil.\u00a0\u00a0 14<\/p>\n","protected":false},"author":1,"featured_media":0,"parent":0,"menu_order":0,"comment_status":"closed","ping_status":"closed","template":"","meta":{"_monsterinsights_skip_tracking":false,"_monsterinsights_sitenote_active":false,"_monsterinsights_sitenote_note":"","_monsterinsights_sitenote_category":0,"advanced_seo_description":"","jetpack_seo_html_title":"","jetpack_seo_noindex":false,"footnotes":""},"class_list":["post-5076","page","type-page","status-publish","hentry"],"jetpack_sharing_enabled":true,"_links":{"self":[{"href":"https:\/\/claudinevedere.com\/index.php\/wp-json\/wp\/v2\/pages\/5076","targetHints":{"allow":["GET"]}}],"collection":[{"href":"https:\/\/claudinevedere.com\/index.php\/wp-json\/wp\/v2\/pages"}],"about":[{"href":"https:\/\/claudinevedere.com\/index.php\/wp-json\/wp\/v2\/types\/page"}],"author":[{"embeddable":true,"href":"https:\/\/claudinevedere.com\/index.php\/wp-json\/wp\/v2\/users\/1"}],"replies":[{"embeddable":true,"href":"https:\/\/claudinevedere.com\/index.php\/wp-json\/wp\/v2\/comments?post=5076"}],"version-history":[{"count":0,"href":"https:\/\/claudinevedere.com\/index.php\/wp-json\/wp\/v2\/pages\/5076\/revisions"}],"wp:attachment":[{"href":"https:\/\/claudinevedere.com\/index.php\/wp-json\/wp\/v2\/media?parent=5076"}],"curies":[{"name":"wp","href":"https:\/\/api.w.org\/{rel}","templated":true}]}}