{"id":5132,"date":"2025-08-21T19:25:00","date_gmt":"2025-08-21T17:25:00","guid":{"rendered":"https:\/\/claudinevedere.com\/?page_id=5132"},"modified":"2026-01-20T16:04:26","modified_gmt":"2026-01-20T15:04:26","slug":"favoriser-le-jeu-libre-et-amenager-ses-espaces","status":"publish","type":"page","link":"https:\/\/claudinevedere.com\/index.php\/favoriser-le-jeu-libre-et-amenager-ses-espaces\/","title":{"rendered":"FAVORISER LE JEU LIBRE ET AMENAGER SES ESPACES"},"content":{"rendered":"\t\t<div data-elementor-type=\"wp-page\" data-elementor-id=\"5132\" class=\"elementor elementor-5132\">\n\t\t\t\t\t\t<section class=\"elementor-section elementor-top-section elementor-element elementor-element-2061b36 elementor-section-boxed elementor-section-height-default elementor-section-height-default\" data-id=\"2061b36\" data-element_type=\"section\" data-e-type=\"section\">\n\t\t\t\t\t\t<div class=\"elementor-container elementor-column-gap-default\">\n\t\t\t\t\t<div class=\"elementor-column elementor-col-100 elementor-top-column elementor-element elementor-element-64a0e7c\" data-id=\"64a0e7c\" data-element_type=\"column\" data-e-type=\"column\">\n\t\t\t<div class=\"elementor-widget-wrap elementor-element-populated\">\n\t\t\t\t\t\t<div class=\"elementor-element elementor-element-617acf8 elementor-widget elementor-widget-image\" data-id=\"617acf8\" data-element_type=\"widget\" data-e-type=\"widget\" data-widget_type=\"image.default\">\n\t\t\t\t<div class=\"elementor-widget-container\">\n\t\t\t\t\t\t\t\t\t\t\t\t\t\t\t\t<a href=\"https:\/\/claudinevedere.com\/index.php\/favoriser-le-jeu-libre-et-amenager-ses-espaces\/\">\n\t\t\t\t\t\t\t<img fetchpriority=\"high\" decoding=\"async\" width=\"2000\" height=\"275\" src=\"https:\/\/claudinevedere.com\/wp-content\/uploads\/2026\/01\/49.png\" class=\"attachment-full size-full wp-image-5254\" alt=\"\" srcset=\"https:\/\/claudinevedere.com\/wp-content\/uploads\/2026\/01\/49.png 2000w, https:\/\/claudinevedere.com\/wp-content\/uploads\/2026\/01\/49-300x41.png 300w, https:\/\/claudinevedere.com\/wp-content\/uploads\/2026\/01\/49-1024x141.png 1024w, https:\/\/claudinevedere.com\/wp-content\/uploads\/2026\/01\/49-768x106.png 768w, https:\/\/claudinevedere.com\/wp-content\/uploads\/2026\/01\/49-1536x211.png 1536w\" sizes=\"(max-width: 2000px) 100vw, 2000px\" \/>\t\t\t\t\t\t\t\t<\/a>\n\t\t\t\t\t\t\t\t\t\t\t\t\t\t\t<\/div>\n\t\t\t\t<\/div>\n\t\t\t\t<div class=\"elementor-element elementor-element-567ac20 elementor-widget elementor-widget-text-editor\" data-id=\"567ac20\" data-element_type=\"widget\" data-e-type=\"widget\" data-widget_type=\"text-editor.default\">\n\t\t\t\t<div class=\"elementor-widget-container\">\n\t\t\t\t\t\t\t\t\t<p>En construction<\/p>\t\t\t\t\t\t\t\t<\/div>\n\t\t\t\t<\/div>\n\t\t\t\t\t<\/div>\n\t\t<\/div>\n\t\t\t\t\t<\/div>\n\t\t<\/section>\n\t\t\t\t<section class=\"elementor-section elementor-top-section elementor-element elementor-element-5b8dde2 elementor-section-boxed elementor-section-height-default elementor-section-height-default\" data-id=\"5b8dde2\" data-element_type=\"section\" data-e-type=\"section\">\n\t\t\t\t\t\t<div class=\"elementor-container elementor-column-gap-default\">\n\t\t\t\t\t<div class=\"elementor-column elementor-col-50 elementor-top-column elementor-element elementor-element-7179fad\" data-id=\"7179fad\" data-element_type=\"column\" data-e-type=\"column\">\n\t\t\t<div class=\"elementor-widget-wrap\">\n\t\t\t\t\t\t\t<\/div>\n\t\t<\/div>\n\t\t\t\t<div class=\"elementor-column elementor-col-50 elementor-top-column elementor-element elementor-element-bc92497\" data-id=\"bc92497\" data-element_type=\"column\" data-e-type=\"column\">\n\t\t\t<div class=\"elementor-widget-wrap\">\n\t\t\t\t\t\t\t<\/div>\n\t\t<\/div>\n\t\t\t\t\t<\/div>\n\t\t<\/section>\n\t\t\t\t<section class=\"elementor-section elementor-top-section elementor-element elementor-element-ebd5932 elementor-section-boxed elementor-section-height-default elementor-section-height-default\" data-id=\"ebd5932\" data-element_type=\"section\" data-e-type=\"section\">\n\t\t\t\t\t\t<div class=\"elementor-container elementor-column-gap-default\">\n\t\t\t\t\t<div class=\"elementor-column elementor-col-50 elementor-top-column elementor-element elementor-element-8aeeadd\" data-id=\"8aeeadd\" data-element_type=\"column\" data-e-type=\"column\">\n\t\t\t<div class=\"elementor-widget-wrap elementor-element-populated\">\n\t\t\t\t\t\t<div class=\"elementor-element elementor-element-413582b elementor-widget__width-initial elementor-widget elementor-widget-text-editor\" data-id=\"413582b\" data-element_type=\"widget\" data-e-type=\"widget\" data-widget_type=\"text-editor.default\">\n\t\t\t\t<div class=\"elementor-widget-container\">\n\t\t\t\t\t\t\t\t\t<ul><li><strong><span style=\"color: #993300;\">PUBLIC CONCERNE<\/span><\/strong><\/li><li><span style=\"color: #000000;\">Cette formation s\u2019adresse aux assistant(e)s maternel(les)s agr\u00e9\u00e9 (e)s et aux gardes <\/span><span style=\"color: #000000;\">d\u2019enfants employ\u00e9es par un particulier et en situation de travail.<\/span><\/li><li>\u00a0<\/li><li style=\"text-align: left;\"><strong><span style=\"color: #993300;\">FORMATION CONTINUE<\/span><\/strong><br \/><span style=\"color: #000000;\">Pr\u00e9-requis :<\/span><\/li><li>\u00a0<\/li><li><span style=\"color: #000000;\">Agr\u00e9ment en cours de validit\u00e9 pour les Assistantes Maternelles <\/span><br \/><span style=\"color: #000000;\">Etre en situation de travail pendant la dur\u00e9e de la formation.<\/span><\/li><li>\u00a0<\/li><\/ul><p><span style=\"color: #993300;\"><strong>OBJECTIFS<\/strong><\/span><\/p><ul><li>\u00a0<\/li><li>\u00a0<\/li><li><span style=\"color: #993300;\"><strong>CONTENU DE LA FORMATION<\/strong><\/span><p>\u00a0<\/p><\/li><\/ul>\t\t\t\t\t\t\t\t<\/div>\n\t\t\t\t<\/div>\n\t\t\t\t\t<\/div>\n\t\t<\/div>\n\t\t\t\t<div class=\"elementor-column elementor-col-50 elementor-top-column elementor-element elementor-element-66532ba\" data-id=\"66532ba\" data-element_type=\"column\" data-e-type=\"column\">\n\t\t\t<div class=\"elementor-widget-wrap elementor-element-populated\">\n\t\t\t\t\t\t<div class=\"elementor-element elementor-element-656b118 elementor-widget__width-initial elementor-widget elementor-widget-text-editor\" data-id=\"656b118\" data-element_type=\"widget\" data-e-type=\"widget\" data-widget_type=\"text-editor.default\">\n\t\t\t\t<div class=\"elementor-widget-container\">\n\t\t\t\t\t\t\t\t\t<p><span style=\"color: #993300;\">\u00a0<strong>APTITUDES<\/strong><\/span><\/p><ul><li>\u00a0<\/li><\/ul>\t\t\t\t\t\t\t\t<\/div>\n\t\t\t\t<\/div>\n\t\t\t\t\t<\/div>\n\t\t<\/div>\n\t\t\t\t\t<\/div>\n\t\t<\/section>\n\t\t\t\t<section class=\"elementor-section elementor-top-section elementor-element elementor-element-52aacf8 elementor-section-boxed elementor-section-height-default elementor-section-height-default\" data-id=\"52aacf8\" data-element_type=\"section\" data-e-type=\"section\">\n\t\t\t\t\t\t<div class=\"elementor-container elementor-column-gap-default\">\n\t\t\t\t\t<div class=\"elementor-column elementor-col-100 elementor-top-column elementor-element elementor-element-0eb8a72\" data-id=\"0eb8a72\" data-element_type=\"column\" data-e-type=\"column\">\n\t\t\t<div class=\"elementor-widget-wrap\">\n\t\t\t\t\t\t\t<\/div>\n\t\t<\/div>\n\t\t\t\t\t<\/div>\n\t\t<\/section>\n\t\t\t\t<section class=\"elementor-section elementor-top-section elementor-element elementor-element-bbe76b2 elementor-section-boxed elementor-section-height-default elementor-section-height-default\" data-id=\"bbe76b2\" data-element_type=\"section\" data-e-type=\"section\">\n\t\t\t\t\t\t<div class=\"elementor-container elementor-column-gap-default\">\n\t\t\t\t\t<div class=\"elementor-column elementor-col-33 elementor-top-column elementor-element elementor-element-4e4dd30\" data-id=\"4e4dd30\" data-element_type=\"column\" data-e-type=\"column\">\n\t\t\t<div class=\"elementor-widget-wrap\">\n\t\t\t\t\t\t\t<\/div>\n\t\t<\/div>\n\t\t\t\t<div class=\"elementor-column elementor-col-33 elementor-top-column elementor-element elementor-element-e252d44\" data-id=\"e252d44\" data-element_type=\"column\" data-e-type=\"column\">\n\t\t\t<div class=\"elementor-widget-wrap\">\n\t\t\t\t\t\t\t<\/div>\n\t\t<\/div>\n\t\t\t\t<div class=\"elementor-column elementor-col-33 elementor-top-column elementor-element elementor-element-0dd10b3\" data-id=\"0dd10b3\" data-element_type=\"column\" data-e-type=\"column\">\n\t\t\t<div class=\"elementor-widget-wrap\">\n\t\t\t\t\t\t\t<\/div>\n\t\t<\/div>\n\t\t\t\t\t<\/div>\n\t\t<\/section>\n\t\t\t\t<section class=\"elementor-section elementor-top-section elementor-element elementor-element-fc8b359 elementor-section-boxed elementor-section-height-default elementor-section-height-default\" data-id=\"fc8b359\" data-element_type=\"section\" data-e-type=\"section\">\n\t\t\t\t\t\t<div class=\"elementor-container elementor-column-gap-default\">\n\t\t\t\t\t<div class=\"elementor-column elementor-col-33 elementor-top-column elementor-element elementor-element-f4d06c2\" data-id=\"f4d06c2\" data-element_type=\"column\" data-e-type=\"column\">\n\t\t\t<div class=\"elementor-widget-wrap elementor-element-populated\">\n\t\t\t\t\t\t<div class=\"elementor-element elementor-element-80c6bf1 elementor-widget__width-initial elementor-widget elementor-widget-text-editor\" data-id=\"80c6bf1\" data-element_type=\"widget\" data-e-type=\"widget\" data-widget_type=\"text-editor.default\">\n\t\t\t\t<div class=\"elementor-widget-container\">\n\t\t\t\t\t\t\t\t\t<p><strong><span style=\"color: #b39465;\">M\u00e9thodes p\u00e9dagogiques<\/span><\/strong><\/p><div><ul><li><span style=\"color: #000000;\">C\u2019est une formation participative et interactive. L\u2019int\u00e9gration des diff\u00e9rentes notions \u00e0 l&rsquo;aide d&rsquo;outils bas\u00e9s sur les p\u00e9dagogies ludiques ponctuent les journ\u00e9es.<\/span><\/li><li><span style=\"color: #000000;\">\u00a0<\/span><\/li><li><span style=\"color: #000000;\">Elle alterne\u00a0des m\u00e9thodes d\u00e9monstrative, interrogative et exp\u00e9rimentale\u00a0:<\/span><\/li><li><span style=\"color: #000000;\">\u00a0<\/span><\/li><li><span style=\"color: #000000;\">R\u00e9flexions et \u00e9changes sur les pratiques, partage d\u2019exp\u00e9rience<\/span><\/li><li><span style=\"color: #000000;\">Interactions avec la formatrice et entre les participants(es)<\/span><\/li><li><span style=\"color: #000000;\">Questionnements de groupe<\/span><\/li><li><span style=\"color: #000000;\">Entra\u00eenements et tests\u00a0<\/span><\/li><li><span style=\"color: #000000;\">Mises en situation\/ \u00c9tudes de cas\/Ateliers<\/span><\/li><li><span style=\"color: #000000;\">Diffusion et \u00e9changes sur des extraits vid\u00e9os<\/span><\/li><li>\u00a0<\/li><li><span style=\"color: #000000;\">Un support de cours est distribu\u00e9 en fin de formation.<\/span><\/li><li>\u00a0<\/li><\/ul><\/div><p><span style=\"color: #333333;\"><strong><span style=\"color: #b39465;\">Moyens permettant de suivre l\u2019ex\u00e9cution de l\u2019action <\/span><\/strong><\/span><\/p><ul><li><span style=\"color: #000000;\">Feuilles de pr\u00e9sence \u00e9marg\u00e9es par le stagiaire et la formatrice par \u00bd journ\u00e9e.<\/span><\/li><li><span style=\"color: #000000;\">Questionnaire de positionnement avant et apr\u00e8s la formation.<\/span><\/li><li><span style=\"color: #000000;\">Signature du r\u00e8glement int\u00e9rieur.<\/span><\/li><\/ul>\t\t\t\t\t\t\t\t<\/div>\n\t\t\t\t<\/div>\n\t\t\t\t\t<\/div>\n\t\t<\/div>\n\t\t\t\t<div class=\"elementor-column elementor-col-33 elementor-top-column elementor-element elementor-element-38be0ca\" data-id=\"38be0ca\" data-element_type=\"column\" data-e-type=\"column\">\n\t\t\t<div class=\"elementor-widget-wrap elementor-element-populated\">\n\t\t\t\t\t\t<div class=\"elementor-element elementor-element-bab9041 elementor-widget elementor-widget-text-editor\" data-id=\"bab9041\" data-element_type=\"widget\" data-e-type=\"widget\" data-widget_type=\"text-editor.default\">\n\t\t\t\t<div class=\"elementor-widget-container\">\n\t\t\t\t\t\t\t\t\t<ul><li><span style=\"color: #333333;\"><strong><span style=\"color: #b39465;\">Modalit\u00e9s d\u2019\u00e9valuation des r\u00e9sultats<\/span> <br \/><\/strong><\/span><\/li><li>\u00a0<\/li><li><span style=\"color: #000000;\">Entre chaque temps fort de la journ\u00e9e, diff\u00e9rentes activit\u00e9s permettent aux participant(e)s de s&rsquo;approprier les notions qui viennent d&rsquo;\u00eatre abord\u00e9es et \u00e0 la formatrice de v\u00e9rifier la bonne compr\u00e9hension avec notamment des :<\/span><\/li><li><span style=\"color: #000000;\">Mises en situations<\/span><\/li><li><span style=\"color: #000000;\">Ateliers<\/span><\/li><li><span style=\"color: #000000;\">Exercices en sous-groupe ou individuel<\/span><\/li><li><span style=\"color: #000000;\">Quiz<\/span><\/li><li><span style=\"color: #000000;\">QCM<\/span><\/li><li>\u00a0<\/li><li><span style=\"color: #333333;\"><strong><span style=\"color: #b39465;\">Modalit\u00e9s d\u2019\u00e9valuation finale<\/span><\/strong><\/span><\/li><li>\u00a0<\/li><li><span style=\"color: #000000;\">Un questionnaire pour accueillir le niveau de satisfaction en fin de formation (\u00e0 chaud).<\/span><\/li><li><span style=\"color: #000000;\">Attestation individuelle d\u00e9livr\u00e9e.<\/span><\/li><li>\u00a0<\/li><\/ul><h5><span style=\"color: #993300;\"><strong><span style=\"font-size: 16px;\"><span style=\"color: #333333;\"><span style=\"color: #b39465;\">Lieu de formation<\/span><\/span><\/span><\/strong><\/span><\/h5><ul><li><span style=\"color: #000000;\">A d\u00e9terminer.<\/span><\/li><\/ul>\t\t\t\t\t\t\t\t<\/div>\n\t\t\t\t<\/div>\n\t\t\t\t\t<\/div>\n\t\t<\/div>\n\t\t\t\t<div class=\"elementor-column elementor-col-33 elementor-top-column elementor-element elementor-element-06a0170\" data-id=\"06a0170\" data-element_type=\"column\" data-e-type=\"column\">\n\t\t\t<div class=\"elementor-widget-wrap elementor-element-populated\">\n\t\t\t\t\t\t<div class=\"elementor-element elementor-element-dbd2272 elementor-view-default elementor-widget elementor-widget-icon\" data-id=\"dbd2272\" data-element_type=\"widget\" data-e-type=\"widget\" data-widget_type=\"icon.default\">\n\t\t\t\t<div class=\"elementor-widget-container\">\n\t\t\t\t\t\t\t<div class=\"elementor-icon-wrapper\">\n\t\t\t<div class=\"elementor-icon\">\n\t\t\t<i aria-hidden=\"true\" class=\"fas fa-user-circle\"><\/i>\t\t\t<\/div>\n\t\t<\/div>\n\t\t\t\t\t\t<\/div>\n\t\t\t\t<\/div>\n\t\t\t\t<div class=\"elementor-element elementor-element-f834288 elementor-widget elementor-widget-heading\" data-id=\"f834288\" data-element_type=\"widget\" data-e-type=\"widget\" data-widget_type=\"heading.default\">\n\t\t\t\t<div class=\"elementor-widget-container\">\n\t\t\t\t\t<h6 class=\"elementor-heading-title elementor-size-default\">Professionnels (les) de la petite enfance\n\n\n<\/h6>\t\t\t\t<\/div>\n\t\t\t\t<\/div>\n\t\t\t\t<div class=\"elementor-element elementor-element-f8108c2 elementor-view-default elementor-widget elementor-widget-icon\" data-id=\"f8108c2\" data-element_type=\"widget\" data-e-type=\"widget\" data-widget_type=\"icon.default\">\n\t\t\t\t<div class=\"elementor-widget-container\">\n\t\t\t\t\t\t\t<div class=\"elementor-icon-wrapper\">\n\t\t\t<div class=\"elementor-icon\">\n\t\t\t<i aria-hidden=\"true\" class=\"fas fa-hourglass-start\"><\/i>\t\t\t<\/div>\n\t\t<\/div>\n\t\t\t\t\t\t<\/div>\n\t\t\t\t<\/div>\n\t\t\t\t<div class=\"elementor-element elementor-element-7f2e830 elementor-widget elementor-widget-heading\" data-id=\"7f2e830\" data-element_type=\"widget\" data-e-type=\"widget\" data-widget_type=\"heading.default\">\n\t\t\t\t<div class=\"elementor-widget-container\">\n\t\t\t\t\t<h6 class=\"elementor-heading-title elementor-size-default\">2 jours<\/h6>\t\t\t\t<\/div>\n\t\t\t\t<\/div>\n\t\t\t\t<div class=\"elementor-element elementor-element-d2edbd6 elementor-view-default elementor-widget elementor-widget-icon\" data-id=\"d2edbd6\" data-element_type=\"widget\" data-e-type=\"widget\" data-widget_type=\"icon.default\">\n\t\t\t\t<div class=\"elementor-widget-container\">\n\t\t\t\t\t\t\t<div class=\"elementor-icon-wrapper\">\n\t\t\t<div class=\"elementor-icon\">\n\t\t\t<i aria-hidden=\"true\" class=\"fab fa-weixin\"><\/i>\t\t\t<\/div>\n\t\t<\/div>\n\t\t\t\t\t\t<\/div>\n\t\t\t\t<\/div>\n\t\t\t\t<div class=\"elementor-element elementor-element-93758d7 elementor-widget elementor-widget-heading\" data-id=\"93758d7\" data-element_type=\"widget\" data-e-type=\"widget\" data-widget_type=\"heading.default\">\n\t\t\t\t<div class=\"elementor-widget-container\">\n\t\t\t\t\t<h6 class=\"elementor-heading-title elementor-size-default\">Nous consulter\n<\/h6>\t\t\t\t<\/div>\n\t\t\t\t<\/div>\n\t\t\t\t<div class=\"elementor-element elementor-element-0b9a489 elementor-view-default elementor-widget elementor-widget-icon\" data-id=\"0b9a489\" data-element_type=\"widget\" data-e-type=\"widget\" data-widget_type=\"icon.default\">\n\t\t\t\t<div class=\"elementor-widget-container\">\n\t\t\t\t\t\t\t<div class=\"elementor-icon-wrapper\">\n\t\t\t<div class=\"elementor-icon\">\n\t\t\t<i aria-hidden=\"true\" class=\"far fa-dot-circle\"><\/i>\t\t\t<\/div>\n\t\t<\/div>\n\t\t\t\t\t\t<\/div>\n\t\t\t\t<\/div>\n\t\t\t\t<div class=\"elementor-element elementor-element-6befedc elementor-widget elementor-widget-heading\" data-id=\"6befedc\" data-element_type=\"widget\" data-e-type=\"widget\" data-widget_type=\"heading.default\">\n\t\t\t\t<div class=\"elementor-widget-container\">\n\t\t\t\t\t<h6 class=\"elementor-heading-title elementor-size-default\">Pr\u00e9sentiel<\/h6>\t\t\t\t<\/div>\n\t\t\t\t<\/div>\n\t\t\t\t<div class=\"elementor-element elementor-element-7664819 elementor-view-default elementor-widget elementor-widget-icon\" data-id=\"7664819\" data-element_type=\"widget\" data-e-type=\"widget\" data-widget_type=\"icon.default\">\n\t\t\t\t<div class=\"elementor-widget-container\">\n\t\t\t\t\t\t\t<div class=\"elementor-icon-wrapper\">\n\t\t\t<div class=\"elementor-icon\">\n\t\t\t<i aria-hidden=\"true\" class=\"fas fa-euro-sign\"><\/i>\t\t\t<\/div>\n\t\t<\/div>\n\t\t\t\t\t\t<\/div>\n\t\t\t\t<\/div>\n\t\t\t\t<div class=\"elementor-element elementor-element-dd367a3 elementor-widget elementor-widget-heading\" data-id=\"dd367a3\" data-element_type=\"widget\" data-e-type=\"widget\" data-widget_type=\"heading.default\">\n\t\t\t\t<div class=\"elementor-widget-container\">\n\t\t\t\t\t<h6 class=\"elementor-heading-title elementor-size-default\">Sur devis<\/h6>\t\t\t\t<\/div>\n\t\t\t\t<\/div>\n\t\t\t\t<div class=\"elementor-element elementor-element-7bc0ce5 elementor-align-center elementor-widget elementor-widget-button\" data-id=\"7bc0ce5\" data-element_type=\"widget\" data-e-type=\"widget\" data-widget_type=\"button.default\">\n\t\t\t\t<div class=\"elementor-widget-container\">\n\t\t\t\t\t\t\t\t\t<div class=\"elementor-button-wrapper\">\n\t\t\t\t\t<a class=\"elementor-button elementor-button-link elementor-size-sm\" href=\"https:\/\/claudinevedere.com\/index.php\/contacts\/\" target=\"_blank\">\n\t\t\t\t\t\t<span class=\"elementor-button-content-wrapper\">\n\t\t\t\t\t\t\t\t\t<span class=\"elementor-button-text\">Prendre RV<\/span>\n\t\t\t\t\t<\/span>\n\t\t\t\t\t<\/a>\n\t\t\t\t<\/div>\n\t\t\t\t\t\t\t\t<\/div>\n\t\t\t\t<\/div>\n\t\t\t\t\t<\/div>\n\t\t<\/div>\n\t\t\t\t\t<\/div>\n\t\t<\/section>\n\t\t\t\t<\/div>\n\t\t","protected":false},"excerpt":{"rendered":"<p>En construction PUBLIC CONCERNE Cette formation s\u2019adresse aux assistant(e)s maternel(les)s agr\u00e9\u00e9 (e)s et aux gardes d\u2019enfants employ\u00e9es par un particulier et en situation de travail. \u00a0 FORMATION CONTINUEPr\u00e9-requis : \u00a0 Agr\u00e9ment en cours de validit\u00e9 pour les Assistantes Maternelles Etre<\/p>\n","protected":false},"author":1,"featured_media":0,"parent":0,"menu_order":0,"comment_status":"closed","ping_status":"closed","template":"","meta":{"_monsterinsights_skip_tracking":false,"_monsterinsights_sitenote_active":false,"_monsterinsights_sitenote_note":"","_monsterinsights_sitenote_category":0,"advanced_seo_description":"","jetpack_seo_html_title":"","jetpack_seo_noindex":false,"footnotes":""},"class_list":["post-5132","page","type-page","status-publish","hentry"],"jetpack_sharing_enabled":true,"_links":{"self":[{"href":"https:\/\/claudinevedere.com\/index.php\/wp-json\/wp\/v2\/pages\/5132","targetHints":{"allow":["GET"]}}],"collection":[{"href":"https:\/\/claudinevedere.com\/index.php\/wp-json\/wp\/v2\/pages"}],"about":[{"href":"https:\/\/claudinevedere.com\/index.php\/wp-json\/wp\/v2\/types\/page"}],"author":[{"embeddable":true,"href":"https:\/\/claudinevedere.com\/index.php\/wp-json\/wp\/v2\/users\/1"}],"replies":[{"embeddable":true,"href":"https:\/\/claudinevedere.com\/index.php\/wp-json\/wp\/v2\/comments?post=5132"}],"version-history":[{"count":0,"href":"https:\/\/claudinevedere.com\/index.php\/wp-json\/wp\/v2\/pages\/5132\/revisions"}],"wp:attachment":[{"href":"https:\/\/claudinevedere.com\/index.php\/wp-json\/wp\/v2\/media?parent=5132"}],"curies":[{"name":"wp","href":"https:\/\/api.w.org\/{rel}","templated":true}]}}