{"id":529,"date":"2021-08-22T18:58:25","date_gmt":"2021-08-22T16:58:25","guid":{"rendered":"https:\/\/claudinevedere.com\/?page_id=529"},"modified":"2026-01-20T22:17:09","modified_gmt":"2026-01-20T21:17:09","slug":"la-seance-individuelle","status":"publish","type":"page","link":"https:\/\/claudinevedere.com\/index.php\/la-seance-individuelle\/","title":{"rendered":"La s\u00e9ance individuelle"},"content":{"rendered":"\t\t<div data-elementor-type=\"wp-page\" data-elementor-id=\"529\" class=\"elementor elementor-529\">\n\t\t\t\t\t\t<section class=\"elementor-section elementor-top-section elementor-element elementor-element-205682b elementor-section-boxed elementor-section-height-default elementor-section-height-default\" data-id=\"205682b\" data-element_type=\"section\" data-e-type=\"section\">\n\t\t\t\t\t\t<div class=\"elementor-container elementor-column-gap-default\">\n\t\t\t\t\t<div class=\"elementor-column elementor-col-100 elementor-top-column elementor-element elementor-element-0fecc14\" data-id=\"0fecc14\" data-element_type=\"column\" data-e-type=\"column\">\n\t\t\t<div class=\"elementor-widget-wrap elementor-element-populated\">\n\t\t\t\t\t\t<div class=\"elementor-element elementor-element-d1f6f5e elementor-widget elementor-widget-image\" data-id=\"d1f6f5e\" data-element_type=\"widget\" data-e-type=\"widget\" data-widget_type=\"image.default\">\n\t\t\t\t<div class=\"elementor-widget-container\">\n\t\t\t\t\t\t\t\t\t\t\t\t\t\t\t<img fetchpriority=\"high\" decoding=\"async\" width=\"2000\" height=\"275\" src=\"https:\/\/claudinevedere.com\/wp-content\/uploads\/2021\/10\/3-6.png\" class=\"attachment-full size-full wp-image-1893\" alt=\"\" srcset=\"https:\/\/claudinevedere.com\/wp-content\/uploads\/2021\/10\/3-6.png 2000w, https:\/\/claudinevedere.com\/wp-content\/uploads\/2021\/10\/3-6-300x41.png 300w, https:\/\/claudinevedere.com\/wp-content\/uploads\/2021\/10\/3-6-1024x141.png 1024w, https:\/\/claudinevedere.com\/wp-content\/uploads\/2021\/10\/3-6-768x106.png 768w, https:\/\/claudinevedere.com\/wp-content\/uploads\/2021\/10\/3-6-1536x211.png 1536w, https:\/\/claudinevedere.com\/wp-content\/uploads\/2021\/10\/3-6-600x83.png 600w\" sizes=\"(max-width: 2000px) 100vw, 2000px\" \/>\t\t\t\t\t\t\t\t\t\t\t\t\t\t\t<\/div>\n\t\t\t\t<\/div>\n\t\t\t\t\t<\/div>\n\t\t<\/div>\n\t\t\t\t\t<\/div>\n\t\t<\/section>\n\t\t\t\t<section class=\"elementor-section elementor-top-section elementor-element elementor-element-cc95ab6 elementor-section-boxed elementor-section-height-default elementor-section-height-default\" data-id=\"cc95ab6\" data-element_type=\"section\" data-e-type=\"section\">\n\t\t\t\t\t\t<div class=\"elementor-container elementor-column-gap-default\">\n\t\t\t\t\t<div class=\"elementor-column elementor-col-50 elementor-top-column elementor-element elementor-element-8243531\" data-id=\"8243531\" data-element_type=\"column\" data-e-type=\"column\">\n\t\t\t<div class=\"elementor-widget-wrap elementor-element-populated\">\n\t\t\t\t\t\t<div class=\"elementor-element elementor-element-231d8e5 elementor-widget elementor-widget-text-editor\" data-id=\"231d8e5\" data-element_type=\"widget\" data-e-type=\"widget\" data-widget_type=\"text-editor.default\">\n\t\t\t\t<div class=\"elementor-widget-container\">\n\t\t\t\t\t\t\t\t\t<p><span style=\"color: #333333;\"><strong><span style=\"color: #51702d;\">En suivi individuel,<\/span><\/strong> lors de votre 1er rendez-vous, nous <strong><span style=\"color: #51702d;\">d\u00e9terminons ensemble vos objectifs.<\/span><\/strong> En fonction de vos attentes, je vous accompagne \u00e0 devenir <strong><span style=\"color: #51702d;\">autonome<\/span><\/strong> dans l&rsquo;am\u00e9lioration de votre quotidien. L&rsquo;entrainement entre les s\u00e9ances est essentiel pour <strong><span style=\"color: #51702d;\">renforcer votre motivation.\u00a0<\/span><\/strong><\/span><\/p>\t\t\t\t\t\t\t\t<\/div>\n\t\t\t\t<\/div>\n\t\t\t\t<div class=\"elementor-element elementor-element-bd85027 elementor-align-center elementor-widget elementor-widget-button\" data-id=\"bd85027\" data-element_type=\"widget\" data-e-type=\"widget\" data-widget_type=\"button.default\">\n\t\t\t\t<div class=\"elementor-widget-container\">\n\t\t\t\t\t\t\t\t\t<div class=\"elementor-button-wrapper\">\n\t\t\t\t\t<a class=\"elementor-button elementor-button-link elementor-size-sm\" href=\"https:\/\/claudinevedere.com\/index.php\/contacts\/\" target=\"_blank\">\n\t\t\t\t\t\t<span class=\"elementor-button-content-wrapper\">\n\t\t\t\t\t\t\t\t\t<span class=\"elementor-button-text\">Prendre RV<\/span>\n\t\t\t\t\t<\/span>\n\t\t\t\t\t<\/a>\n\t\t\t\t<\/div>\n\t\t\t\t\t\t\t\t<\/div>\n\t\t\t\t<\/div>\n\t\t\t\t\t<\/div>\n\t\t<\/div>\n\t\t\t\t<div class=\"elementor-column elementor-col-50 elementor-top-column elementor-element elementor-element-00c9238\" data-id=\"00c9238\" data-element_type=\"column\" data-e-type=\"column\">\n\t\t\t<div class=\"elementor-widget-wrap elementor-element-populated\">\n\t\t\t\t\t\t<div class=\"elementor-element elementor-element-f28e330 elementor-widget elementor-widget-image\" data-id=\"f28e330\" data-element_type=\"widget\" data-e-type=\"widget\" data-widget_type=\"image.default\">\n\t\t\t\t<div class=\"elementor-widget-container\">\n\t\t\t\t\t\t\t\t\t\t\t\t\t\t\t<img decoding=\"async\" width=\"300\" height=\"199\" src=\"https:\/\/claudinevedere.com\/wp-content\/uploads\/2021\/10\/photos-sophrologie-300x199.jpg\" class=\"attachment-medium size-medium wp-image-1677\" alt=\"\" srcset=\"https:\/\/claudinevedere.com\/wp-content\/uploads\/2021\/10\/photos-sophrologie-300x199.jpg 300w, https:\/\/claudinevedere.com\/wp-content\/uploads\/2021\/10\/photos-sophrologie-1024x680.jpg 1024w, https:\/\/claudinevedere.com\/wp-content\/uploads\/2021\/10\/photos-sophrologie-768x510.jpg 768w, https:\/\/claudinevedere.com\/wp-content\/uploads\/2021\/10\/photos-sophrologie-1536x1020.jpg 1536w, https:\/\/claudinevedere.com\/wp-content\/uploads\/2021\/10\/photos-sophrologie-600x398.jpg 600w, https:\/\/claudinevedere.com\/wp-content\/uploads\/2021\/10\/photos-sophrologie.jpg 1920w\" sizes=\"(max-width: 300px) 100vw, 300px\" \/>\t\t\t\t\t\t\t\t\t\t\t\t\t\t\t<\/div>\n\t\t\t\t<\/div>\n\t\t\t\t\t<\/div>\n\t\t<\/div>\n\t\t\t\t\t<\/div>\n\t\t<\/section>\n\t\t\t\t<section class=\"elementor-section elementor-top-section elementor-element elementor-element-6c6f5403 elementor-section-boxed elementor-section-height-default elementor-section-height-default\" data-id=\"6c6f5403\" data-element_type=\"section\" data-e-type=\"section\">\n\t\t\t\t\t\t<div class=\"elementor-container elementor-column-gap-custom\">\n\t\t\t\t\t<div class=\"elementor-column elementor-col-50 elementor-top-column elementor-element elementor-element-7a8d75b8\" data-id=\"7a8d75b8\" data-element_type=\"column\" data-e-type=\"column\">\n\t\t\t<div class=\"elementor-widget-wrap elementor-element-populated\">\n\t\t\t\t\t\t<div class=\"elementor-element elementor-element-c8cbb5e elementor-widget elementor-widget-text-editor\" data-id=\"c8cbb5e\" data-element_type=\"widget\" data-e-type=\"widget\" data-widget_type=\"text-editor.default\">\n\t\t\t\t<div class=\"elementor-widget-container\">\n\t\t\t\t\t\t\t\t\t<h6 style=\"text-align: center;\"><span style=\"color: #51702d;\"><strong>Une s\u00e9ance individuelle <\/strong><\/span><span style=\"color: #51702d;\"><strong>se d\u00e9roule en <\/strong><\/span><span style=\"color: #51702d;\"><strong>4 parties :<br \/><\/strong><\/span><\/h6><h4>\u00a0<strong style=\"color: #51702d; font-size: 19px;\">Dialogue<\/strong><\/h4><p><span style=\"color: #000000;\">La s\u00e9ance de sophrologie d\u00e9bute toujours par un dialogue au cours duquel est \u00e9tabli, en accord avec vous, votre objectif \u00e0 atteindre.<\/span><\/p><h6><span style=\"color: #51702d;\"><strong>Partie dynamique<\/strong><\/span><\/h6><p><span style=\"color: #000000;\">Il s\u2019agit <span style=\"color: #51702d;\"><strong>d\u2019un encha\u00eenement de mouvements, d\u2019exercices <\/strong><\/span>ayant pour but de rel\u00e2cher les tensions tout en effectuant des <strong><span style=\"color: #51702d;\">respirations.<\/span><\/strong> Celles-ci vous permettront de vous poser, de vous centrer, de vous remplir de positif mais aussi d&rsquo;\u00e9vacuer tout le n\u00e9gatif. En effet, il est n\u00e9cessaire de <strong><span style=\"color: #51702d;\">relaxer le corps avant le mental.<\/span><\/strong><\/span><\/p><h6><span style=\"color: #51702d;\"><strong>Partie visualisation<\/strong><\/span><\/h6><p><span style=\"color: #000000;\">Dans un<\/span> <span style=\"color: #51702d;\"><strong>\u00e9tat de relaxation profonde<\/strong><\/span> <span style=\"color: #000000;\">o\u00f9 votre conscience est vigilante, vous \u00eates \u00e0 l\u2019\u00e9coute de votre corps, de vos sensations. Vous prenez conscience de votre<\/span> <span style=\"color: #51702d;\"><strong>rel\u00e2chement corporel. <\/strong><\/span><span style=\"color: #000000;\">Vous mobilisez, vous renforcez, gr\u00e2ce \u00e0 la<\/span> <span style=\"color: #51702d;\"><strong>visualisation positive, <\/strong><\/span><span style=\"color: #000000;\">toutes vos capacit\u00e9s profondes et vos ressources internes. Ainsi dynamis\u00e9, vous \u00eates le chef d&rsquo;orchestre de votre vie.<\/span><\/p><h6><span style=\"color: #51702d;\"><strong>\u00c9change<\/strong><\/span><\/h6><p><span style=\"color: #000000;\"><strong><span style=\"color: #51702d;\">Temps d\u2019\u00e9change<\/span><\/strong> apr\u00e8s avoir r\u00e9alis\u00e9 l\u2019ensemble des exercices, suivi de la cl\u00f4ture de s\u00e9ance en organisant ensemble un <strong><span style=\"color: #51702d;\">entrainement personnel<\/span><\/strong> \u00e0 suivre jusqu\u2019\u00e0 la prochaine s\u00e9ance.<\/span><\/p><p>\u00a0<\/p><p><span style=\"color: #000000;\">Tous les exercices peuvent \u00eatre pratiqu\u00e9s soit en s\u00e9ance individuelle, quand la demande est sp\u00e9cifique, soit en s\u00e9ance de groupe, quand la demande est plus g\u00e9n\u00e9rale.\u00a0<\/span><\/p>\t\t\t\t\t\t\t\t<\/div>\n\t\t\t\t<\/div>\n\t\t\t\t\t<\/div>\n\t\t<\/div>\n\t\t\t\t<div class=\"elementor-column elementor-col-50 elementor-top-column elementor-element elementor-element-260f7e14\" data-id=\"260f7e14\" data-element_type=\"column\" data-e-type=\"column\">\n\t\t\t<div class=\"elementor-widget-wrap elementor-element-populated\">\n\t\t\t\t\t\t<div class=\"elementor-element elementor-element-aa58397 elementor-view-default elementor-widget elementor-widget-icon\" data-id=\"aa58397\" data-element_type=\"widget\" data-e-type=\"widget\" data-widget_type=\"icon.default\">\n\t\t\t\t<div class=\"elementor-widget-container\">\n\t\t\t\t\t\t\t<div class=\"elementor-icon-wrapper\">\n\t\t\t<div class=\"elementor-icon\">\n\t\t\t<i aria-hidden=\"true\" class=\"fas fa-users\"><\/i>\t\t\t<\/div>\n\t\t<\/div>\n\t\t\t\t\t\t<\/div>\n\t\t\t\t<\/div>\n\t\t\t\t<div class=\"elementor-element elementor-element-3d5f69c elementor-widget elementor-widget-text-editor\" data-id=\"3d5f69c\" data-element_type=\"widget\" data-e-type=\"widget\" data-widget_type=\"text-editor.default\">\n\t\t\t\t<div class=\"elementor-widget-container\">\n\t\t\t\t\t\t\t\t\t<h6 style=\"text-align: center;\"><span style=\"color: #51702d;\"><strong>Adulte, <\/strong><\/span><span style=\"color: #51702d;\"><strong>s\u00e9nior, <\/strong><\/span><span style=\"color: #51702d;\"><strong>future maman&#8230;<\/strong><\/span><\/h6>\t\t\t\t\t\t\t\t<\/div>\n\t\t\t\t<\/div>\n\t\t\t\t<div class=\"elementor-element elementor-element-578ac111 elementor-view-default elementor-widget elementor-widget-icon\" data-id=\"578ac111\" data-element_type=\"widget\" data-e-type=\"widget\" data-widget_type=\"icon.default\">\n\t\t\t\t<div class=\"elementor-widget-container\">\n\t\t\t\t\t\t\t<div class=\"elementor-icon-wrapper\">\n\t\t\t<div class=\"elementor-icon\">\n\t\t\t<i aria-hidden=\"true\" class=\"fas fa-euro-sign\"><\/i>\t\t\t<\/div>\n\t\t<\/div>\n\t\t\t\t\t\t<\/div>\n\t\t\t\t<\/div>\n\t\t\t\t<div class=\"elementor-element elementor-element-69d7e5ca elementor-widget elementor-widget-text-editor\" data-id=\"69d7e5ca\" data-element_type=\"widget\" data-e-type=\"widget\" data-widget_type=\"text-editor.default\">\n\t\t\t\t<div class=\"elementor-widget-container\">\n\t\t\t\t\t\t\t\t\t<h6 style=\"text-align: center;\"><strong><span style=\"color: #51702d;\">50,00<\/span><\/strong><\/h6>\t\t\t\t\t\t\t\t<\/div>\n\t\t\t\t<\/div>\n\t\t\t\t<div class=\"elementor-element elementor-element-6abec06b elementor-view-default elementor-widget elementor-widget-icon\" data-id=\"6abec06b\" data-element_type=\"widget\" data-e-type=\"widget\" data-widget_type=\"icon.default\">\n\t\t\t\t<div class=\"elementor-widget-container\">\n\t\t\t\t\t\t\t<div class=\"elementor-icon-wrapper\">\n\t\t\t<div class=\"elementor-icon\">\n\t\t\t<i aria-hidden=\"true\" class=\"far fa-hourglass\"><\/i>\t\t\t<\/div>\n\t\t<\/div>\n\t\t\t\t\t\t<\/div>\n\t\t\t\t<\/div>\n\t\t\t\t<div class=\"elementor-element elementor-element-1fd164db elementor-widget elementor-widget-text-editor\" data-id=\"1fd164db\" data-element_type=\"widget\" data-e-type=\"widget\" data-widget_type=\"text-editor.default\">\n\t\t\t\t<div class=\"elementor-widget-container\">\n\t\t\t\t\t\t\t\t\t<h6 style=\"text-align: center;\"><strong><span style=\"color: #b39465;\">1 heure<\/span><\/strong><\/h6>\t\t\t\t\t\t\t\t<\/div>\n\t\t\t\t<\/div>\n\t\t\t\t<div class=\"elementor-element elementor-element-30ef975 elementor-view-default elementor-widget elementor-widget-icon\" data-id=\"30ef975\" data-element_type=\"widget\" data-e-type=\"widget\" data-widget_type=\"icon.default\">\n\t\t\t\t<div class=\"elementor-widget-container\">\n\t\t\t\t\t\t\t<div class=\"elementor-icon-wrapper\">\n\t\t\t<div class=\"elementor-icon\">\n\t\t\t<i aria-hidden=\"true\" class=\"far fa-lightbulb\"><\/i>\t\t\t<\/div>\n\t\t<\/div>\n\t\t\t\t\t\t<\/div>\n\t\t\t\t<\/div>\n\t\t\t\t<div class=\"elementor-element elementor-element-425ec39 elementor-widget elementor-widget-text-editor\" data-id=\"425ec39\" data-element_type=\"widget\" data-e-type=\"widget\" data-widget_type=\"text-editor.default\">\n\t\t\t\t<div class=\"elementor-widget-container\">\n\t\t\t\t\t\t\t\t\t<h6 style=\"text-align: center;\"><span style=\"color: #51702d;\"><strong>Renseignez-vous aupr\u00e8s de votre mutuelle, certaines s\u00e9ances peuvent \u00eatre rembours\u00e9es<\/strong><\/span><\/h6>\t\t\t\t\t\t\t\t<\/div>\n\t\t\t\t<\/div>\n\t\t\t\t<div class=\"elementor-element elementor-element-478c226 elementor-view-default elementor-widget elementor-widget-icon\" data-id=\"478c226\" data-element_type=\"widget\" data-e-type=\"widget\" data-widget_type=\"icon.default\">\n\t\t\t\t<div class=\"elementor-widget-container\">\n\t\t\t\t\t\t\t<div class=\"elementor-icon-wrapper\">\n\t\t\t<div class=\"elementor-icon\">\n\t\t\t<i aria-hidden=\"true\" class=\"fas fa-store-alt\"><\/i>\t\t\t<\/div>\n\t\t<\/div>\n\t\t\t\t\t\t<\/div>\n\t\t\t\t<\/div>\n\t\t\t\t<div class=\"elementor-element elementor-element-de6a4bb elementor-widget elementor-widget-text-editor\" data-id=\"de6a4bb\" data-element_type=\"widget\" data-e-type=\"widget\" data-widget_type=\"text-editor.default\">\n\t\t\t\t<div class=\"elementor-widget-container\">\n\t\t\t\t\t\t\t\t\t<h6 style=\"text-align: center;\"><span style=\"color: #b39465;\"><strong>Cabinet ou consultation <\/strong><strong>en ligne (zoom)<\/strong><\/span><\/h6>\t\t\t\t\t\t\t\t<\/div>\n\t\t\t\t<\/div>\n\t\t\t\t<div class=\"elementor-element elementor-element-d4a8931 elementor-align-center elementor-widget elementor-widget-button\" data-id=\"d4a8931\" data-element_type=\"widget\" data-e-type=\"widget\" data-widget_type=\"button.default\">\n\t\t\t\t<div class=\"elementor-widget-container\">\n\t\t\t\t\t\t\t\t\t<div class=\"elementor-button-wrapper\">\n\t\t\t\t\t<a class=\"elementor-button elementor-button-link elementor-size-sm\" href=\"https:\/\/claudinevedere.com\/index.php\/contacts\/\" target=\"_blank\">\n\t\t\t\t\t\t<span class=\"elementor-button-content-wrapper\">\n\t\t\t\t\t\t\t\t\t<span class=\"elementor-button-text\">Prendre RV<\/span>\n\t\t\t\t\t<\/span>\n\t\t\t\t\t<\/a>\n\t\t\t\t<\/div>\n\t\t\t\t\t\t\t\t<\/div>\n\t\t\t\t<\/div>\n\t\t\t\t\t<\/div>\n\t\t<\/div>\n\t\t\t\t\t<\/div>\n\t\t<\/section>\n\t\t\t\t<\/div>\n\t\t","protected":false},"excerpt":{"rendered":"<p>En suivi individuel, lors de votre 1er rendez-vous, nous d\u00e9terminons ensemble vos objectifs. En fonction de vos attentes, je vous accompagne \u00e0 devenir autonome dans l&rsquo;am\u00e9lioration de votre quotidien. L&rsquo;entrainement entre les s\u00e9ances est essentiel pour renforcer votre motivation.\u00a0 Prendre<\/p>\n","protected":false},"author":1,"featured_media":0,"parent":0,"menu_order":0,"comment_status":"closed","ping_status":"closed","template":"","meta":{"_monsterinsights_skip_tracking":false,"_monsterinsights_sitenote_active":false,"_monsterinsights_sitenote_note":"","_monsterinsights_sitenote_category":0,"advanced_seo_description":"","jetpack_seo_html_title":"","jetpack_seo_noindex":false,"footnotes":""},"class_list":["post-529","page","type-page","status-publish","hentry"],"jetpack_sharing_enabled":true,"_links":{"self":[{"href":"https:\/\/claudinevedere.com\/index.php\/wp-json\/wp\/v2\/pages\/529","targetHints":{"allow":["GET"]}}],"collection":[{"href":"https:\/\/claudinevedere.com\/index.php\/wp-json\/wp\/v2\/pages"}],"about":[{"href":"https:\/\/claudinevedere.com\/index.php\/wp-json\/wp\/v2\/types\/page"}],"author":[{"embeddable":true,"href":"https:\/\/claudinevedere.com\/index.php\/wp-json\/wp\/v2\/users\/1"}],"replies":[{"embeddable":true,"href":"https:\/\/claudinevedere.com\/index.php\/wp-json\/wp\/v2\/comments?post=529"}],"version-history":[{"count":0,"href":"https:\/\/claudinevedere.com\/index.php\/wp-json\/wp\/v2\/pages\/529\/revisions"}],"wp:attachment":[{"href":"https:\/\/claudinevedere.com\/index.php\/wp-json\/wp\/v2\/media?parent=529"}],"curies":[{"name":"wp","href":"https:\/\/api.w.org\/{rel}","templated":true}]}}