{"id":536,"date":"2021-08-22T19:12:21","date_gmt":"2021-08-22T17:12:21","guid":{"rendered":"https:\/\/claudinevedere.com\/?page_id=536"},"modified":"2026-01-20T22:30:40","modified_gmt":"2026-01-20T21:30:40","slug":"la-seance-de-groupe","status":"publish","type":"page","link":"https:\/\/claudinevedere.com\/index.php\/la-seance-de-groupe\/","title":{"rendered":"La s\u00e9ance de groupe"},"content":{"rendered":"\t\t<div data-elementor-type=\"wp-page\" data-elementor-id=\"536\" class=\"elementor elementor-536\">\n\t\t\t\t\t\t<section class=\"elementor-section elementor-top-section elementor-element elementor-element-97a2038 elementor-section-boxed elementor-section-height-default elementor-section-height-default\" data-id=\"97a2038\" data-element_type=\"section\" data-e-type=\"section\">\n\t\t\t\t\t\t<div class=\"elementor-container elementor-column-gap-default\">\n\t\t\t\t\t<div class=\"elementor-column elementor-col-100 elementor-top-column elementor-element elementor-element-a7ee047\" data-id=\"a7ee047\" data-element_type=\"column\" data-e-type=\"column\">\n\t\t\t<div class=\"elementor-widget-wrap elementor-element-populated\">\n\t\t\t\t\t\t<div class=\"elementor-element elementor-element-4f3470f elementor-widget elementor-widget-image\" data-id=\"4f3470f\" data-element_type=\"widget\" data-e-type=\"widget\" data-widget_type=\"image.default\">\n\t\t\t\t<div class=\"elementor-widget-container\">\n\t\t\t\t\t\t\t\t\t\t\t\t\t\t\t<img fetchpriority=\"high\" decoding=\"async\" width=\"2000\" height=\"275\" src=\"https:\/\/claudinevedere.com\/wp-content\/uploads\/2021\/10\/6-7.png\" class=\"attachment-full size-full wp-image-1897\" alt=\"\" srcset=\"https:\/\/claudinevedere.com\/wp-content\/uploads\/2021\/10\/6-7.png 2000w, https:\/\/claudinevedere.com\/wp-content\/uploads\/2021\/10\/6-7-300x41.png 300w, https:\/\/claudinevedere.com\/wp-content\/uploads\/2021\/10\/6-7-1024x141.png 1024w, https:\/\/claudinevedere.com\/wp-content\/uploads\/2021\/10\/6-7-768x106.png 768w, https:\/\/claudinevedere.com\/wp-content\/uploads\/2021\/10\/6-7-1536x211.png 1536w, https:\/\/claudinevedere.com\/wp-content\/uploads\/2021\/10\/6-7-600x83.png 600w\" sizes=\"(max-width: 2000px) 100vw, 2000px\" \/>\t\t\t\t\t\t\t\t\t\t\t\t\t\t\t<\/div>\n\t\t\t\t<\/div>\n\t\t\t\t\t<\/div>\n\t\t<\/div>\n\t\t\t\t\t<\/div>\n\t\t<\/section>\n\t\t\t\t<section class=\"elementor-section elementor-top-section elementor-element elementor-element-c1e86bf elementor-section-boxed elementor-section-height-default elementor-section-height-default\" data-id=\"c1e86bf\" data-element_type=\"section\" data-e-type=\"section\">\n\t\t\t\t\t\t<div class=\"elementor-container elementor-column-gap-default\">\n\t\t\t\t\t<div class=\"elementor-column elementor-col-50 elementor-top-column elementor-element elementor-element-1c525a5\" data-id=\"1c525a5\" data-element_type=\"column\" data-e-type=\"column\">\n\t\t\t<div class=\"elementor-widget-wrap elementor-element-populated\">\n\t\t\t\t\t\t<div class=\"elementor-element elementor-element-10f3a67 elementor-widget elementor-widget-text-editor\" data-id=\"10f3a67\" data-element_type=\"widget\" data-e-type=\"widget\" data-widget_type=\"text-editor.default\">\n\t\t\t\t<div class=\"elementor-widget-container\">\n\t\t\t\t\t\t\t\t\t<h6><span style=\"color: #008000;\"><strong>La sophrologie en groupe, un programme pour ne plus subir le stress&#8230;<\/strong><\/span><\/h6><p><span style=\"color: #000000;\">Chaque s\u00e9ance est construite autour de th\u00e8mes g\u00e9n\u00e9raux. Je personnalise\u00a0 les exercices en fonction du th\u00e8me abord\u00e9.<br \/><\/span><\/p><div><p><span style=\"color: #000000;\">La sophrologie en groupe am\u00e9liore de fa\u00e7on globale la d\u00e9tente et le bien-\u00eatre pour retrouver l\u2019\u00e9quilibre.<\/span><\/p><h6><strong><span style=\"color: #008000;\">Les avantages d&rsquo;une s\u00e9ance de groupe :<\/span><\/strong><\/h6><ul><li><span style=\"color: #000000;\">Faire une coupure avec le quotidien<\/span><\/li><li><span style=\"color: #000000;\">Fermer les dossiers \u00ab\u00a0vie priv\u00e9e\u00a0\u00bb et \u00ab\u00a0vie professionnelle\u00a0\u00bb le temps de la s\u00e9ance<\/span><\/li><li><span style=\"color: #000000;\">Pratiquer dans un endroit d\u00e9di\u00e9, neutre et confortable<\/span><\/li><li><span style=\"color: #000000;\">Se sentir moins seul(e) gr\u00e2ce \u00e0 une probl\u00e9matique commune<\/span><\/li><li><span style=\"color: #000000;\">Faire de nouvelles rencontres pour cr\u00e9er des liens<\/span><\/li><li><span style=\"color: #000000;\">Avoir un rendez-vous et un entrainement r\u00e9guliers chaque semaine <br \/><\/span><\/li><li><span style=\"color: #000000;\">Avancer autrement gr\u00e2ce \u00e0 l\u2019\u00e9nergie du groupe<\/span><\/li><\/ul><\/div>\t\t\t\t\t\t\t\t<\/div>\n\t\t\t\t<\/div>\n\t\t\t\t<div class=\"elementor-element elementor-element-1361ce6 elementor-align-center elementor-widget elementor-widget-button\" data-id=\"1361ce6\" data-element_type=\"widget\" data-e-type=\"widget\" data-widget_type=\"button.default\">\n\t\t\t\t<div class=\"elementor-widget-container\">\n\t\t\t\t\t\t\t\t\t<div class=\"elementor-button-wrapper\">\n\t\t\t\t\t<a class=\"elementor-button elementor-button-link elementor-size-sm\" href=\"https:\/\/claudinevedere.com\/index.php\/contacts\/\" target=\"_blank\">\n\t\t\t\t\t\t<span class=\"elementor-button-content-wrapper\">\n\t\t\t\t\t\t\t\t\t<span class=\"elementor-button-text\">Prendre RV<\/span>\n\t\t\t\t\t<\/span>\n\t\t\t\t\t<\/a>\n\t\t\t\t<\/div>\n\t\t\t\t\t\t\t\t<\/div>\n\t\t\t\t<\/div>\n\t\t\t\t\t<\/div>\n\t\t<\/div>\n\t\t\t\t<div class=\"elementor-column elementor-col-50 elementor-top-column elementor-element elementor-element-1f2e060\" data-id=\"1f2e060\" data-element_type=\"column\" data-e-type=\"column\">\n\t\t\t<div class=\"elementor-widget-wrap elementor-element-populated\">\n\t\t\t\t\t\t<div class=\"elementor-element elementor-element-fb7f709 elementor-widget elementor-widget-image\" data-id=\"fb7f709\" data-element_type=\"widget\" data-e-type=\"widget\" data-widget_type=\"image.default\">\n\t\t\t\t<div class=\"elementor-widget-container\">\n\t\t\t\t\t\t\t\t\t\t\t\t\t\t\t<img decoding=\"async\" width=\"300\" height=\"225\" src=\"https:\/\/claudinevedere.com\/wp-content\/uploads\/2021\/10\/SOPHRO-GROUPE-300x225.jpg\" class=\"attachment-medium size-medium wp-image-2235\" alt=\"\" srcset=\"https:\/\/claudinevedere.com\/wp-content\/uploads\/2021\/10\/SOPHRO-GROUPE-300x225.jpg 300w, https:\/\/claudinevedere.com\/wp-content\/uploads\/2021\/10\/SOPHRO-GROUPE-1024x768.jpg 1024w, https:\/\/claudinevedere.com\/wp-content\/uploads\/2021\/10\/SOPHRO-GROUPE-768x576.jpg 768w, https:\/\/claudinevedere.com\/wp-content\/uploads\/2021\/10\/SOPHRO-GROUPE-600x450.jpg 600w, https:\/\/claudinevedere.com\/wp-content\/uploads\/2021\/10\/SOPHRO-GROUPE.jpg 1280w\" sizes=\"(max-width: 300px) 100vw, 300px\" \/>\t\t\t\t\t\t\t\t\t\t\t\t\t\t\t<\/div>\n\t\t\t\t<\/div>\n\t\t\t\t\t<\/div>\n\t\t<\/div>\n\t\t\t\t\t<\/div>\n\t\t<\/section>\n\t\t\t\t<section class=\"elementor-section elementor-top-section elementor-element elementor-element-4631593c elementor-section-boxed elementor-section-height-default elementor-section-height-default\" data-id=\"4631593c\" data-element_type=\"section\" data-e-type=\"section\">\n\t\t\t\t\t\t<div class=\"elementor-container elementor-column-gap-default\">\n\t\t\t\t\t<div class=\"elementor-column elementor-col-50 elementor-top-column elementor-element elementor-element-3ef41be4\" data-id=\"3ef41be4\" data-element_type=\"column\" data-e-type=\"column\">\n\t\t\t<div class=\"elementor-widget-wrap elementor-element-populated\">\n\t\t\t\t\t\t<section class=\"elementor-section elementor-inner-section elementor-element elementor-element-d14e863 elementor-section-boxed elementor-section-height-default elementor-section-height-default\" data-id=\"d14e863\" data-element_type=\"section\" data-e-type=\"section\">\n\t\t\t\t\t\t<div class=\"elementor-container elementor-column-gap-default\">\n\t\t\t\t\t<div class=\"elementor-column elementor-col-50 elementor-inner-column elementor-element elementor-element-e5bc611\" data-id=\"e5bc611\" data-element_type=\"column\" data-e-type=\"column\">\n\t\t\t<div class=\"elementor-widget-wrap elementor-element-populated\">\n\t\t\t\t\t\t<div class=\"elementor-element elementor-element-e0b58b9 elementor-widget elementor-widget-image\" data-id=\"e0b58b9\" data-element_type=\"widget\" data-e-type=\"widget\" data-widget_type=\"image.default\">\n\t\t\t\t<div class=\"elementor-widget-container\">\n\t\t\t\t\t\t\t\t\t\t\t\t\t\t\t<img decoding=\"async\" width=\"1024\" height=\"682\" src=\"https:\/\/claudinevedere.com\/wp-content\/uploads\/2021\/10\/SOPHRO-GROUPE-2-1024x682.jpg\" class=\"attachment-large size-large wp-image-2238\" alt=\"\" srcset=\"https:\/\/claudinevedere.com\/wp-content\/uploads\/2021\/10\/SOPHRO-GROUPE-2-1024x682.jpg 1024w, https:\/\/claudinevedere.com\/wp-content\/uploads\/2021\/10\/SOPHRO-GROUPE-2-300x200.jpg 300w, https:\/\/claudinevedere.com\/wp-content\/uploads\/2021\/10\/SOPHRO-GROUPE-2-768x512.jpg 768w, https:\/\/claudinevedere.com\/wp-content\/uploads\/2021\/10\/SOPHRO-GROUPE-2-600x400.jpg 600w, https:\/\/claudinevedere.com\/wp-content\/uploads\/2021\/10\/SOPHRO-GROUPE-2.jpg 1280w\" sizes=\"(max-width: 1024px) 100vw, 1024px\" \/>\t\t\t\t\t\t\t\t\t\t\t\t\t\t\t<\/div>\n\t\t\t\t<\/div>\n\t\t\t\t\t<\/div>\n\t\t<\/div>\n\t\t\t\t<div class=\"elementor-column elementor-col-50 elementor-inner-column elementor-element elementor-element-450158e\" data-id=\"450158e\" data-element_type=\"column\" data-e-type=\"column\">\n\t\t\t<div class=\"elementor-widget-wrap elementor-element-populated\">\n\t\t\t\t\t\t<div class=\"elementor-element elementor-element-ee62a5c elementor-widget elementor-widget-text-editor\" data-id=\"ee62a5c\" data-element_type=\"widget\" data-e-type=\"widget\" data-widget_type=\"text-editor.default\">\n\t\t\t\t<div class=\"elementor-widget-container\">\n\t\t\t\t\t\t\t\t\t<ul><li><strong><span style=\"color: #51702d;\">Quelques exemples de s\u00e9ances &#8230;<\/span><\/strong><\/li><li>\u00a0<\/li><li><span style=\"color: #333333;\">\u00c9vacuer le stress<\/span><\/li><li><span style=\"color: #333333;\">All\u00e9ger la charge mentale<\/span><\/li><li><span style=\"color: #333333;\">Rel\u00e2cher la pression<\/span><\/li><li><span style=\"color: #333333;\">Am\u00e9liorer le sommeil <\/span><\/li><li><span style=\"color: #333333;\">Prendre du recul<\/span><\/li><li><span style=\"color: #333333;\">Se recentrer<\/span><\/li><li><span style=\"color: #333333;\">Retrouver le calme<\/span><\/li><li><span style=\"color: #333333;\">D\u00e9velopper la confiance en soi&#8230; <\/span><\/li><\/ul>\t\t\t\t\t\t\t\t<\/div>\n\t\t\t\t<\/div>\n\t\t\t\t\t<\/div>\n\t\t<\/div>\n\t\t\t\t\t<\/div>\n\t\t<\/section>\n\t\t\t\t<div class=\"elementor-element elementor-element-e63f8eb elementor-widget elementor-widget-spacer\" data-id=\"e63f8eb\" data-element_type=\"widget\" data-e-type=\"widget\" data-widget_type=\"spacer.default\">\n\t\t\t\t<div class=\"elementor-widget-container\">\n\t\t\t\t\t\t\t<div class=\"elementor-spacer\">\n\t\t\t<div class=\"elementor-spacer-inner\"><\/div>\n\t\t<\/div>\n\t\t\t\t\t\t<\/div>\n\t\t\t\t<\/div>\n\t\t\t\t\t<\/div>\n\t\t<\/div>\n\t\t\t\t<div class=\"elementor-column elementor-col-50 elementor-top-column elementor-element elementor-element-5c365133\" data-id=\"5c365133\" data-element_type=\"column\" data-e-type=\"column\">\n\t\t\t<div class=\"elementor-widget-wrap elementor-element-populated\">\n\t\t\t\t\t\t<div class=\"elementor-element elementor-element-5b365e9 elementor-view-default elementor-widget elementor-widget-icon\" data-id=\"5b365e9\" data-element_type=\"widget\" data-e-type=\"widget\" data-widget_type=\"icon.default\">\n\t\t\t\t<div class=\"elementor-widget-container\">\n\t\t\t\t\t\t\t<div class=\"elementor-icon-wrapper\">\n\t\t\t<div class=\"elementor-icon\">\n\t\t\t<i aria-hidden=\"true\" class=\"fas fa-users\"><\/i>\t\t\t<\/div>\n\t\t<\/div>\n\t\t\t\t\t\t<\/div>\n\t\t\t\t<\/div>\n\t\t\t\t<div class=\"elementor-element elementor-element-3ece585 elementor-widget elementor-widget-text-editor\" data-id=\"3ece585\" data-element_type=\"widget\" data-e-type=\"widget\" data-widget_type=\"text-editor.default\">\n\t\t\t\t<div class=\"elementor-widget-container\">\n\t\t\t\t\t\t\t\t\t<h6 style=\"text-align: center;\"><span style=\"color: #51702d;\"><strong>Tout public<\/strong><\/span><\/h6>\t\t\t\t\t\t\t\t<\/div>\n\t\t\t\t<\/div>\n\t\t\t\t<div class=\"elementor-element elementor-element-203fec2c elementor-view-default elementor-widget elementor-widget-icon\" data-id=\"203fec2c\" data-element_type=\"widget\" data-e-type=\"widget\" data-widget_type=\"icon.default\">\n\t\t\t\t<div class=\"elementor-widget-container\">\n\t\t\t\t\t\t\t<div class=\"elementor-icon-wrapper\">\n\t\t\t<div class=\"elementor-icon\">\n\t\t\t<i aria-hidden=\"true\" class=\"fas fa-euro-sign\"><\/i>\t\t\t<\/div>\n\t\t<\/div>\n\t\t\t\t\t\t<\/div>\n\t\t\t\t<\/div>\n\t\t\t\t<div class=\"elementor-element elementor-element-65418ef3 elementor-widget elementor-widget-text-editor\" data-id=\"65418ef3\" data-element_type=\"widget\" data-e-type=\"widget\" data-widget_type=\"text-editor.default\">\n\t\t\t\t<div class=\"elementor-widget-container\">\n\t\t\t\t\t\t\t\t\t<h6 style=\"text-align: center;\"><strong><span style=\"color: #51702d;\">17,00\/personne\u00a0\u00a0\u00a0\u00a0\u00a0\u00a0<\/span><\/strong><\/h6>\t\t\t\t\t\t\t\t<\/div>\n\t\t\t\t<\/div>\n\t\t\t\t<div class=\"elementor-element elementor-element-fb0684e elementor-view-default elementor-widget elementor-widget-icon\" data-id=\"fb0684e\" data-element_type=\"widget\" data-e-type=\"widget\" data-widget_type=\"icon.default\">\n\t\t\t\t<div class=\"elementor-widget-container\">\n\t\t\t\t\t\t\t<div class=\"elementor-icon-wrapper\">\n\t\t\t<div class=\"elementor-icon\">\n\t\t\t<i aria-hidden=\"true\" class=\"fab fa-weixin\"><\/i>\t\t\t<\/div>\n\t\t<\/div>\n\t\t\t\t\t\t<\/div>\n\t\t\t\t<\/div>\n\t\t\t\t<div class=\"elementor-element elementor-element-0d35851 elementor-widget elementor-widget-text-editor\" data-id=\"0d35851\" data-element_type=\"widget\" data-e-type=\"widget\" data-widget_type=\"text-editor.default\">\n\t\t\t\t<div class=\"elementor-widget-container\">\n\t\t\t\t\t\t\t\t\t<h6 style=\"text-align: center;\"><strong><span style=\"color: #51702d;\">6 personnes minimum \u00a0\u00a0\u00a0<\/span> <\/strong><\/h6>\t\t\t\t\t\t\t\t<\/div>\n\t\t\t\t<\/div>\n\t\t\t\t<div class=\"elementor-element elementor-element-68990d2c elementor-view-default elementor-widget elementor-widget-icon\" data-id=\"68990d2c\" data-element_type=\"widget\" data-e-type=\"widget\" data-widget_type=\"icon.default\">\n\t\t\t\t<div class=\"elementor-widget-container\">\n\t\t\t\t\t\t\t<div class=\"elementor-icon-wrapper\">\n\t\t\t<div class=\"elementor-icon\">\n\t\t\t<i aria-hidden=\"true\" class=\"far fa-hourglass\"><\/i>\t\t\t<\/div>\n\t\t<\/div>\n\t\t\t\t\t\t<\/div>\n\t\t\t\t<\/div>\n\t\t\t\t<div class=\"elementor-element elementor-element-863613b elementor-widget elementor-widget-text-editor\" data-id=\"863613b\" data-element_type=\"widget\" data-e-type=\"widget\" data-widget_type=\"text-editor.default\">\n\t\t\t\t<div class=\"elementor-widget-container\">\n\t\t\t\t\t\t\t\t\t<h6 style=\"text-align: center;\"><strong><span style=\"color: #b39465;\">1 heure<\/span><\/strong><\/h6>\t\t\t\t\t\t\t\t<\/div>\n\t\t\t\t<\/div>\n\t\t\t\t<div class=\"elementor-element elementor-element-29ef4192 elementor-view-default elementor-widget elementor-widget-icon\" data-id=\"29ef4192\" data-element_type=\"widget\" data-e-type=\"widget\" data-widget_type=\"icon.default\">\n\t\t\t\t<div class=\"elementor-widget-container\">\n\t\t\t\t\t\t\t<div class=\"elementor-icon-wrapper\">\n\t\t\t<div class=\"elementor-icon\">\n\t\t\t<i aria-hidden=\"true\" class=\"fas fa-store-alt\"><\/i>\t\t\t<\/div>\n\t\t<\/div>\n\t\t\t\t\t\t<\/div>\n\t\t\t\t<\/div>\n\t\t\t\t<div class=\"elementor-element elementor-element-1b0b5fb0 elementor-widget elementor-widget-text-editor\" data-id=\"1b0b5fb0\" data-element_type=\"widget\" data-e-type=\"widget\" data-widget_type=\"text-editor.default\">\n\t\t\t\t<div class=\"elementor-widget-container\">\n\t\t\t\t\t\t\t\t\t<h6 style=\"text-align: center;\"><span style=\"color: #51702d;\"><strong>Cabinet ou sur site<\/strong><\/span><\/h6>\t\t\t\t\t\t\t\t<\/div>\n\t\t\t\t<\/div>\n\t\t\t\t<div class=\"elementor-element elementor-element-e74bd26 elementor-view-default elementor-widget elementor-widget-icon\" data-id=\"e74bd26\" data-element_type=\"widget\" data-e-type=\"widget\" data-widget_type=\"icon.default\">\n\t\t\t\t<div class=\"elementor-widget-container\">\n\t\t\t\t\t\t\t<div class=\"elementor-icon-wrapper\">\n\t\t\t<div class=\"elementor-icon\">\n\t\t\t<i aria-hidden=\"true\" class=\"fas fa-thumbtack\"><\/i>\t\t\t<\/div>\n\t\t<\/div>\n\t\t\t\t\t\t<\/div>\n\t\t\t\t<\/div>\n\t\t\t\t<div class=\"elementor-element elementor-element-d294dd0 elementor-widget elementor-widget-text-editor\" data-id=\"d294dd0\" data-element_type=\"widget\" data-e-type=\"widget\" data-widget_type=\"text-editor.default\">\n\t\t\t\t<div class=\"elementor-widget-container\">\n\t\t\t\t\t\t\t\t\t<h6 style=\"text-align: center;\"><span style=\"color: #b39465;\"><strong>Pour votre confort, pr\u00e9voir une tenue confortable et selon la saison, un plaid, une bouteille d&rsquo;eau&#8230;<\/strong><\/span><\/h6>\t\t\t\t\t\t\t\t<\/div>\n\t\t\t\t<\/div>\n\t\t\t\t<div class=\"elementor-element elementor-element-cfb9660 elementor-align-center elementor-widget elementor-widget-button\" data-id=\"cfb9660\" data-element_type=\"widget\" data-e-type=\"widget\" data-widget_type=\"button.default\">\n\t\t\t\t<div class=\"elementor-widget-container\">\n\t\t\t\t\t\t\t\t\t<div class=\"elementor-button-wrapper\">\n\t\t\t\t\t<a class=\"elementor-button elementor-button-link elementor-size-sm\" href=\"https:\/\/claudinevedere.com\/index.php\/contacts\/\" target=\"_blank\">\n\t\t\t\t\t\t<span class=\"elementor-button-content-wrapper\">\n\t\t\t\t\t\t\t\t\t<span class=\"elementor-button-text\">Prendre RV<\/span>\n\t\t\t\t\t<\/span>\n\t\t\t\t\t<\/a>\n\t\t\t\t<\/div>\n\t\t\t\t\t\t\t\t<\/div>\n\t\t\t\t<\/div>\n\t\t\t\t\t<\/div>\n\t\t<\/div>\n\t\t\t\t\t<\/div>\n\t\t<\/section>\n\t\t\t\t<\/div>\n\t\t","protected":false},"excerpt":{"rendered":"<p>La sophrologie en groupe, un programme pour ne plus subir le stress&#8230; Chaque s\u00e9ance est construite autour de th\u00e8mes g\u00e9n\u00e9raux. Je personnalise\u00a0 les exercices en fonction du th\u00e8me abord\u00e9. La sophrologie en groupe am\u00e9liore de fa\u00e7on globale la d\u00e9tente et<\/p>\n","protected":false},"author":1,"featured_media":0,"parent":0,"menu_order":0,"comment_status":"closed","ping_status":"closed","template":"","meta":{"_monsterinsights_skip_tracking":false,"_monsterinsights_sitenote_active":false,"_monsterinsights_sitenote_note":"","_monsterinsights_sitenote_category":0,"advanced_seo_description":"","jetpack_seo_html_title":"","jetpack_seo_noindex":false,"footnotes":""},"class_list":["post-536","page","type-page","status-publish","hentry"],"jetpack_sharing_enabled":true,"_links":{"self":[{"href":"https:\/\/claudinevedere.com\/index.php\/wp-json\/wp\/v2\/pages\/536","targetHints":{"allow":["GET"]}}],"collection":[{"href":"https:\/\/claudinevedere.com\/index.php\/wp-json\/wp\/v2\/pages"}],"about":[{"href":"https:\/\/claudinevedere.com\/index.php\/wp-json\/wp\/v2\/types\/page"}],"author":[{"embeddable":true,"href":"https:\/\/claudinevedere.com\/index.php\/wp-json\/wp\/v2\/users\/1"}],"replies":[{"embeddable":true,"href":"https:\/\/claudinevedere.com\/index.php\/wp-json\/wp\/v2\/comments?post=536"}],"version-history":[{"count":0,"href":"https:\/\/claudinevedere.com\/index.php\/wp-json\/wp\/v2\/pages\/536\/revisions"}],"wp:attachment":[{"href":"https:\/\/claudinevedere.com\/index.php\/wp-json\/wp\/v2\/media?parent=536"}],"curies":[{"name":"wp","href":"https:\/\/api.w.org\/{rel}","templated":true}]}}