{"id":799,"date":"2021-09-04T00:16:58","date_gmt":"2021-09-03T22:16:58","guid":{"rendered":"https:\/\/claudinevedere.com\/?page_id=799"},"modified":"2026-01-20T23:02:47","modified_gmt":"2026-01-20T22:02:47","slug":"les-contre-indications-aux-massages-de-relaxation","status":"publish","type":"page","link":"https:\/\/claudinevedere.com\/index.php\/les-contre-indications-aux-massages-de-relaxation\/","title":{"rendered":"Les contre-indications aux massages de relaxation"},"content":{"rendered":"\t\t<div data-elementor-type=\"wp-page\" data-elementor-id=\"799\" class=\"elementor elementor-799\">\n\t\t\t\t\t\t<section class=\"elementor-section elementor-top-section elementor-element elementor-element-0b906d2 elementor-section-boxed elementor-section-height-default elementor-section-height-default\" data-id=\"0b906d2\" data-element_type=\"section\" data-e-type=\"section\">\n\t\t\t\t\t\t<div class=\"elementor-container elementor-column-gap-default\">\n\t\t\t\t\t<div class=\"elementor-column elementor-col-100 elementor-top-column elementor-element elementor-element-f19f986\" data-id=\"f19f986\" data-element_type=\"column\" data-e-type=\"column\">\n\t\t\t<div class=\"elementor-widget-wrap elementor-element-populated\">\n\t\t\t\t\t\t<div class=\"elementor-element elementor-element-76f87d0 elementor-widget elementor-widget-image\" data-id=\"76f87d0\" data-element_type=\"widget\" data-e-type=\"widget\" data-widget_type=\"image.default\">\n\t\t\t\t<div class=\"elementor-widget-container\">\n\t\t\t\t\t\t\t\t\t\t\t\t\t\t\t<img fetchpriority=\"high\" decoding=\"async\" width=\"2000\" height=\"275\" src=\"https:\/\/claudinevedere.com\/wp-content\/uploads\/2021\/11\/19-1.png\" class=\"attachment-full size-full wp-image-3114\" alt=\"\" srcset=\"https:\/\/claudinevedere.com\/wp-content\/uploads\/2021\/11\/19-1.png 2000w, https:\/\/claudinevedere.com\/wp-content\/uploads\/2021\/11\/19-1-300x41.png 300w, https:\/\/claudinevedere.com\/wp-content\/uploads\/2021\/11\/19-1-1024x141.png 1024w, https:\/\/claudinevedere.com\/wp-content\/uploads\/2021\/11\/19-1-768x106.png 768w, https:\/\/claudinevedere.com\/wp-content\/uploads\/2021\/11\/19-1-1536x211.png 1536w, https:\/\/claudinevedere.com\/wp-content\/uploads\/2021\/11\/19-1-600x83.png 600w\" sizes=\"(max-width: 2000px) 100vw, 2000px\" \/>\t\t\t\t\t\t\t\t\t\t\t\t\t\t\t<\/div>\n\t\t\t\t<\/div>\n\t\t\t\t\t<\/div>\n\t\t<\/div>\n\t\t\t\t\t<\/div>\n\t\t<\/section>\n\t\t\t\t<section class=\"elementor-section elementor-top-section elementor-element elementor-element-9e3d2ca elementor-section-boxed elementor-section-height-default elementor-section-height-default\" data-id=\"9e3d2ca\" data-element_type=\"section\" data-e-type=\"section\">\n\t\t\t\t\t\t<div class=\"elementor-container elementor-column-gap-default\">\n\t\t\t\t\t<div class=\"elementor-column elementor-col-100 elementor-top-column elementor-element elementor-element-2aa6934\" data-id=\"2aa6934\" data-element_type=\"column\" data-e-type=\"column\">\n\t\t\t<div class=\"elementor-widget-wrap elementor-element-populated\">\n\t\t\t\t\t\t<div class=\"elementor-element elementor-element-dab764f elementor-widget elementor-widget-text-editor\" data-id=\"dab764f\" data-element_type=\"widget\" data-e-type=\"widget\" data-widget_type=\"text-editor.default\">\n\t\t\t\t<div class=\"elementor-widget-container\">\n\t\t\t\t\t\t\t\t\t<h6 style=\"text-align: center;\"><span style=\"color: #333333;\"><span style=\"color: #ff0000;\"><strong>Les pr\u00e9cautions \u00e0 prendre pour votre s\u00e9curit\u00e9<\/strong><\/span><br \/><\/span><\/h6><p><span style=\"color: #000000;\">Le massage de relaxation, bien qu\u2019accessible \u00e0 la majorit\u00e9 des personnes, n\u00e9cessite une vigilance accrue en raison de certaines contre-indications li\u00e9es \u00e0 des pathologies sp\u00e9cifiques.<br \/>Ces pr\u00e9cautions visent \u00e0 \u00e9viter tout risque pour la sant\u00e9, en tenant compte des troubles cardiovasculaires, cutan\u00e9s ou infectieux qui pourraient \u00eatre aggrav\u00e9s par une technique de relaxation.<br \/>Si n\u00e9cessaire, un avis m\u00e9dical permettra d\u2019adapter la s\u00e9ance ou de la reporter pour garantir votre s\u00e9curit\u00e9.\u00a0<br \/>Cette approche responsable assure un moment de d\u00e9tente serein et sans danger. Si nous avons un doute concernant un \u00e9tat pathologique, nous demanderons \u00e0 votre m\u00e9decin un certificat de non contre-indications aux massages de relaxation. Cette liste ci-dessous n&rsquo;est pas exhaustive.\u00a0<\/span><\/p>\t\t\t\t\t\t\t\t<\/div>\n\t\t\t\t<\/div>\n\t\t\t\t\t<\/div>\n\t\t<\/div>\n\t\t\t\t\t<\/div>\n\t\t<\/section>\n\t\t\t\t<section class=\"elementor-section elementor-top-section elementor-element elementor-element-615cac1 elementor-section-boxed elementor-section-height-default elementor-section-height-default\" data-id=\"615cac1\" data-element_type=\"section\" data-e-type=\"section\">\n\t\t\t\t\t\t<div class=\"elementor-container elementor-column-gap-default\">\n\t\t\t\t\t<div class=\"elementor-column elementor-col-50 elementor-top-column elementor-element elementor-element-51e4dfe\" data-id=\"51e4dfe\" data-element_type=\"column\" data-e-type=\"column\">\n\t\t\t<div class=\"elementor-widget-wrap elementor-element-populated\">\n\t\t\t\t\t\t<div class=\"elementor-element elementor-element-7aeccab elementor-widget__width-initial elementor-widget elementor-widget-image\" data-id=\"7aeccab\" data-element_type=\"widget\" data-e-type=\"widget\" data-widget_type=\"image.default\">\n\t\t\t\t<div class=\"elementor-widget-container\">\n\t\t\t\t\t\t\t\t\t\t\t\t\t\t\t<img decoding=\"async\" width=\"300\" height=\"300\" src=\"https:\/\/claudinevedere.com\/wp-content\/uploads\/2021\/11\/15-2-300x300.png\" class=\"attachment-medium size-medium wp-image-3134\" alt=\"\" srcset=\"https:\/\/claudinevedere.com\/wp-content\/uploads\/2021\/11\/15-2-300x300.png 300w, https:\/\/claudinevedere.com\/wp-content\/uploads\/2021\/11\/15-2-1024x1024.png 1024w, https:\/\/claudinevedere.com\/wp-content\/uploads\/2021\/11\/15-2-150x150.png 150w, https:\/\/claudinevedere.com\/wp-content\/uploads\/2021\/11\/15-2-768x768.png 768w, https:\/\/claudinevedere.com\/wp-content\/uploads\/2021\/11\/15-2-230x230.png 230w, https:\/\/claudinevedere.com\/wp-content\/uploads\/2021\/11\/15-2-365x365.png 365w, https:\/\/claudinevedere.com\/wp-content\/uploads\/2021\/11\/15-2-600x600.png 600w, https:\/\/claudinevedere.com\/wp-content\/uploads\/2021\/11\/15-2-100x100.png 100w, https:\/\/claudinevedere.com\/wp-content\/uploads\/2021\/11\/15-2.png 1080w\" sizes=\"(max-width: 300px) 100vw, 300px\" \/>\t\t\t\t\t\t\t\t\t\t\t\t\t\t\t<\/div>\n\t\t\t\t<\/div>\n\t\t\t\t\t<\/div>\n\t\t<\/div>\n\t\t\t\t<div class=\"elementor-column elementor-col-50 elementor-top-column elementor-element elementor-element-d700893\" data-id=\"d700893\" data-element_type=\"column\" data-e-type=\"column\">\n\t\t\t<div class=\"elementor-widget-wrap elementor-element-populated\">\n\t\t\t\t\t\t<div class=\"elementor-element elementor-element-fdcd672 elementor-widget elementor-widget-text-editor\" data-id=\"fdcd672\" data-element_type=\"widget\" data-e-type=\"widget\" data-widget_type=\"text-editor.default\">\n\t\t\t\t<div class=\"elementor-widget-container\">\n\t\t\t\t\t\t\t\t\t<ul><li><span style=\"color: #333333;\"><strong><span style=\"color: #7baad6;\">Inflammations de la peau :<\/span><\/strong> dermatose, \u00e9ruption ou infection cutan\u00e9e, tum\u00e9faction, ecchymose, br\u00fblure, plaie ouverte, cicatrice r\u00e9cente, coupure, psoriasis, zona\u2026<\/span><\/li><li><span style=\"color: #333333;\">\u00a0<\/span><\/li><li><span style=\"color: #333333;\"><strong><span style=\"color: #7baad6;\">Inflammations des articulations :<\/span><\/strong> entorse, d\u00e9chirure musculaire ou ligamentaire, fracture tisseuse<\/span><\/li><li><span style=\"color: #333333;\">\u00a0<\/span><\/li><li><span style=\"color: #333333;\"><strong><span style=\"color: #7baad6;\">Maladies relatives aux os et squelette :<\/span><\/strong> ost\u00e9oporose, spondylite<\/span><\/li><li><span style=\"color: #333333;\">\u00a0<\/span><\/li><li><span style=\"color: #333333;\"><span style=\"color: #7baad6;\"><strong>Intervention chirurgicale r\u00e9cente :<\/strong><\/span> moins de 6 \u00e0 9 mois<\/span><\/li><li><span style=\"color: #333333;\">\u00a0<\/span><\/li><li><span style=\"color: #333333;\"><strong><span style=\"color: #7baad6;\">Maladies infectieuses :<\/span> <\/strong>bact\u00e9rienne ou virale, forte fi\u00e8vre<\/span><\/li><li><span style=\"color: #333333;\">\u00a0<\/span><\/li><li><strong><span style=\"color: #7baad6;\">Naus\u00e9es, vomissements, douleurs abdominales<\/span><\/strong><\/li><li><span style=\"color: #333333;\">\u00a0<\/span><\/li><li><span style=\"color: #333333;\"><strong><span style=\"color: #7baad6;\">Probl\u00e8mes cardiaques :<\/span> <\/strong>art\u00e9rioscl\u00e9rose, hypertension, pace-maker\u2026<\/span><\/li><li><span style=\"color: #333333;\">\u00a0<\/span><\/li><li><span style=\"color: #333333;\"><strong><span style=\"color: #7baad6;\">Troubles circulatoires :<\/span> <\/strong>phl\u00e9bite, thrombose, varice, lymphangite<\/span><\/li><\/ul>\t\t\t\t\t\t\t\t<\/div>\n\t\t\t\t<\/div>\n\t\t\t\t\t<\/div>\n\t\t<\/div>\n\t\t\t\t\t<\/div>\n\t\t<\/section>\n\t\t\t\t<section class=\"elementor-section elementor-top-section elementor-element elementor-element-3ae4f95 elementor-section-boxed elementor-section-height-default elementor-section-height-default\" data-id=\"3ae4f95\" data-element_type=\"section\" data-e-type=\"section\">\n\t\t\t\t\t\t<div class=\"elementor-container elementor-column-gap-default\">\n\t\t\t\t\t<div class=\"elementor-column elementor-col-100 elementor-top-column elementor-element elementor-element-ddbc0da\" data-id=\"ddbc0da\" data-element_type=\"column\" data-e-type=\"column\">\n\t\t\t<div class=\"elementor-widget-wrap elementor-element-populated\">\n\t\t\t\t\t\t<div class=\"elementor-element elementor-element-98ab3f1 elementor-widget elementor-widget-text-editor\" data-id=\"98ab3f1\" data-element_type=\"widget\" data-e-type=\"widget\" data-widget_type=\"text-editor.default\">\n\t\t\t\t<div class=\"elementor-widget-container\">\n\t\t\t\t\t\t\t\t\t<h6><span style=\"color: #ff0000;\"><strong>Un avis m\u00e9dical est requis pour tout type de cancer ou tumeur (fibrome\u2026). Nous vous recommandons apr\u00e8s toute s\u00e9ance de relaxation de prendre le temps de retrouver votre tonus musculaire et votre vigilance. <\/strong><strong>Toutes les contre-indications \u00e9crites ci-dessus valent pour les futures mamans, toutefois il est n\u00e9cessaire d&rsquo;y ajouter les suivantes :\u00a0\u00a0<\/strong><\/span><\/h6>\t\t\t\t\t\t\t\t<\/div>\n\t\t\t\t<\/div>\n\t\t\t\t\t<\/div>\n\t\t<\/div>\n\t\t\t\t\t<\/div>\n\t\t<\/section>\n\t\t\t\t<section class=\"elementor-section elementor-top-section elementor-element elementor-element-cbf6bc7 elementor-section-boxed elementor-section-height-default elementor-section-height-default\" data-id=\"cbf6bc7\" data-element_type=\"section\" data-e-type=\"section\">\n\t\t\t\t\t\t<div class=\"elementor-container elementor-column-gap-default\">\n\t\t\t\t\t<div class=\"elementor-column elementor-col-33 elementor-top-column elementor-element elementor-element-96b506f\" data-id=\"96b506f\" data-element_type=\"column\" data-e-type=\"column\">\n\t\t\t<div class=\"elementor-widget-wrap elementor-element-populated\">\n\t\t\t\t\t\t<div class=\"elementor-element elementor-element-70096dc elementor-widget__width-initial elementor-widget elementor-widget-image\" data-id=\"70096dc\" data-element_type=\"widget\" data-e-type=\"widget\" data-widget_type=\"image.default\">\n\t\t\t\t<div class=\"elementor-widget-container\">\n\t\t\t\t\t\t\t\t\t\t\t\t\t\t\t<img decoding=\"async\" width=\"300\" height=\"300\" src=\"https:\/\/claudinevedere.com\/wp-content\/uploads\/2021\/11\/16-2-300x300.png\" class=\"attachment-medium size-medium wp-image-3135\" alt=\"\" srcset=\"https:\/\/claudinevedere.com\/wp-content\/uploads\/2021\/11\/16-2-300x300.png 300w, https:\/\/claudinevedere.com\/wp-content\/uploads\/2021\/11\/16-2-1024x1024.png 1024w, https:\/\/claudinevedere.com\/wp-content\/uploads\/2021\/11\/16-2-150x150.png 150w, https:\/\/claudinevedere.com\/wp-content\/uploads\/2021\/11\/16-2-768x768.png 768w, https:\/\/claudinevedere.com\/wp-content\/uploads\/2021\/11\/16-2-230x230.png 230w, https:\/\/claudinevedere.com\/wp-content\/uploads\/2021\/11\/16-2-365x365.png 365w, https:\/\/claudinevedere.com\/wp-content\/uploads\/2021\/11\/16-2-600x600.png 600w, https:\/\/claudinevedere.com\/wp-content\/uploads\/2021\/11\/16-2-100x100.png 100w, https:\/\/claudinevedere.com\/wp-content\/uploads\/2021\/11\/16-2.png 1080w\" sizes=\"(max-width: 300px) 100vw, 300px\" \/>\t\t\t\t\t\t\t\t\t\t\t\t\t\t\t<\/div>\n\t\t\t\t<\/div>\n\t\t\t\t\t<\/div>\n\t\t<\/div>\n\t\t\t\t<div class=\"elementor-column elementor-col-33 elementor-top-column elementor-element elementor-element-e797692\" data-id=\"e797692\" data-element_type=\"column\" data-e-type=\"column\">\n\t\t\t<div class=\"elementor-widget-wrap elementor-element-populated\">\n\t\t\t\t\t\t<div class=\"elementor-element elementor-element-2ceb061 elementor-widget__width-initial elementor-widget elementor-widget-text-editor\" data-id=\"2ceb061\" data-element_type=\"widget\" data-e-type=\"widget\" data-widget_type=\"text-editor.default\">\n\t\t\t\t<div class=\"elementor-widget-container\">\n\t\t\t\t\t\t\t\t\t<ul><li><span style=\"color: #000000;\">Les grossesses \u00e0 risque : (pathologiques)<\/span><ul><li><span style=\"color: #333333;\">Au-del\u00e0 de 40 ans<\/span><\/li><li><span style=\"color: #333333;\">Quand la grossesse pr\u00e9c\u00e9dente a \u00e9t\u00e9 difficile ou une grossesse multiple<\/span><\/li><li><span style=\"color: #333333;\">Etre enceinte avec une maladie chronique<\/span><\/li><li><span style=\"color: #333333;\">Plusieurs fausses couches pr\u00e9c\u00e9demment<\/span><\/li><li><span style=\"color: #333333;\">La maman a d\u00e9j\u00e0 donn\u00e9 naissance \u00e0 des enfants pr\u00e9matur\u00e9s<\/span><\/li><\/ul><\/li><li><span style=\"color: #333333;\">Les 3 premiers mois de grossesse<\/span><\/li><li><span style=\"color: #333333;\">Diab\u00e8te gestationnel<\/span><\/li><li><span style=\"color: #333333;\">Tox\u00e9mie gravidique<\/span><\/li><li><span style=\"color: #333333;\">Infection cutan\u00e9e<\/span><\/li><li><span style=\"color: #333333;\">Fi\u00e8vre ou frissons<\/span><\/li><li><span style=\"color: #333333;\">\u00c9pilepsie<\/span><\/li><li><span style=\"color: #333333;\">\u0152d\u00e8me important, un gonflement soudain ou extr\u00eame du visage ou des doigts<\/span><\/li><li><span style=\"color: #333333;\">\u00c9tourdissements fr\u00e9quents<\/span><\/li><li><span style=\"color: #333333;\">Vision floue ou brouill\u00e9e<\/span><\/li><li><span style=\"color: #333333;\">Maladie cardio-vasculaire<\/span><\/li><li><span style=\"color: #333333;\">Colite ulc\u00e9reuse<\/span><\/li><li><span style=\"color: #333333;\">D\u00e9mangeaisons importantes<\/span><\/li><li><span style=\"color: #333333;\">Jambes tr\u00e8s douloureuses, enflures, rougeurs localis\u00e9es<\/span><\/li><li><span style=\"color: #333333;\">Massage des jambes aux femmes alit\u00e9es \u00e0 cause des phl\u00e9bites<\/span><\/li><li><span style=\"color: #333333;\">Naus\u00e9es et vomissements qui persistent<\/span><\/li><li>\u00a0<\/li><\/ul>\t\t\t\t\t\t\t\t<\/div>\n\t\t\t\t<\/div>\n\t\t\t\t\t<\/div>\n\t\t<\/div>\n\t\t\t\t<div class=\"elementor-column elementor-col-33 elementor-top-column elementor-element elementor-element-1e41815\" data-id=\"1e41815\" data-element_type=\"column\" data-e-type=\"column\">\n\t\t\t<div class=\"elementor-widget-wrap\">\n\t\t\t\t\t\t\t<\/div>\n\t\t<\/div>\n\t\t\t\t\t<\/div>\n\t\t<\/section>\n\t\t\t\t<\/div>\n\t\t","protected":false},"excerpt":{"rendered":"<p>Les pr\u00e9cautions \u00e0 prendre pour votre s\u00e9curit\u00e9 Le massage de relaxation, bien qu\u2019accessible \u00e0 la majorit\u00e9 des personnes, n\u00e9cessite une vigilance accrue en raison de certaines contre-indications li\u00e9es \u00e0 des pathologies sp\u00e9cifiques.Ces pr\u00e9cautions visent \u00e0 \u00e9viter tout risque pour la<\/p>\n","protected":false},"author":1,"featured_media":0,"parent":0,"menu_order":0,"comment_status":"closed","ping_status":"closed","template":"","meta":{"_monsterinsights_skip_tracking":false,"_monsterinsights_sitenote_active":false,"_monsterinsights_sitenote_note":"","_monsterinsights_sitenote_category":0,"advanced_seo_description":"","jetpack_seo_html_title":"","jetpack_seo_noindex":false,"footnotes":""},"class_list":["post-799","page","type-page","status-publish","hentry"],"jetpack_sharing_enabled":true,"_links":{"self":[{"href":"https:\/\/claudinevedere.com\/index.php\/wp-json\/wp\/v2\/pages\/799","targetHints":{"allow":["GET"]}}],"collection":[{"href":"https:\/\/claudinevedere.com\/index.php\/wp-json\/wp\/v2\/pages"}],"about":[{"href":"https:\/\/claudinevedere.com\/index.php\/wp-json\/wp\/v2\/types\/page"}],"author":[{"embeddable":true,"href":"https:\/\/claudinevedere.com\/index.php\/wp-json\/wp\/v2\/users\/1"}],"replies":[{"embeddable":true,"href":"https:\/\/claudinevedere.com\/index.php\/wp-json\/wp\/v2\/comments?post=799"}],"version-history":[{"count":0,"href":"https:\/\/claudinevedere.com\/index.php\/wp-json\/wp\/v2\/pages\/799\/revisions"}],"wp:attachment":[{"href":"https:\/\/claudinevedere.com\/index.php\/wp-json\/wp\/v2\/media?parent=799"}],"curies":[{"name":"wp","href":"https:\/\/api.w.org\/{rel}","templated":true}]}}